{"id":296,"date":"2024-05-29T19:58:00","date_gmt":"2024-05-29T19:58:00","guid":{"rendered":"https:\/\/sites.msudenver.edu\/familyandsupport1010\/?page_id=296"},"modified":"2024-06-12T20:19:35","modified_gmt":"2024-06-12T20:19:35","slug":"tipos-de-titulos","status":"publish","type":"page","link":"https:\/\/sites.msudenver.edu\/familyandsupport1010\/modulo-1\/tipos-de-titulos\/","title":{"rendered":"Tipos de t\u00edtulos"},"content":{"rendered":"\n<figure class=\"wp-block-image size-large\"><img loading=\"lazy\" decoding=\"async\" width=\"1024\" height=\"297\" src=\"http:\/\/sites.msudenver.edu\/familyandsupport1010\/wp-content\/uploads\/sites\/491\/2024\/05\/Allen-Rosemarie_02142023_AM-7-1024x297.jpg\" alt=\"\" class=\"wp-image-185\" srcset=\"https:\/\/sites.msudenver.edu\/familyandsupport1010\/wp-content\/uploads\/sites\/491\/2024\/05\/Allen-Rosemarie_02142023_AM-7-1024x297.jpg 1024w, https:\/\/sites.msudenver.edu\/familyandsupport1010\/wp-content\/uploads\/sites\/491\/2024\/05\/Allen-Rosemarie_02142023_AM-7-300x87.jpg 300w, https:\/\/sites.msudenver.edu\/familyandsupport1010\/wp-content\/uploads\/sites\/491\/2024\/05\/Allen-Rosemarie_02142023_AM-7-768x223.jpg 768w, https:\/\/sites.msudenver.edu\/familyandsupport1010\/wp-content\/uploads\/sites\/491\/2024\/05\/Allen-Rosemarie_02142023_AM-7-1536x446.jpg 1536w, https:\/\/sites.msudenver.edu\/familyandsupport1010\/wp-content\/uploads\/sites\/491\/2024\/05\/Allen-Rosemarie_02142023_AM-7-2048x594.jpg 2048w, https:\/\/sites.msudenver.edu\/familyandsupport1010\/wp-content\/uploads\/sites\/491\/2024\/05\/Allen-Rosemarie_02142023_AM-7-1200x348.jpg 1200w, https:\/\/sites.msudenver.edu\/familyandsupport1010\/wp-content\/uploads\/sites\/491\/2024\/05\/Allen-Rosemarie_02142023_AM-7-1980x575.jpg 1980w\" sizes=\"auto, (max-width: 1024px) 100vw, 1024px\" \/><\/figure>\n\n\n\n<p>Generalmente, los t\u00edtulos universitarios se clasifican en cinco tipos principales: vocacionales, de asociado, de licenciatura, de maestr\u00eda y de doctorado. Cada nivel de titulaci\u00f3n dota a los estudiantes de habilidades y conocimientos espec\u00edficos, y los prepara para ejercer distintas carreras profesionales. A medida que el nivel de titulaci\u00f3n aumenta, por lo general, de asociado a doctorado, la profundidad de los estudios se intensifica.<\/p>\n\n\n\n<h2 class=\"wp-block-heading\"><strong>T\u00edtulo vocacional<\/strong><\/h2>\n\n\n\n<p>Los t\u00edtulos vocacionales, que tambi\u00e9n se conocen como tecnicaturas o educaci\u00f3n t\u00e9cnica, son programas especializados que dotan a las personas con las habilidades y los conocimientos necesarios para trabajar en carreras espec\u00edficas. Estos t\u00edtulos se centran en la capacitaci\u00f3n pr\u00e1ctica y completarlos generalmente lleva menos tiempo que los programas de grado tradicionales, con lo cual prepara a los estudiantes para tareas del mundo real.<\/p>\n\n\n\n<ul class=\"wp-block-list\">\n<li>Las certificaciones que ofrecen capacitaci\u00f3n especializada preparan a las personas para trabajos en \u00e1reas de oficios espec\u00edficos.<\/li>\n\n\n\n<li>Es menos probable que las clases puedan transferirse a un t\u00edtulo de licenciatura.<\/li>\n\n\n\n<li>Duraci\u00f3n: 1-2 a\u00f1os<\/li>\n\n\n\n<li>Ejemplos de programas: carpinter\u00eda, plomer\u00eda, cosmetolog\u00eda<\/li>\n\n\n\n<li>Ejemplos de instituciones de educaci\u00f3n superior: Emily Griffith o Pickens Technical College<\/li>\n<\/ul>\n\n\n\n<h2 class=\"wp-block-heading\"><strong>T\u00edtulo de asociado<\/strong><\/h2>\n\n\n\n<p>Un t\u00edtulo de asociado es un t\u00edtulo de grado que se confiere luego de cursar estudios posteriores a la ense\u00f1anza secundaria (despu\u00e9s de finalizar la preparatoria) y duran de dos a tres a\u00f1os, con lo cual el t\u00edtulo da un nivel de calificaci\u00f3n acad\u00e9mica superior al de un diploma de preparatoria e inferior a una licenciatura. Estos t\u00edtulos, que pueden obtenerse en universidades comunitarias, institutos superiores, universidades en l\u00ednea o algunas instituciones de ense\u00f1anza superior de cuatro a\u00f1os, ofrecen una opci\u00f3n pr\u00e1ctica para los estudiantes que deseen dar iniciar r\u00e1pido sus carreras o encaminarse para continuar los estudios de un t\u00edtulo de cuatro a\u00f1os.<\/p>\n\n\n\n<ul class=\"wp-block-list\">\n<li>Generalmente, de una universidad comunitaria o un instituto superior se obtiene una calificaci\u00f3n acad\u00e9mica de grado de dos a\u00f1os, que aporta conocimientos b\u00e1sicos en un campo de estudio espec\u00edfico.<\/li>\n\n\n\n<li>Duraci\u00f3n: 60 cr\u00e9ditos<\/li>\n\n\n\n<li>Ejemplos de programas: empresarial, ingenier\u00eda y psicolog\u00eda<\/li>\n\n\n\n<li>Ejemplos de instituciones de educaci\u00f3n superior: Universidad Comunitaria de Denver, Universidad Comunitaria de Aurora<\/li>\n<\/ul>\n\n\n\n<h2 class=\"wp-block-heading\"><strong>Licenciatura<\/strong><\/h2>\n\n\n\n<p>Una licenciatura (<em>bachellor\u2019s degree<\/em>) es t\u00edtulo de grado que otorgan las instituciones de ense\u00f1anza superior y universidades luego de cursar estudios de tres a seis a\u00f1os de duraci\u00f3n, seg\u00fan la instituci\u00f3n y disciplina acad\u00e9mica. Estas titulaciones, que son las que m\u00e1s com\u00fanmente obtienen los estudiantes de los Estados Unidos, aportan una educaci\u00f3n integral en un campo de estudio espec\u00edfico y, a menudo, constituyen un requisito previo para poder continuar estudios y carreras profesionales.<\/p>\n\n\n\n<ul class=\"wp-block-list\">\n<li>Una calificaci\u00f3n acad\u00e9mica de grado de cuatro a\u00f1os que se haya obtenido en una instituci\u00f3n de ense\u00f1anza superior o una universidad significa haber terminado un programa de estudios integral en un campo espec\u00edfico.<\/li>\n\n\n\n<li>Duraci\u00f3n: 120 cr\u00e9ditos o m\u00e1s<\/li>\n\n\n\n<li>Ejemplos de programas: empresarial, ingenier\u00eda y psicolog\u00eda<\/li>\n\n\n\n<li>Ejemplos de universidades: Metropolitan State University of Denver, Universidad de Colorado en Denver<\/li>\n<\/ul>\n\n\n\n<h2 class=\"wp-block-heading\"><strong>T\u00edtulos de maestr\u00eda y doctorado<\/strong><\/h2>\n\n\n\n<p>Un t\u00edtulo de maestr\u00eda es un t\u00edtulo acad\u00e9mico de posgrado (despu\u00e9s de una licenciatura) otorgado por universidades o institutos de ense\u00f1anza superior luego de cursar estudios completos que demuestren dominio en un campo de estudio espec\u00edfico o \u00e1rea de pr\u00e1ctica profesional. Un t\u00edtulo de doctorado, que suele considerarse el m\u00e1s alto que una persona puede obtener en un campo dado, tambi\u00e9n es un t\u00edtulo acad\u00e9mico de posgrado, por lo general, despu\u00e9s de una maestr\u00eda. Habitualmente, se confiere luego de cursar varios a\u00f1os de posgrado y, en general, requiere una disertaci\u00f3n (un trabajo acad\u00e9mico extenso sobre la base de una investigaci\u00f3n original).<\/p>\n\n\n\n<ul class=\"wp-block-list\">\n<li>Un t\u00edtulo de maestr\u00eda es una calificaci\u00f3n acad\u00e9mica de posgrado que, por lo general, requiere de uno a dos a\u00f1os de estudios luego de una licenciatura.<\/li>\n\n\n\n<li>Un doctorado (PhD, EdD, etc.) es el t\u00edtulo acad\u00e9mico m\u00e1s alto que requiere una investigaci\u00f3n original y completar una disertaci\u00f3n, que suele tomar varios a\u00f1os m\u00e1s luego de una maestr\u00eda.<\/li>\n<\/ul>\n\n\n\n<p>Ahora que conocemos los tipos de titulaci\u00f3n, veamos a continuaci\u00f3n el valor que estos tienen.<\/p>\n\n\n<div>\n\t<div class=\"su-note\"  style=\"border-color:#dadadd;border-radius:3px;-moz-border-radius:3px;-webkit-border-radius:3px;\"><div class=\"su-note-inner su-u-clearfix su-u-trim\" style=\"background-color:#f4f4f7;border-color:#ffffff;color:#333333;border-radius:3px;-moz-border-radius:3px;-webkit-border-radius:3px;\">\n<h2>Verificaci\u00f3n de conocimiento<\/h2>\n<p>Pruebe su comprensi\u00f3n del material en esta p\u00e1gina con las preguntas a continuaci\u00f3n. Considere su respuesta a cada pregunta de opci\u00f3n m\u00faltiple, luego haga clic en &#8220;Verificar su respuesta&#8221; debajo de cada pregunta para saber si estaba en lo correcto.<\/p>\n<ol>\n<li>\u00bfCu\u00e1l de las siguientes opciones describe mejor un t\u00edtulo de licenciatura?\n<ul>\n<li>Una calificaci\u00f3n acad\u00e9mica de pregrado de cuatro a\u00f1os obtenida en colegios o universidades que indica la finalizaci\u00f3n de un programa integral de estudios en un campo espec\u00edfico. <\/li>\n<li>Una calificaci\u00f3n acad\u00e9mica de posgrado que normalmente requiere de uno a dos a\u00f1os de estudios luego de una licenciatura.  <\/li>\n<li>Un programa especializado que prepara a las personas con las habilidades y los conocimientos pr\u00e1cticos necesarios para seguir carreras espec\u00edficas.<\/li>\n<li>Un t\u00edtulo de grado conferido luego de cursar estudios postsecundarios con una duraci\u00f3n de dos a tres a\u00f1os. <\/li>\n<\/ul>\n<\/li>\n<details class=\"wp-block-details\">\n<summary>Verificar su respuesta<\/summary>\n<p>Una calificaci\u00f3n acad\u00e9mica de pregrado de cuatro a\u00f1os obtenida en colegios o universidades que indica la finalizaci\u00f3n de un programa integral de estudios en un campo espec\u00edfico. <\/p>\n<\/details>\n<p><\/p>\n<li>\u00bfCu\u00e1l nivel de titulaci\u00f3n se considera el m\u00e1s alto que puede obtenerse en un campo dado y habitualmente requiere una disertaci\u00f3n?\n<ul>\n<li>Licenciatura\u00a0<\/li>\n<li>Maestr\u00eda\u00a0<\/li>\n<li>T\u00edtulo de asociado\u00a0<\/li>\n<li>Doctorado<\/li>\n<\/ul>\n<\/li>\n<details class=\"wp-block-details\">\n<summary>Verificar su respuesta<\/summary>\n<p>Doctorado<\/p>\n<\/details>\n<\/li>\n<\/li>\n<\/ol>\n<\/div><\/div>\n\n\n\n<div class=\"wp-block-buttons is-layout-flex wp-block-buttons-is-layout-flex\">\n<div class=\"wp-block-button\"><a class=\"wp-block-button__link wp-element-button\" href=\"https:\/\/sites.msudenver.edu\/familyandsupport1010\/modulo-1\/tipos-de-titulos\/el-valor-del-titulo-universitario\/\">Siguiente: El valor del t\u00edtulo universitario&nbsp;<\/a><\/div>\n<\/div>\n","protected":false},"excerpt":{"rendered":"<p>Generalmente, los t\u00edtulos universitarios se clasifican en cinco tipos principales: vocacionales, de asociado, de licenciatura, de maestr\u00eda y de doctorado. Cada nivel de titulaci\u00f3n dota a los estudiantes de habilidades y conocimientos espec\u00edficos, y los prepara para ejercer distintas carreras profesionales. A medida que el nivel de titulaci\u00f3n aumenta, por lo general, de asociado a [&hellip;]<\/p>\n","protected":false},"author":905,"featured_media":0,"parent":294,"menu_order":0,"comment_status":"closed","ping_status":"closed","template":"","meta":{"_exactmetrics_skip_tracking":false,"_exactmetrics_sitenote_active":false,"_exactmetrics_sitenote_note":"","_exactmetrics_sitenote_category":0,"footnotes":""},"class_list":["post-296","page","type-page","status-publish","hentry"],"_links":{"self":[{"href":"https:\/\/sites.msudenver.edu\/familyandsupport1010\/wp-json\/wp\/v2\/pages\/296","targetHints":{"allow":["GET"]}}],"collection":[{"href":"https:\/\/sites.msudenver.edu\/familyandsupport1010\/wp-json\/wp\/v2\/pages"}],"about":[{"href":"https:\/\/sites.msudenver.edu\/familyandsupport1010\/wp-json\/wp\/v2\/types\/page"}],"author":[{"embeddable":true,"href":"https:\/\/sites.msudenver.edu\/familyandsupport1010\/wp-json\/wp\/v2\/users\/905"}],"replies":[{"embeddable":true,"href":"https:\/\/sites.msudenver.edu\/familyandsupport1010\/wp-json\/wp\/v2\/comments?post=296"}],"version-history":[{"count":0,"href":"https:\/\/sites.msudenver.edu\/familyandsupport1010\/wp-json\/wp\/v2\/pages\/296\/revisions"}],"up":[{"embeddable":true,"href":"https:\/\/sites.msudenver.edu\/familyandsupport1010\/wp-json\/wp\/v2\/pages\/294"}],"wp:attachment":[{"href":"https:\/\/sites.msudenver.edu\/familyandsupport1010\/wp-json\/wp\/v2\/media?parent=296"}],"curies":[{"name":"wp","href":"https:\/\/api.w.org\/{rel}","templated":true}]}}