{"id":297,"date":"2024-05-29T20:22:08","date_gmt":"2024-05-29T20:22:08","guid":{"rendered":"https:\/\/sites.msudenver.edu\/familyandsupport1010\/?page_id=297"},"modified":"2024-06-12T20:26:04","modified_gmt":"2024-06-12T20:26:04","slug":"el-valor-del-titulo-universitario","status":"publish","type":"page","link":"https:\/\/sites.msudenver.edu\/familyandsupport1010\/modulo-1\/tipos-de-titulos\/el-valor-del-titulo-universitario\/","title":{"rendered":"El valor del t\u00edtulo universitario\u00a0"},"content":{"rendered":"\n<p>La educaci\u00f3n superior es valiosa porque aporta a las personas conocimientos, habilidades y capacidades de pensamiento cr\u00edtico necesarios para tener \u00e9xito en el mundo actual. Les ofrece la oportunidad de crecimiento personal m\u00e1s all\u00e1 de la formaci\u00f3n acad\u00e9mica, entablar v\u00ednculos y formar parte de una comunidad, prepararse para el mercado laboral en evoluci\u00f3n y, adem\u00e1s, reciben acceso a recursos y servicios de apoyo.<\/p>\n\n\n\n<figure style=\"float:center\">\n\t\n<!-- iframe plugin v.6.0 wordpress.org\/plugins\/iframe\/ -->\n<iframe title=\"Embedded Media titled: title\" 0=\"width=&quot;560&quot;;\" height=\"315\" src=\"https:\/\/msudenver.yuja.com\/V\/Video?v=10483618&#038;node=45884027&#038;a=54913654\" frameborder=\"0\" 1=\"webkitallowfullscreen\" 2=\"mozallowfullscreen\" 3=\"allowfullscreen\" loading=\"lazy\" width=\"100%\" scrolling=\"yes\" class=\"iframe-class\"><\/iframe>\n\n\t<figcaption>\n\t\t<small><a target=\"_blank\" rel=\"noopener noreferrer\" href=\"https:\/\/msudenver.yuja.com\/V\/Video?v=10483618&amp;node=45884027&amp;a=54913654\">Fullscreen Video<\/small><\/a>\n\t<\/figcaption>\n<\/figure>\n\n\n\n<h2 class=\"wp-block-heading\"><strong>Crecimiento personal m\u00e1s all\u00e1 de la formaci\u00f3n acad\u00e9mica<\/strong><\/h2>\n\n\n\n<p>La universidad no se trata solamente de obtener un t\u00edtulo, tambi\u00e9n se trata de crecimiento personal. A trav\u00e9s de distintas experiencias, la exposici\u00f3n a ideas e interacciones nuevas con una amplia variedad de personas, los estudiantes desarrollan habilidades de pensamiento cr\u00edtico, empat\u00eda y humildad cultural. Estos atributos son invalorables en el mundo interconectado actual y contribuyen a completar la formaci\u00f3n de la persona para afrontar los desaf\u00edos de la vida.&nbsp;<\/p>\n\n\n\n<h2 class=\"wp-block-heading\"><strong>V\u00ednculos y comunidad<\/strong><\/h2>\n\n\n\n<p>Uno de los beneficios de asistir a la universidad, que a menudo se pasa por alto, es la oportunidad de construir una red s\u00f3lida de colegas, mentores y profesionales. MSU Denver es una comunidad vibrante, donde los estudiantes forjan amistades y contactos para toda la vida que pueden conducir a oportunidades profesionales y de colaboraci\u00f3n en el futuro.&nbsp;<\/p>\n\n\n\n<h2 class=\"wp-block-heading\"><strong>Preparaci\u00f3n para el mercado de trabajo en evoluci\u00f3n<\/strong><\/h2>\n\n\n\n<p>En el mercado de trabajo actual, la adaptabilidad y la formaci\u00f3n continua son fundamentales. La ense\u00f1anza superior dota a los estudiantes de las habilidades y los conocimientos necesarios para tener \u00e9xito en distintas carreras profesionales. A trav\u00e9s de pasant\u00edas, empleos en el campus y experiencias de formaci\u00f3n pr\u00e1cticas, los estudiantes adquieren las habilidades pr\u00e1cticas que los empleadores valoran, y de este modo les da una ventaja competitiva en la fuerza laboral.<\/p>\n\n\n\n<h2 class=\"wp-block-heading\"><strong>Acceso a recursos y servicios de apoyo<\/strong><\/h2>\n\n\n\n<p>Uno de los numerosos beneficios de ser un estudiante de MSU Denver es la gran cantidad de recursos y servicios de apoyo que vienen incluidos. La salud y el bienestar, el apoyo acad\u00e9mico y el desarrollo profesional son solo algunos de los recursos que est\u00e1n incluidos en los cargos estudiantiles. Hablaremos de estos con m\u00e1s detenimiento a lo largo de esta unidad.<\/p>\n\n\n\n<p>Un t\u00edtulo universitario tiene muchos beneficios. Veamos a continuaci\u00f3n un poco m\u00e1s sobre MSU Denver.<\/p>\n\n\n<div>\n\t<div class=\"su-note\"  style=\"border-color:#dadadd;border-radius:3px;-moz-border-radius:3px;-webkit-border-radius:3px;\"><div class=\"su-note-inner su-u-clearfix su-u-trim\" style=\"background-color:#f4f4f7;border-color:#ffffff;color:#333333;border-radius:3px;-moz-border-radius:3px;-webkit-border-radius:3px;\">\n<h2>Verificaci\u00f3n de conocimiento<\/h2>\n<p>Pruebe su comprensi\u00f3n del material en esta p\u00e1gina con las preguntas a continuaci\u00f3n. Considere su respuesta a cada pregunta de opci\u00f3n m\u00faltiple, luego haga clic en &#8220;Verificar su respuesta&#8221; debajo de cada pregunta para saber si estaba en lo correcto.<\/p>\n<ol>\n<li>\u00bfPor qu\u00e9 es fundamental la adaptabilidad y la formaci\u00f3n continua en el mercado laboral actual?\n<ul>\n<li> Ayuda a los estudiantes a tener \u00e9xito en distintas profesiones.<\/li>\n<li>Permite que los estudiantes adquieran habilidades pr\u00e1cticas mediante pasant\u00edas y empleos en el campus.\u00a0<\/li>\n<li>Da a los estudiantes una ventaja competitiva en la fuerza laboral.<\/li>\n<li>Todo lo anterior.<\/li>\n<\/ul>\n<\/li>\n<details class=\"wp-block-details\">\n<summary>Verificar su respuesta<\/summary>\n<p>Todo lo anterior.<\/p>\n<\/details>\n<\/li>\n<\/ol>\n<\/div><\/div>\n\n\n\n<div class=\"wp-block-buttons is-layout-flex wp-block-buttons-is-layout-flex\">\n<div class=\"wp-block-button\"><a class=\"wp-block-button__link wp-element-button\" href=\"https:\/\/sites.msudenver.edu\/familyandsupport1010\/modulo-1\/tipos-de-titulos\/el-valor-del-titulo-universitario\/datos-clave-sobre-msu-denver\/\">Siguiente: Datos clave sobre MSU Denver&nbsp;<\/a><\/div>\n<\/div>\n","protected":false},"excerpt":{"rendered":"<p>La educaci\u00f3n superior es valiosa porque aporta a las personas conocimientos, habilidades y capacidades de pensamiento cr\u00edtico necesarios para tener \u00e9xito en el mundo actual. Les ofrece la oportunidad de crecimiento personal m\u00e1s all\u00e1 de la formaci\u00f3n acad\u00e9mica, entablar v\u00ednculos y formar parte de una comunidad, prepararse para el mercado laboral en evoluci\u00f3n y, adem\u00e1s, [&hellip;]<\/p>\n","protected":false},"author":905,"featured_media":0,"parent":296,"menu_order":0,"comment_status":"closed","ping_status":"closed","template":"","meta":{"_exactmetrics_skip_tracking":false,"_exactmetrics_sitenote_active":false,"_exactmetrics_sitenote_note":"","_exactmetrics_sitenote_category":0,"footnotes":""},"class_list":["post-297","page","type-page","status-publish","hentry"],"_links":{"self":[{"href":"https:\/\/sites.msudenver.edu\/familyandsupport1010\/wp-json\/wp\/v2\/pages\/297","targetHints":{"allow":["GET"]}}],"collection":[{"href":"https:\/\/sites.msudenver.edu\/familyandsupport1010\/wp-json\/wp\/v2\/pages"}],"about":[{"href":"https:\/\/sites.msudenver.edu\/familyandsupport1010\/wp-json\/wp\/v2\/types\/page"}],"author":[{"embeddable":true,"href":"https:\/\/sites.msudenver.edu\/familyandsupport1010\/wp-json\/wp\/v2\/users\/905"}],"replies":[{"embeddable":true,"href":"https:\/\/sites.msudenver.edu\/familyandsupport1010\/wp-json\/wp\/v2\/comments?post=297"}],"version-history":[{"count":0,"href":"https:\/\/sites.msudenver.edu\/familyandsupport1010\/wp-json\/wp\/v2\/pages\/297\/revisions"}],"up":[{"embeddable":true,"href":"https:\/\/sites.msudenver.edu\/familyandsupport1010\/wp-json\/wp\/v2\/pages\/296"}],"wp:attachment":[{"href":"https:\/\/sites.msudenver.edu\/familyandsupport1010\/wp-json\/wp\/v2\/media?parent=297"}],"curies":[{"name":"wp","href":"https:\/\/api.w.org\/{rel}","templated":true}]}}