{"id":298,"date":"2024-05-29T20:55:14","date_gmt":"2024-05-29T20:55:14","guid":{"rendered":"https:\/\/sites.msudenver.edu\/familyandsupport1010\/?page_id=298"},"modified":"2024-06-12T20:27:30","modified_gmt":"2024-06-12T20:27:30","slug":"datos-clave-sobre-msu-denver","status":"publish","type":"page","link":"https:\/\/sites.msudenver.edu\/familyandsupport1010\/modulo-1\/tipos-de-titulos\/el-valor-del-titulo-universitario\/datos-clave-sobre-msu-denver\/","title":{"rendered":"Datos clave sobre MSU Denver\u00a0"},"content":{"rendered":"\n<figure class=\"wp-block-image size-large\"><img loading=\"lazy\" decoding=\"async\" width=\"1024\" height=\"316\" src=\"http:\/\/sites.msudenver.edu\/familyandsupport1010\/wp-content\/uploads\/sites\/491\/2024\/05\/Rowdy_OpenHouse_ALM001_190413_CC-88-1024x316.jpg\" alt=\"\" class=\"wp-image-186\" srcset=\"https:\/\/sites.msudenver.edu\/familyandsupport1010\/wp-content\/uploads\/sites\/491\/2024\/05\/Rowdy_OpenHouse_ALM001_190413_CC-88-1024x316.jpg 1024w, https:\/\/sites.msudenver.edu\/familyandsupport1010\/wp-content\/uploads\/sites\/491\/2024\/05\/Rowdy_OpenHouse_ALM001_190413_CC-88-300x92.jpg 300w, https:\/\/sites.msudenver.edu\/familyandsupport1010\/wp-content\/uploads\/sites\/491\/2024\/05\/Rowdy_OpenHouse_ALM001_190413_CC-88-768x237.jpg 768w, https:\/\/sites.msudenver.edu\/familyandsupport1010\/wp-content\/uploads\/sites\/491\/2024\/05\/Rowdy_OpenHouse_ALM001_190413_CC-88-1536x473.jpg 1536w, https:\/\/sites.msudenver.edu\/familyandsupport1010\/wp-content\/uploads\/sites\/491\/2024\/05\/Rowdy_OpenHouse_ALM001_190413_CC-88-2048x631.jpg 2048w, https:\/\/sites.msudenver.edu\/familyandsupport1010\/wp-content\/uploads\/sites\/491\/2024\/05\/Rowdy_OpenHouse_ALM001_190413_CC-88-1200x370.jpg 1200w, https:\/\/sites.msudenver.edu\/familyandsupport1010\/wp-content\/uploads\/sites\/491\/2024\/05\/Rowdy_OpenHouse_ALM001_190413_CC-88-1980x610.jpg 1980w\" sizes=\"auto, (max-width: 1024px) 100vw, 1024px\" \/><\/figure>\n\n\n\n<p>La Metropolitan State University of Denver (MSU Denver) es una universidad p\u00fablica ubicada en Denver, Colorado. La universidad originalmente se llamaba Metropolitan State College y se estableci\u00f3 en 1965. Desde entonces, se ha convertido en una de las universidades p\u00fablicas l\u00edderes de Colorado y&nbsp;goza de una rica trayectoria por ofrecer una educaci\u00f3n accesible y de alta calidad a una poblaci\u00f3n estudiantil diversa.&nbsp;<\/p>\n\n\n\n<p>En febrero de 2019, MSU Denver se convirti\u00f3 en una instituci\u00f3n que sirve a la comunidad hispana por designaci\u00f3n a nivel federal. En 2023, MSU Denver obtuvo el <em>Seal of Excelencia<\/em>,&nbsp;una certificaci\u00f3n nacional que confiere <em>Excelencia in Education<\/em> a las instituciones que sirven a la comunidad hispana por demostrar compromiso de servicio deliberado con los estudiantes latinos.&nbsp;<\/p>\n\n\n\n<p>El campus de Auraria es un campus que incluye tres instituciones, es decir que lo compartimos con la Universidad de Colorado en Denver y la Universidad Comunitaria de Denver.&nbsp;<\/p>\n\n\n\n<h2 class=\"wp-block-heading\">Formaci\u00f3n acad\u00e9mica en MSU Denver<\/h2>\n\n\n\n<p>Una vez que el estudiante es aceptado en la universidad y ha elegido su \u00e1rea de estudio, pertenecer\u00e1 a determinada facultad dentro de la universidad.&nbsp;&nbsp;<\/p>\n\n\n\n<p>Las facultades son la forma en que MSU Denver divide las especializaciones y departamentos en \u00e1reas de estudio relacionadas. En MSU Denver tenemos seis facultades.&nbsp;Abajo las ver\u00e1n detalladas junto con ejemplos de los distintos departamentos y especializaciones dentro de esa \u00e1rea.<\/p>\n\n\n\n<h3 class=\"wp-block-heading\"><strong>Especializaciones y subespecializaciones<\/strong><\/h3>\n\n\n\n<p>Abajo se detallan las especializaciones y subespecializaciones dentro de cada facultad en MSU Denver.<\/p>\n\n\n\n<ul class=\"wp-block-list\">\n<li><a href=\"https:\/\/www.msudenver.edu\/health-human-sciences\/chhs-academic-degrees\/\" target=\"_blank\" rel=\"noreferrer noopener\">Facultad de Salud y Ciencias Humanas<\/a><\/li>\n\n\n\n<li><a href=\"https:\/\/www.msudenver.edu\/aerospace-computing-engineering-design\/caced-academic-degrees\/\" target=\"_blank\" rel=\"noreferrer noopener\">Facultad de la Industria Aeroespacial, Inform\u00e1tica, Ingenier\u00eda y Dise\u00f1o<\/a><\/li>\n\n\n\n<li><a href=\"https:\/\/www.msudenver.edu\/business\/business-programs\/#bachelors-of-science-\" target=\"_blank\" rel=\"noreferrer noopener\">Facultad de Negocios<\/a><\/li>\n\n\n\n<li><a href=\"https:\/\/www.msudenver.edu\/letters-arts-sciences\/\" target=\"_blank\" rel=\"noreferrer noopener\">Facultad de Letras, Artes y Ciencias<\/a><\/li>\n\n\n\n<li><a href=\"https:\/\/www.msudenver.edu\/hospitality\/degrees-certificates\/\" target=\"_blank\" rel=\"noreferrer noopener\">Facultad de Hoteler\u00eda<\/a> <\/li>\n\n\n\n<li><a href=\"https:\/\/www.msudenver.edu\/education\/\" target=\"_blank\" rel=\"noreferrer noopener\">Facultad de Educaci\u00f3n<\/a><\/li>\n<\/ul>\n\n\n\n<h2 class=\"wp-block-heading\"><strong>Conocer el campus<\/strong><\/h2>\n\n\n\n<p>Recorrer los distintos edificios, recursos, estacionamientos y ubicaciones de transporte p\u00fablico, as\u00ed como todo lo dem\u00e1s que hay en el campus puede resultar un tanto abrumador, sobre todo si sus estudiantes y ustedes son nuevos en la universidad. Abajo pueden ver un mapa interactivo que muestra los distintos edificios y sus abreviaturas, los estacionamientos y garajes, estaciones de transporte p\u00fablico e incluso la ubicaci\u00f3n en el campus de algunos de los recursos y clubes para estudiantes.<\/p>\n\n\n\n<div class=\"wp-block-buttons is-layout-flex wp-block-buttons-is-layout-flex\">\n<div class=\"wp-block-button\"><a class=\"wp-block-button__link wp-element-button\" href=\"https:\/\/map.concept3d.com\/?id=225#!s\/\" target=\"_blank\" rel=\"noreferrer noopener\">Consultar este mapa interactivo del campus<\/a><\/div>\n<\/div>\n\n\n\n<p>Si no han tenido la oportunidad de recorrer nuestro vibrante campus, les recomendamos hacer una visita guiada en persona o de forma virtual.<\/p>\n\n\n\n<div class=\"wp-block-buttons is-layout-flex wp-block-buttons-is-layout-flex\">\n<div class=\"wp-block-button\"><a class=\"wp-block-button__link wp-element-button\" href=\"https:\/\/www.msudenver.edu\/visit\/\" target=\"_blank\" rel=\"noreferrer noopener\">Visitar MSU Denver<\/a><\/div>\n<\/div>\n\n\n\n<p>Ahora que ya hemos recorrido el campus y hemos visto datos importantes acerca de MSU Denver, \u00a1es hora de continuar!<\/p>\n\n\n<div>\n\t<div class=\"su-note\"  style=\"border-color:#dadadd;border-radius:3px;-moz-border-radius:3px;-webkit-border-radius:3px;\"><div class=\"su-note-inner su-u-clearfix su-u-trim\" style=\"background-color:#f4f4f7;border-color:#ffffff;color:#333333;border-radius:3px;-moz-border-radius:3px;-webkit-border-radius:3px;\">\n<h2>Verificaci\u00f3n de conocimiento<\/h2>\n<p>Pruebe su comprensi\u00f3n del material en esta p\u00e1gina con las preguntas a continuaci\u00f3n. Considere su respuesta a cada pregunta de opci\u00f3n m\u00faltiple, luego haga clic en &#8220;Verificar su respuesta&#8221; debajo de cada pregunta para saber si estaba en lo correcto.<\/p>\n<ol>\n<li>\u00bfQu\u00e9 importancia tiene el Seal of Excelencia que obtuvo MSU Denver en 2023?\n<ul>\n<li>Es una certificaci\u00f3n nacional que se confiere a las instituciones que han demostrado compromiso de servicio deliberado con los estudiantes latinos.\u00a0<\/li>\n<li>Es una certificaci\u00f3n regional que se confiere a las instituciones que han demostrado compromiso de servicio deliberado con todos los estudiantes.\u00a0<\/li>\n<li>Es una certificaci\u00f3n nacional que se confiere a las instituciones que han demostrado compromiso de servicio deliberado con los estudiantes internacionales.\u00a0<\/li>\n<li> Es una certificaci\u00f3n espa\u00f1ola que se confiere a las instituciones que han demostrado compromiso de servicio deliberado con los estudiantes latinos.<\/li>\n<\/ul>\n<\/li>\n<details class=\"wp-block-details\">\n<summary>Verificar su respuesta<\/summary>\n<p>Es una certificaci\u00f3n nacional que se confiere a las instituciones que han demostrado compromiso de servicio deliberado con los estudiantes internacionales.\u00a0<\/p>\n<\/details>\n<p><\/p>\n<li>\u00bfCu\u00e1l de las siguientes NO es una facultad dentro de MSU Denver?\n<ul>\n<li>Facultad de Salud y Ciencias Humanas\u00a0<\/li>\n<li>Facultad de la Industria Aeroespacial, Inform\u00e1tica, Ingenier\u00eda y Dise\u00f1o\u00a0<\/li>\n<li>Facultad de Hoteler\u00eda\u00a0<\/li>\n<li>Facultad de Ciencias Naturales<\/li>\n<\/ul>\n<\/li>\n<details class=\"wp-block-details\">\n<summary>Verificar su respuesta<\/summary>\n<p>Facultad de Ciencias Naturales<\/p>\n<\/details>\n<\/li>\n<p><\/p>\n<li>\u00bfDe qu\u00e9 forma MSU Denver clasifica sus especializaciones y departamentos?\n<ul>\n<li>Por el a\u00f1o de estudios del estudiante.<\/li>\n<li>Por el \u00e1rea de inter\u00e9s del estudiante.\u00a0<\/li>\n<li>Por \u00e1reas de estudio relacionadas dentro de las facultades.\u00a0<\/li>\n<li>Por actividades extracurriculares del estudiante.<\/li>\n<\/ul>\n<\/li>\n<details class=\"wp-block-details\">\n<summary>Verificar su respuesta<\/summary>\n<p>Por \u00e1reas de estudio relacionadas dentro de las facultades.  <\/p>\n<\/details>\n<\/li>\n<\/ol>\n<\/div><\/div>\n\n\n\n<div class=\"wp-block-buttons is-layout-flex wp-block-buttons-is-layout-flex\">\n<div class=\"wp-block-button\"><a class=\"wp-block-button__link wp-element-button\" href=\"https:\/\/sites.msudenver.edu\/familyandsupport1010\/modulo-1\/tipos-de-titulos\/el-valor-del-titulo-universitario\/datos-clave-sobre-msu-denver\/ley-ferpa\/\">Siguiente: Ley FERPA&nbsp;<\/a><\/div>\n<\/div>\n","protected":false},"excerpt":{"rendered":"<p>La Metropolitan State University of Denver (MSU Denver) es una universidad p\u00fablica ubicada en Denver, Colorado. La universidad originalmente se llamaba Metropolitan State College y se estableci\u00f3 en 1965. Desde entonces, se ha convertido en una de las universidades p\u00fablicas l\u00edderes de Colorado y&nbsp;goza de una rica trayectoria por ofrecer una educaci\u00f3n accesible y de [&hellip;]<\/p>\n","protected":false},"author":905,"featured_media":0,"parent":297,"menu_order":0,"comment_status":"closed","ping_status":"closed","template":"","meta":{"_exactmetrics_skip_tracking":false,"_exactmetrics_sitenote_active":false,"_exactmetrics_sitenote_note":"","_exactmetrics_sitenote_category":0,"footnotes":""},"class_list":["post-298","page","type-page","status-publish","hentry"],"_links":{"self":[{"href":"https:\/\/sites.msudenver.edu\/familyandsupport1010\/wp-json\/wp\/v2\/pages\/298","targetHints":{"allow":["GET"]}}],"collection":[{"href":"https:\/\/sites.msudenver.edu\/familyandsupport1010\/wp-json\/wp\/v2\/pages"}],"about":[{"href":"https:\/\/sites.msudenver.edu\/familyandsupport1010\/wp-json\/wp\/v2\/types\/page"}],"author":[{"embeddable":true,"href":"https:\/\/sites.msudenver.edu\/familyandsupport1010\/wp-json\/wp\/v2\/users\/905"}],"replies":[{"embeddable":true,"href":"https:\/\/sites.msudenver.edu\/familyandsupport1010\/wp-json\/wp\/v2\/comments?post=298"}],"version-history":[{"count":0,"href":"https:\/\/sites.msudenver.edu\/familyandsupport1010\/wp-json\/wp\/v2\/pages\/298\/revisions"}],"up":[{"embeddable":true,"href":"https:\/\/sites.msudenver.edu\/familyandsupport1010\/wp-json\/wp\/v2\/pages\/297"}],"wp:attachment":[{"href":"https:\/\/sites.msudenver.edu\/familyandsupport1010\/wp-json\/wp\/v2\/media?parent=298"}],"curies":[{"name":"wp","href":"https:\/\/api.w.org\/{rel}","templated":true}]}}