{"id":300,"date":"2024-05-29T21:05:48","date_gmt":"2024-05-29T21:05:48","guid":{"rendered":"https:\/\/sites.msudenver.edu\/familyandsupport1010\/?page_id=300"},"modified":"2024-06-06T20:11:30","modified_gmt":"2024-06-06T20:11:30","slug":"conclusion-del-modulo-1","status":"publish","type":"page","link":"https:\/\/sites.msudenver.edu\/familyandsupport1010\/modulo-1\/tipos-de-titulos\/el-valor-del-titulo-universitario\/datos-clave-sobre-msu-denver\/ley-ferpa\/conclusion-del-modulo-1\/","title":{"rendered":"Conclusi\u00f3n del m\u00f3dulo 1\u00a0"},"content":{"rendered":"\n<figure class=\"wp-block-image size-large\"><img loading=\"lazy\" decoding=\"async\" width=\"1024\" height=\"299\" src=\"http:\/\/sites.msudenver.edu\/familyandsupport1010\/wp-content\/uploads\/sites\/491\/2024\/05\/Orientation-Fall-2023_8108_AM08032023-1024x299.jpg\" alt=\"\" class=\"wp-image-188\" srcset=\"https:\/\/sites.msudenver.edu\/familyandsupport1010\/wp-content\/uploads\/sites\/491\/2024\/05\/Orientation-Fall-2023_8108_AM08032023-1024x299.jpg 1024w, https:\/\/sites.msudenver.edu\/familyandsupport1010\/wp-content\/uploads\/sites\/491\/2024\/05\/Orientation-Fall-2023_8108_AM08032023-300x87.jpg 300w, https:\/\/sites.msudenver.edu\/familyandsupport1010\/wp-content\/uploads\/sites\/491\/2024\/05\/Orientation-Fall-2023_8108_AM08032023-768x224.jpg 768w, https:\/\/sites.msudenver.edu\/familyandsupport1010\/wp-content\/uploads\/sites\/491\/2024\/05\/Orientation-Fall-2023_8108_AM08032023-1536x448.jpg 1536w, https:\/\/sites.msudenver.edu\/familyandsupport1010\/wp-content\/uploads\/sites\/491\/2024\/05\/Orientation-Fall-2023_8108_AM08032023-2048x597.jpg 2048w, https:\/\/sites.msudenver.edu\/familyandsupport1010\/wp-content\/uploads\/sites\/491\/2024\/05\/Orientation-Fall-2023_8108_AM08032023-1200x350.jpg 1200w, https:\/\/sites.msudenver.edu\/familyandsupport1010\/wp-content\/uploads\/sites\/491\/2024\/05\/Orientation-Fall-2023_8108_AM08032023-1980x577.jpg 1980w\" sizes=\"auto, (max-width: 1024px) 100vw, 1024px\" \/><\/figure>\n\n\n\n<p>En este m\u00f3dulo, hemos descubierto que el recorrido de la educaci\u00f3n superior puede ser emocionante y, al mismo tiempo, agobiante para las familias y los estudiantes universitarios. El m\u00f3dulo 1 nos ense\u00f1\u00f3 a distinguir los tipos de t\u00edtulos, comprender el valor que tiene un t\u00edtulo universitario, conocer las propuestas \u00fanicas que ofrecemos en MSU Denver y comprender la Ley de Privacidad y Derechos Educativos de la Familia (FERPA, en ingl\u00e9s).&nbsp; Contesten las siguientes preguntas para evaluar su comprensi\u00f3n.<\/p>\n\n\n\n<figure style=\"float:center\">\n\n<!-- iframe plugin v.6.0 wordpress.org\/plugins\/iframe\/ -->\n<iframe loading=\"lazy\" title=\"Module 1\" src=\"https:\/\/msudenver.qualtrics.com\/jfe\/form\/SV_6QD86NnMDvWrWjY\" width=\"100%\" height=\"500\" scrolling=\"yes\" class=\"iframe-class\" frameborder=\"0\"><\/iframe>\n\n\n\n\n\n<div class=\"wp-block-buttons is-layout-flex wp-block-buttons-is-layout-flex\">\n<div class=\"wp-block-button\"><a class=\"wp-block-button__link wp-element-button\" href=\"https:\/\/sites.msudenver.edu\/familyandsupport1010\/modulo-2\/\">Siguiente: M\u00f3dulo 2 <\/a><\/div>\n<\/div>\n","protected":false},"excerpt":{"rendered":"<p>En este m\u00f3dulo, hemos descubierto que el recorrido de la educaci\u00f3n superior puede ser emocionante y, al mismo tiempo, agobiante para las familias y los estudiantes universitarios. El m\u00f3dulo 1 nos ense\u00f1\u00f3 a distinguir los tipos de t\u00edtulos, comprender el valor que tiene un t\u00edtulo universitario, conocer las propuestas \u00fanicas que ofrecemos en MSU Denver [&hellip;]<\/p>\n","protected":false},"author":905,"featured_media":0,"parent":299,"menu_order":0,"comment_status":"closed","ping_status":"closed","template":"","meta":{"_exactmetrics_skip_tracking":false,"_exactmetrics_sitenote_active":false,"_exactmetrics_sitenote_note":"","_exactmetrics_sitenote_category":0,"footnotes":""},"class_list":["post-300","page","type-page","status-publish","hentry"],"_links":{"self":[{"href":"https:\/\/sites.msudenver.edu\/familyandsupport1010\/wp-json\/wp\/v2\/pages\/300","targetHints":{"allow":["GET"]}}],"collection":[{"href":"https:\/\/sites.msudenver.edu\/familyandsupport1010\/wp-json\/wp\/v2\/pages"}],"about":[{"href":"https:\/\/sites.msudenver.edu\/familyandsupport1010\/wp-json\/wp\/v2\/types\/page"}],"author":[{"embeddable":true,"href":"https:\/\/sites.msudenver.edu\/familyandsupport1010\/wp-json\/wp\/v2\/users\/905"}],"replies":[{"embeddable":true,"href":"https:\/\/sites.msudenver.edu\/familyandsupport1010\/wp-json\/wp\/v2\/comments?post=300"}],"version-history":[{"count":0,"href":"https:\/\/sites.msudenver.edu\/familyandsupport1010\/wp-json\/wp\/v2\/pages\/300\/revisions"}],"up":[{"embeddable":true,"href":"https:\/\/sites.msudenver.edu\/familyandsupport1010\/wp-json\/wp\/v2\/pages\/299"}],"wp:attachment":[{"href":"https:\/\/sites.msudenver.edu\/familyandsupport1010\/wp-json\/wp\/v2\/media?parent=300"}],"curies":[{"name":"wp","href":"https:\/\/api.w.org\/{rel}","templated":true}]}}