{"id":304,"date":"2024-05-29T21:24:54","date_gmt":"2024-05-29T21:24:54","guid":{"rendered":"https:\/\/sites.msudenver.edu\/familyandsupport1010\/?page_id=304"},"modified":"2024-06-12T20:28:16","modified_gmt":"2024-06-12T20:28:16","slug":"que-es-la-ayuda-financiera","status":"publish","type":"page","link":"https:\/\/sites.msudenver.edu\/familyandsupport1010\/modulo-2\/que-es-la-ayuda-financiera\/","title":{"rendered":"Qu\u00e9 es la ayuda financiera"},"content":{"rendered":"\n<p>Entendemos que el mundo de la ayuda financiera puede ser abrumador, de modo que estamos aqu\u00ed para darles informaci\u00f3n valiosa.<\/p>\n\n\n\n<p>La ayuda financiera es b\u00e1sicamente dinero que ayuda a que la universidad o instituci\u00f3n de ense\u00f1anza superior sea m\u00e1s asequible. Tiene varias formas, como subvenciones, estudio y trabajo, pr\u00e9stamos y becas. Cada una de ellas desempe\u00f1a un papel fundamental en procurar que los estudiantes tengan el apoyo que necesitan para seguir estudios superiores sin afrontar cargas financieras agobiantes.<\/p>\n\n\n\n<figure style=\"float:center\">\n\n<!-- iframe plugin v.6.0 wordpress.org\/plugins\/iframe\/ -->\n<iframe loading=\"lazy\" title=\"Embedded Media titled: Ayuda Financiera\" width=\"560\" height=\"315\" src=\"https:\/\/msudenver.yuja.com\/V\/Video?v=10147515&#038;node=44128341&#038;a=210115454\" scrolling=\"yes\" class=\"iframe-class\" frameborder=\"0\"><\/iframe>\n\n<figcaption>\n\t\t<small><a target=\"_blank\" rel=\"noopener noreferrer\" href=\"https:\/\/msudenver.yuja.com\/V\/Video?v=10147515&amp;node=44128341&amp;a=210115454\">Fullscreen Video<\/small><\/a>\n\t<\/figcaption>\n<\/figure>\n\n\n\n<h2 class=\"wp-block-heading\"><strong>FAFSA y CASFA<\/strong><\/h2>\n\n\n\n<p>El proceso de acceso a la ayuda financiera comienza por presentar la Solicitud Gratuita de Ayuda Federal para Estudiantes (FAFSA) o la Solicitud de Ayuda Financiera Estatal de Colorado (CASFA). Tengan en cuenta que, si el estudiante es elegible para FAFSA, no es necesario que complete la CASFA. Estas dos solicitudes est\u00e1ndar deben completarse cada a\u00f1o para cumplir los requisitos de ayuda financiera. Hay dos categor\u00edas principales de ayuda financiera que deben conocer:<\/p>\n\n\n\n<h3 class=\"wp-block-heading\"><strong>Becas y subvenciones&nbsp;<\/strong><\/h3>\n\n\n\n<p>Estas son b\u00e1sicamente fondos o exoneraciones de matr\u00edcula que no es necesario reembolsar.&nbsp;Se adjudican seg\u00fan varios criterios, como logros acad\u00e9micos, talentos o par\u00e1metros demogr\u00e1ficos espec\u00edficos.&nbsp;<\/p>\n\n\n\n<ul class=\"wp-block-list\">\n<li>Los estudiantes pueden solicitar becas cada a\u00f1o.\n<ul class=\"wp-block-list\">\n<li>Consejo: recomienden al estudiante que presente la solicitud de beca general de MSU Denver. Esta se ofrece a todos los estudiantes de MSU Denver y tiene m\u00e1s de 250 cupos disponibles.&nbsp;&nbsp;<\/li>\n\n\n\n<li>Otro consejo: presenten la solicitud al fondo College Opportunity Fund. Es un estipendio para pagar una parte del total de la matr\u00edcula universitaria dentro del estado y aparece en las cuentas del estudiante como un d\u00e9bito. Esta solicitud est\u00e1 destinada a residentes dentro del estado que se hayan graduado de una escuela preparatoria de Colorado.&nbsp;<\/li>\n<\/ul>\n<\/li>\n<\/ul>\n\n\n\n<h3 class=\"wp-block-heading\"><strong>Pr\u00e9stamos estudiantiles<\/strong><\/h3>\n\n\n\n<p>A diferencia de las subvenciones y las becas, los pr\u00e9stamos estudiantiles s\u00ed deben reembolsarse. No obstante, constituyen un recurso para que los estudiantes puedan acceder a los fondos para cubrir sus gastos educativos.<\/p>\n\n\n\n<p>Existen dos tipos de pr\u00e9stamos: los pr\u00e9stamos subsidiados y los pr\u00e9stamos sin subsidio. Seg\u00fan su solicitud FAFSA, la Oficina de Ayuda Financiera les har\u00e1 saber a qu\u00e9 pr\u00e9stamo el estudiante est\u00e1 en condiciones de acceder.<\/p>\n\n\n\n<ul class=\"wp-block-list\">\n<li><strong>Los pr\u00e9stamos subsidiados<\/strong> tienen intereses que est\u00e1n \u201csubsidiados\u201d o pagados por el gobierno federal durante el tiempo que el estudiante est\u00e9 inscrito al menos a tiempo parcial (6 cr\u00e9ditos o m\u00e1s) en la universidad. Los intereses no se acumulan o generan hasta que se determine que el estudiante no est\u00e1 inscrito al menos a medio tiempo. Esto puede ocurrir si se grad\u00faa, si est\u00e1 inscrito en menos de 6 cr\u00e9ditos, o bien si se retira de la universidad por completo, en cuyo caso el pr\u00e9stamo subsidiado comenzar\u00e1 a generar intereses. Todos los pr\u00e9stamos se deben reembolsar.<\/li>\n\n\n\n<li><strong>Los pr\u00e9stamos no subsidiados<\/strong> no tienen intereses \u201csubsidiados\u201d o pagados por el gobierno federal mientras el estudiante est\u00e9 en la universidad. Los intereses se acumulan mientras el estudiante asiste a la universidad, durante pr\u00f3rrogas y per\u00edodos de gracia. Por lo general, a los estudiantes se les ofrece la oportunidad de pagar los intereses de pr\u00e9stamos no subsidiados de forma mensual mientras est\u00e1n en la universidad. Todos los pr\u00e9stamos se deben reembolsar.<\/li>\n<\/ul>\n\n\n\n<p>Los estudiantes de grado que necesitan o quieren obtener pr\u00e9stamos deben estar inscritos en al menos 6 horas cr\u00e9dito en MSU Denver cada semestre que reciban un pr\u00e9stamo. Tambi\u00e9n es necesario que el Centro Estudiantil (<em>Student Hub<\/em>) acepte los pr\u00e9stamos. Los estudiantes que obtengan pr\u00e9stamos deben completar <a href=\"https:\/\/studentaid.gov\/entrance-counseling\/\" target=\"_blank\" rel=\"noreferrer noopener\">una sesi\u00f3n de orientaci\u00f3n inicial<\/a>. Tambi\u00e9n deben completar <a href=\"https:\/\/studentaid.gov\/mpn\" target=\"_blank\" rel=\"noreferrer noopener\">un pagar\u00e9 maestro<\/a>.&nbsp;&nbsp;<\/p>\n\n\n\n<h3 class=\"wp-block-heading\"><strong>Programas de estudio y trabajo<\/strong><\/h3>\n\n\n\n<p>Esto implica ganar dinero por trabajar a tiempo parcial dentro de la universidad. No solo brinda apoyo financiero sino tambi\u00e9n valiosa experiencia laboral.<\/p>\n\n\n\n<p>A efectos de cumplir los requisitos para recibir financiamiento de este tipo, el estudiante debe completar las solicitudes FAFSA o CASFA para el a\u00f1o acad\u00e9mico e incluir estudio y trabajo en su paquete de adjudicaci\u00f3n. Este financiamiento le permite al estudiante solicitar empleos de \u201cestudio y trabajo\u201d y \u201cpor hora para estudiantes\u201d en el campus. Una vez que el estudiante consigue el empleo, debe trabajar en un puesto a tiempo parcial y recibir un cheque de pago similar al de cualquier otro empleo a tiempo parcial. Luego puede usar esos fondos ganados como lo desee. Los estudiantes que no reciban financiamiento del estudio y trabajo de todas formas pueden aprovechar a adquirir valiosa experiencia de trabajo a trav\u00e9s de empleos en el campus fuera de los designados para estudio y trabajo. Nuestra recomendaci\u00f3n a los estudiantes es que se presenten a cargos aun cuando no se les adjudique el programa de estudio y trabajo.<\/p>\n\n\n\n<h2 class=\"wp-block-heading\"><strong>Informaci\u00f3n adicional sobre todas las ayudas financieras<\/strong><\/h2>\n\n\n\n<p>Para recibir el paquete completo de ayuda financiera, los estudiantes deben estar inscritos a tiempo completo (12 cr\u00e9ditos o m\u00e1s). Por consiguiente, si est\u00e1n inscritos en una modalidad inferior a la de tiempo completo, la ayuda financiera se puede prorratear para compensar la modalidad de inscripci\u00f3n y los montos del pr\u00e9stamo estudiantil se ajustar\u00e1n seg\u00fan corresponda. Adem\u00e1s, los estudiantes deben tener en cuenta que cualquier cambio en el estado de su inscripci\u00f3n, como abandonar cursos o darse de baja, puede tener consecuencias inmediatas en su elegibilidad de ayuda financiera. Se recomienda que los estudiantes se comuniquen peri\u00f3dicamente con su Oficina de Ayuda Financiera para mantenerse informados sobre las implicancias de sus decisiones acad\u00e9micas.<\/p>\n\n\n\n<h3 class=\"wp-block-heading\"><strong>&nbsp;Recursos adicionales<\/strong><\/h3>\n\n\n\n<p>Si el estudiante necesita ayuda para completar la solicitud FAFSA, debe comunicarse con el:<\/p>\n\n\n\n<ul class=\"wp-block-list\">\n<li>Centro de Oportunidades Educativas (<em>Educational Opportunity Center<\/em>), 303-352-8746 (TRIO), EOC@ccd.edu&nbsp;<\/li>\n<\/ul>\n\n\n\n<p>Si el estudiante necesita ayuda para completar la solicitud CASFA, debe comunicarse con el:<\/p>\n\n\n\n<ul class=\"wp-block-list\">\n<li>Programa de Servicios para Inmigrantes (<em>Immigration Service Program<\/em>), 303-615-0035, ImmServices@msudenver.edu<\/li>\n<\/ul>\n\n\n\n<p>Para obtener m\u00e1s informaci\u00f3n sobre ayuda financiera, p\u00f3nganse en contacto con la:<\/p>\n\n\n\n<ul class=\"wp-block-list\">\n<li>Oficina de Ayuda Financiera y Becas (<em>Office of Financial Aid and Scholarships<\/em>), Jordan Student Success Building (JSSB), Suite 130, 890 Auraria Pkwy Denver, CO 80204.<\/li>\n\n\n\n<li>Tel\u00e9fono: 303-556-8593<\/li>\n\n\n\n<li>Correo electr\u00f3nico: finaid@msudenver.edu<\/li>\n<\/ul>\n\n\n\n<p>Incentiven a sus estudiantes a sacar provecho de las becas, subvenciones, pr\u00e9stamos y programas de estudio y trabajo. Recuerden que el proceso comienza por completar las solicitudes FAFSA o CASFA con anticipaci\u00f3n y que se debe renovar anualmente.&nbsp;<\/p>\n\n\n\n<p>Ahora que hemos aprendido un poco sobre los tipos de ayuda financiera que se ofrecen, veamos un poco m\u00e1s sobre este tema importante.<\/p>\n\n\n<div>\n\t<div class=\"su-note\"  style=\"border-color:#dadadd;border-radius:3px;-moz-border-radius:3px;-webkit-border-radius:3px;\"><div class=\"su-note-inner su-u-clearfix su-u-trim\" style=\"background-color:#f4f4f7;border-color:#ffffff;color:#333333;border-radius:3px;-moz-border-radius:3px;-webkit-border-radius:3px;\">\n<h2>Verificaci\u00f3n de conocimiento<\/h2>\n<p>Pruebe su comprensi\u00f3n del material en esta p\u00e1gina con las preguntas a continuaci\u00f3n. Considere su respuesta a cada pregunta de opci\u00f3n m\u00faltiple, luego haga clic en &#8220;Verificar su respuesta&#8221; debajo de cada pregunta para saber si estaba en lo correcto.<\/p>\n<ol>\n<li>\u00bfCu\u00e1l es el objetivo de la ayuda financiera?\n<ul>\n<li>Brindar experiencia laboral a los estudiantes.\u00a0<\/li>\n<li>Hacer m\u00e1s asequible los estudios en una instituci\u00f3n de ense\u00f1anza superior o universidad.\u00a0<\/li>\n<li>Asegurar que los estudiantes tengan acceso a los pr\u00e9stamos.\u00a0<\/li>\n<li>Pagar los gastos b\u00e1sicos de los estudiantes.<\/li>\n<\/ul>\n<\/li>\n<details class=\"wp-block-details\">\n<summary>Verificar su respuesta<\/summary>\n<p>Hacer m\u00e1s asequible los estudios en una instituci\u00f3n de ense\u00f1anza superior o universidad.\u00a0<\/p>\n<\/details>\n<p><\/p>\n<li>\u00bfCu\u00e1l es la diferencia entre pr\u00e9stamo subsidiado y no subsidiado?\n<ul>\n<li>No es necesario reembolsar los pr\u00e9stamos subsidiados, en cambio, los no subsidiados s\u00ed se deben reembolsar. <\/li>\n<li>El gobierno federal paga los intereses de los pr\u00e9stamos subsidiados mientras el estudiante asista a la universidad, y los pr\u00e9stamos no subsidiados acumulan intereses durante este tiempo.\u00a0<\/li>\n<li>Los pr\u00e9stamos subsidiados son para estudiantes de grado, mientras que los pr\u00e9stamos no subsidiados son para estudiantes de posgrado.\u00a0<\/li>\n<li>Los pr\u00e9stamos subsidiados se conceden sobre la base de una necesidad financiera, mientras que los no subsidiados no.<\/li>\n<\/ul>\n<\/li>\n<details class=\"wp-block-details\">\n<summary>Verificar su respuesta<\/summary>\n<p>El gobierno federal paga los intereses de los pr\u00e9stamos subsidiados mientras el estudiante asista a la universidad, y los pr\u00e9stamos no subsidiados acumulan intereses durante este tiempo.\u00a0<\/p>\n<\/details>\n<\/li>\n<p><\/p>\n<li>\u00bfQu\u00e9 es un programa de estudio y trabajo?\n<ul>\n<li>Un programa que permite que los estudiantes trabajen a tiempo parcial dentro de la universidad para ganar dinero y adquirir experiencia laboral.<\/li>\n<li>Un programa que suministra materiales de estudio a los estudiantes.\u00a0<\/li>\n<li>Un programa que permite a los estudiantes estudiar mientras trabajan a tiempo completo.\u00a0<\/li>\n<li>Un programa que brinda apoyo financiero a los estudiantes que est\u00e1n estudiando para trabajar.<\/li>\n<\/ul>\n<\/li>\n<details class=\"wp-block-details\">\n<summary>Verificar su respuesta<\/summary>\n<p>Un programa que permite que los estudiantes trabajen a tiempo parcial dentro de la universidad para ganar dinero y adquirir experiencia laboral.<\/p>\n<\/details>\n<\/li>\n<p><\/p>\n<li>\u00bfQu\u00e9 es el College Opportunity Fund?\n<ul>\n<li>Un programa de becas para estudiantes provenientes de otros estados.\u00a0<\/li>\n<li>Un estipendio de matr\u00edcula para residentes dentro del estado que se hayan graduado de una escuela preparatoria de Colorado.\u00a0<\/li>\n<li>Un programa de pr\u00e9stamo para estudiantes de grado.\u00a0<\/li>\n<li>Un programa de estudio y trabajo para estudiantes internacionales. <\/li>\n<\/ul>\n<\/li>\n<details class=\"wp-block-details\">\n<summary>Verificar su respuesta<\/summary>\n<p>Un estipendio de matr\u00edcula para residentes dentro del estado que se hayan graduado de una escuela preparatoria de Colorado.\u00a0<\/p>\n<\/details>\n<\/li>\n<\/ol>\n<\/div><\/div>\n\n\n\n<div class=\"wp-block-buttons is-layout-flex wp-block-buttons-is-layout-flex\">\n<div class=\"wp-block-button\"><a class=\"wp-block-button__link wp-element-button\" href=\"https:\/\/sites.msudenver.edu\/familyandsupport1010\/modulo-2\/que-es-la-ayuda-financiera\/terminos-y-cronograma-de-ayuda-financiera\/\">Siguiente: T\u00e9rminos y cronograma de ayuda financiera&nbsp;<\/a><\/div>\n<\/div>\n","protected":false},"excerpt":{"rendered":"<p>Entendemos que el mundo de la ayuda financiera puede ser abrumador, de modo que estamos aqu\u00ed para darles informaci\u00f3n valiosa. La ayuda financiera es b\u00e1sicamente dinero que ayuda a que la universidad o instituci\u00f3n de ense\u00f1anza superior sea m\u00e1s asequible. Tiene varias formas, como subvenciones, estudio y trabajo, pr\u00e9stamos y becas. Cada una de ellas [&hellip;]<\/p>\n","protected":false},"author":905,"featured_media":0,"parent":302,"menu_order":0,"comment_status":"closed","ping_status":"closed","template":"","meta":{"_exactmetrics_skip_tracking":false,"_exactmetrics_sitenote_active":false,"_exactmetrics_sitenote_note":"","_exactmetrics_sitenote_category":0,"footnotes":""},"class_list":["post-304","page","type-page","status-publish","hentry"],"_links":{"self":[{"href":"https:\/\/sites.msudenver.edu\/familyandsupport1010\/wp-json\/wp\/v2\/pages\/304","targetHints":{"allow":["GET"]}}],"collection":[{"href":"https:\/\/sites.msudenver.edu\/familyandsupport1010\/wp-json\/wp\/v2\/pages"}],"about":[{"href":"https:\/\/sites.msudenver.edu\/familyandsupport1010\/wp-json\/wp\/v2\/types\/page"}],"author":[{"embeddable":true,"href":"https:\/\/sites.msudenver.edu\/familyandsupport1010\/wp-json\/wp\/v2\/users\/905"}],"replies":[{"embeddable":true,"href":"https:\/\/sites.msudenver.edu\/familyandsupport1010\/wp-json\/wp\/v2\/comments?post=304"}],"version-history":[{"count":0,"href":"https:\/\/sites.msudenver.edu\/familyandsupport1010\/wp-json\/wp\/v2\/pages\/304\/revisions"}],"up":[{"embeddable":true,"href":"https:\/\/sites.msudenver.edu\/familyandsupport1010\/wp-json\/wp\/v2\/pages\/302"}],"wp:attachment":[{"href":"https:\/\/sites.msudenver.edu\/familyandsupport1010\/wp-json\/wp\/v2\/media?parent=304"}],"curies":[{"name":"wp","href":"https:\/\/api.w.org\/{rel}","templated":true}]}}