{"id":306,"date":"2024-05-30T15:24:19","date_gmt":"2024-05-30T15:24:19","guid":{"rendered":"https:\/\/sites.msudenver.edu\/familyandsupport1010\/?page_id=306"},"modified":"2024-06-12T20:29:49","modified_gmt":"2024-06-12T20:29:49","slug":"matricula-y-cargos","status":"publish","type":"page","link":"https:\/\/sites.msudenver.edu\/familyandsupport1010\/modulo-2\/que-es-la-ayuda-financiera\/terminos-y-cronograma-de-ayuda-financiera\/matricula-y-cargos\/","title":{"rendered":"Matr\u00edcula y cargos\u00a0"},"content":{"rendered":"\n<p>El costo de asistencia es un tema del que muchos estudiantes, familiares y colaboradores de apoyo quieren saber m\u00e1s.<\/p>\n\n\n\n<figure style=\"float:center\">\n\t\n<!-- iframe plugin v.6.0 wordpress.org\/plugins\/iframe\/ -->\n<iframe title=\"Embedded Media titled: title\" 0=\"width=&quot;560&quot;;\" height=\"315\" src=\"https:\/\/msudenver.yuja.com\/V\/Video?v=10483811&#038;node=45885254&#038;a=52961602\" frameborder=\"0\" 1=\"webkitallowfullscreen\" 2=\"mozallowfullscreen\" 3=\"allowfullscreen\" loading=\"lazy\" width=\"100%\" scrolling=\"yes\" class=\"iframe-class\"><\/iframe>\n\n\t<figcaption>\n\t\t<small><a target=\"_blank\" rel=\"noopener noreferrer\" href=\"https:\/\/msudenver.yuja.com\/V\/Video?v=10483811&amp;node=45885254&amp;a=52961602\">Fullscreen Video<\/small><\/a>\n\t<\/figcaption>\n<\/figure>\n\n\n\n<p>Es una estimaci\u00f3n de cu\u00e1nto le costar\u00e1 al estudiante vivir y asistir a clases en la universidad durante un semestre o un a\u00f1o acad\u00e9mico de nueve meses. Esta estimaci\u00f3n incluye tanto los costos directos como indirectos de asistir a la universidad.<\/p>\n\n\n\n<p>Los costos directos son los gastos que los estudiantes pagan a la universidad, como la matr\u00edcula y los cargos de alojamiento en el campus; por ejemplo, Lynx Crossing.&nbsp; Estos costos se facturar\u00e1n a la cuenta del estudiante de MSU Denver.<\/p>\n\n\n\n<p>Los costos indirectos son los relacionados con la educaci\u00f3n, como libros y suministros, transporte, gastos personales y alojamiento y comida fuera del campus. Los costos indirectos no se facturan a la cuenta del estudiante. No obstante, tengan en cuenta que esto es un costo estimado y no una factura, ya que los estudiantes pueden controlar estos gastos.<\/p>\n\n\n\n<h2 class=\"wp-block-heading\"><strong>Matr\u00edcula y cargos<\/strong><\/h2>\n\n\n\n<p>El costo m\u00e1s grande de la universidad siempre va a ser la matr\u00edcula y los cargos. Este es un costo directo y depende de la cantidad de cr\u00e9ditos a los que el estudiante se inscriba. Hay una diferencia considerable en el costo si un estudiante se inscribe a 18 cr\u00e9ditos que si lo hace a 12 cr\u00e9ditos, pese a que ambos se consideran como tiempo completo. Para obtener m\u00e1s informaci\u00f3n, visiten el sitio de matr\u00edcula y cargos.<\/p>\n\n\n\n<h2 class=\"wp-block-heading\"><strong>Libros y suministros<\/strong><\/h2>\n\n\n\n<p>Las cosas como libros y suministros son costos indirectos para los estudiantes, lo que significa que estos pueden ser m\u00e1s creativos en cuanto a la forma en que se acumulan esos gastos. Los libros y suministros no figurar\u00e1n en su factura, por ello, los estudiantes pueden acceder a estos de varias formas. Pueden alquilar los libros, comprarlos, encontrar archivos de libros en formato .pdf en internet o en la biblioteca.<\/p>\n\n\n\n<h2 class=\"wp-block-heading\"><strong>Alojamiento y comida\/Vivienda<\/strong><\/h2>\n\n\n\n<p>Lo mismo sucede con el alojamiento y la comida. Si un estudiante no est\u00e1 pagando alquiler porque vive con los padres, familiares o colaboradores de apoyo, puede ahorrar dinero. Del mismo modo, llevarse el almuerzo preparado todos los d\u00edas puede limitar gastos adicionales.<\/p>\n\n\n\n<h2 class=\"wp-block-heading\"><strong>Seguro m\u00e9dico<\/strong><\/h2>\n\n\n\n<p>Otro costo directo es el Seguro M\u00e9dico de la Universidad; cada vez que un estudiante se inscribe para cursar 9 cr\u00e9ditos o m\u00e1s, se le cobrar\u00e1 por este seguro. Para el semestre de oto\u00f1o, este costo es de alrededor de $1,100, pero para el semestre de primavera es de alrededor de $1,600 porque cubre primavera y verano. Si los estudiantes tienen su propio seguro m\u00e9dico (o tienen cobertura de seguro familiar), este cargo se puede exonerar mediante la presentaci\u00f3n de un formulario de exoneraci\u00f3n del seguro que incluya la informaci\u00f3n de su seguro m\u00e9dico a trav\u00e9s de su Centro Estudiantil cada semestre de oto\u00f1o y primavera. Los estudiantes podr\u00e1n acceder a este formulario luego de que se hayan inscrito a cursos de 9 cr\u00e9ditos o m\u00e1s.<\/p>\n\n\n\n<p>Ahora que sabemos de d\u00f3nde salen los costos de la universidad, veamos la oficina de la universidad responsable del manejo de las facturas de los estudiantes.<\/p>\n\n\n<div>\n\t<div class=\"su-note\"  style=\"border-color:#dadadd;border-radius:3px;-moz-border-radius:3px;-webkit-border-radius:3px;\"><div class=\"su-note-inner su-u-clearfix su-u-trim\" style=\"background-color:#f4f4f7;border-color:#ffffff;color:#333333;border-radius:3px;-moz-border-radius:3px;-webkit-border-radius:3px;\">\n<h2>Verificaci\u00f3n de conocimiento<\/h2>\n<p>Pruebe su comprensi\u00f3n del material en esta p\u00e1gina con las preguntas a continuaci\u00f3n. Considere su respuesta a cada pregunta de opci\u00f3n m\u00faltiple, luego haga clic en &#8220;Verificar su respuesta&#8221; debajo de cada pregunta para saber si estaba en lo correcto.<\/p>\n<ol>\n<li>\u00bfQu\u00e9 incluye la estimaci\u00f3n del costo de asistencia (COA)?\n<ul>\n<li>Solo los costos directos.<\/li>\n<li>Solo los costos indirectos.  <\/li>\n<li>Los costos directos e indirectos.<\/li>\n<li>Ni los costos directos ni los indirectos.<\/li>\n<\/ul>\n<\/li>\n<details class=\"wp-block-details\">\n<summary>Verificar su respuesta<\/summary>\n<p>Los costos directos e indirectos.<\/p>\n<\/details>\n<\/ol>\n<\/div><\/div>\n\n\n\n<div class=\"wp-block-buttons is-layout-flex wp-block-buttons-is-layout-flex\">\n<div class=\"wp-block-button\"><a class=\"wp-block-button__link wp-element-button\" href=\"https:\/\/sites.msudenver.edu\/familyandsupport1010\/modulo-2\/que-es-la-ayuda-financiera\/terminos-y-cronograma-de-ayuda-financiera\/matricula-y-cargos\/oficina-de-tesoreria\/\">Siguiente: Oficina de Tesorer\u00eda&nbsp;<\/a><\/div>\n<\/div>\n","protected":false},"excerpt":{"rendered":"<p>El costo de asistencia es un tema del que muchos estudiantes, familiares y colaboradores de apoyo quieren saber m\u00e1s. Fullscreen Video Es una estimaci\u00f3n de cu\u00e1nto le costar\u00e1 al estudiante vivir y asistir a clases en la universidad durante un semestre o un a\u00f1o acad\u00e9mico de nueve meses. Esta estimaci\u00f3n incluye tanto los costos directos [&hellip;]<\/p>\n","protected":false},"author":905,"featured_media":0,"parent":305,"menu_order":0,"comment_status":"closed","ping_status":"closed","template":"","meta":{"_exactmetrics_skip_tracking":false,"_exactmetrics_sitenote_active":false,"_exactmetrics_sitenote_note":"","_exactmetrics_sitenote_category":0,"footnotes":""},"class_list":["post-306","page","type-page","status-publish","hentry"],"_links":{"self":[{"href":"https:\/\/sites.msudenver.edu\/familyandsupport1010\/wp-json\/wp\/v2\/pages\/306","targetHints":{"allow":["GET"]}}],"collection":[{"href":"https:\/\/sites.msudenver.edu\/familyandsupport1010\/wp-json\/wp\/v2\/pages"}],"about":[{"href":"https:\/\/sites.msudenver.edu\/familyandsupport1010\/wp-json\/wp\/v2\/types\/page"}],"author":[{"embeddable":true,"href":"https:\/\/sites.msudenver.edu\/familyandsupport1010\/wp-json\/wp\/v2\/users\/905"}],"replies":[{"embeddable":true,"href":"https:\/\/sites.msudenver.edu\/familyandsupport1010\/wp-json\/wp\/v2\/comments?post=306"}],"version-history":[{"count":0,"href":"https:\/\/sites.msudenver.edu\/familyandsupport1010\/wp-json\/wp\/v2\/pages\/306\/revisions"}],"up":[{"embeddable":true,"href":"https:\/\/sites.msudenver.edu\/familyandsupport1010\/wp-json\/wp\/v2\/pages\/305"}],"wp:attachment":[{"href":"https:\/\/sites.msudenver.edu\/familyandsupport1010\/wp-json\/wp\/v2\/media?parent=306"}],"curies":[{"name":"wp","href":"https:\/\/api.w.org\/{rel}","templated":true}]}}