{"id":307,"date":"2024-05-30T15:30:41","date_gmt":"2024-05-30T15:30:41","guid":{"rendered":"https:\/\/sites.msudenver.edu\/familyandsupport1010\/?page_id=307"},"modified":"2024-06-12T20:30:18","modified_gmt":"2024-06-12T20:30:18","slug":"oficina-de-tesoreria","status":"publish","type":"page","link":"https:\/\/sites.msudenver.edu\/familyandsupport1010\/modulo-2\/que-es-la-ayuda-financiera\/terminos-y-cronograma-de-ayuda-financiera\/matricula-y-cargos\/oficina-de-tesoreria\/","title":{"rendered":"Oficina de Tesorer\u00eda\u00a0"},"content":{"rendered":"\n<figure class=\"wp-block-image size-large\"><img loading=\"lazy\" decoding=\"async\" width=\"1024\" height=\"322\" src=\"http:\/\/sites.msudenver.edu\/familyandsupport1010\/wp-content\/uploads\/sites\/491\/2024\/05\/JSSB02-1024x322.jpg\" alt=\"\" class=\"wp-image-196\" srcset=\"https:\/\/sites.msudenver.edu\/familyandsupport1010\/wp-content\/uploads\/sites\/491\/2024\/05\/JSSB02-1024x322.jpg 1024w, https:\/\/sites.msudenver.edu\/familyandsupport1010\/wp-content\/uploads\/sites\/491\/2024\/05\/JSSB02-300x94.jpg 300w, https:\/\/sites.msudenver.edu\/familyandsupport1010\/wp-content\/uploads\/sites\/491\/2024\/05\/JSSB02-768x241.jpg 768w, https:\/\/sites.msudenver.edu\/familyandsupport1010\/wp-content\/uploads\/sites\/491\/2024\/05\/JSSB02-1536x483.jpg 1536w, https:\/\/sites.msudenver.edu\/familyandsupport1010\/wp-content\/uploads\/sites\/491\/2024\/05\/JSSB02-2048x644.jpg 2048w, https:\/\/sites.msudenver.edu\/familyandsupport1010\/wp-content\/uploads\/sites\/491\/2024\/05\/JSSB02-1200x377.jpg 1200w, https:\/\/sites.msudenver.edu\/familyandsupport1010\/wp-content\/uploads\/sites\/491\/2024\/05\/JSSB02-1980x622.jpg 1980w\" sizes=\"auto, (max-width: 1024px) 100vw, 1024px\" \/><\/figure>\n\n\n\n<p>La Oficina de Tesorer\u00eda determina lo que los estudiantes adeudan de matr\u00edcula, cargos y otros costos. Suministra facturas detalladas y puede explicar cargos que se desconocen, retenciones u otras inquietudes sobre montos de dinero adeudados. Cuando el estudiante recibe una factura de la universidad por matr\u00edcula, la Oficina de Tesorer\u00eda gener\u00f3 esa factura.<\/p>\n\n\n\n<p>Cuando llegue el momento de pagar esa factura, el estudiante entregar\u00e1 el dinero a la Caja, otra parte de la Oficina de Tesorer\u00eda.<\/p>\n\n\n\n<h2 class=\"wp-block-heading\"><strong>Fechas importantes<\/strong><\/h2>\n\n\n\n<ul class=\"wp-block-list\">\n<li>La matr\u00edcula vence el viernes previo al comienzo del semestre.\n<ul class=\"wp-block-list\">\n<li>El pago total de la matr\u00edcula y los cargos vence, a m\u00e1s tardar, en la fecha de vencimiento de pago a fin de evitar cargos de servicio. Cualquier saldo impago despu\u00e9s de las 5&nbsp;p.&nbsp;m. generar\u00e1 un cargo de servicio del 4&nbsp;%.&nbsp; Este primer cargo de servicio se exonerar\u00e1 si el estudiante se inscribe en un plan de pagos, a m\u00e1s tardar, en la fecha de vencimiento de pago.<\/li>\n\n\n\n<li>Los estudiantes que reciben una oferta de adjudicaci\u00f3n de ayuda financiera obtienen certificaci\u00f3n para percibir beneficios militares en nuestra Oficina de Servicios para Estudiantes y Veteranos Militares, o bien aquellos que establecen patrocinios, a m\u00e1s tardar, en la fecha de vencimiento de pago, quedan exonerados de todos los cargos de servicio.&nbsp;<\/li>\n<\/ul>\n<\/li>\n<\/ul>\n\n\n\n<h2 class=\"wp-block-heading\"><strong>Opciones de pago<\/strong><\/h2>\n\n\n\n<p>Hay varias formas en que los estudiantes pueden pagar la matr\u00edcula y los cargos.&nbsp;<\/p>\n\n\n\n<ul class=\"wp-block-list\">\n<li>Pago total: pagar el total, a m\u00e1s tardar, en la fecha de vencimiento de pago y evitar cualquier cargo de servicio.&nbsp;<\/li>\n\n\n\n<li>Plan de pago: MSU Denver ofrece opciones de planes de pago convenientes por un cargo de suscripci\u00f3n \u00fanico de $35. El cargo del 4&nbsp;% se exonerar\u00e1 a los estudiantes que se suscriban a un plan de pago; no obstante, estos quedar\u00e1n sujetos a los cargos de servicio mensuales del 1.5&nbsp;% a lo largo del semestre, hasta que el saldo se pague en su totalidad. Para obtener m\u00e1s informaci\u00f3n, visiten el sitio de la Oficina de Tesorer\u00eda.&nbsp;<\/li>\n\n\n\n<li>Pagos peri\u00f3dicos (<em>pay as you go<\/em>): pueden optar por pagar por cuenta propia a lo largo del semestre; no obstante, adem\u00e1s del cargo de servicio del 4&nbsp;%, cualquier saldo impago quedar\u00e1 sujeto a un cargo de servicio del 1.5&nbsp;% el 7.\u00ba d\u00eda h\u00e1bil de cada mes. Se suspender\u00e1 la cuenta del estudiante por saldo pendiente hasta que esta se regularice.&nbsp;<\/li>\n<\/ul>\n\n\n\n<h2 class=\"wp-block-heading\"><strong>Cosas a tener en cuenta<\/strong><\/h2>\n\n\n\n<p>La Caja solo acepta cheques, \u00f3rdenes de pago, cheques de caja y cheques del Plan 529 en persona.<\/p>\n\n\n\n<p>Para los pagos por internet, los estudiantes o familiares deben a\u00f1adir una cuenta bancaria para evitar los cargos de procesamiento que vienen asociados por usar directamente una tarjeta de d\u00e9bito o cr\u00e9dito.&nbsp;<\/p>\n\n\n\n<p>A los estudiantes que tengan al menos $1 de ayuda financiera ofrecida en su cuenta para el semestre no se les cobrar\u00e1 ning\u00fan cargo de servicio para ese semestre. Incluso si se trata de un pr\u00e9stamo que no aceptaron, no se cobrar\u00e1n los cargos de servicio.&nbsp;<\/p>\n\n\n\n<p>Para obtener informaci\u00f3n m\u00e1s detallada sobre el pago, visitar la Oficina de la Caja.<\/p>\n\n\n\n<p>Ya hemos visto los aspectos financieros b\u00e1sicos de la universidad. \u00a1Terminemos este m\u00f3dulo!<\/p>\n\n\n<div>\n\t<div class=\"su-note\"  style=\"border-color:#dadadd;border-radius:3px;-moz-border-radius:3px;-webkit-border-radius:3px;\"><div class=\"su-note-inner su-u-clearfix su-u-trim\" style=\"background-color:#f4f4f7;border-color:#ffffff;color:#333333;border-radius:3px;-moz-border-radius:3px;-webkit-border-radius:3px;\">\n<h2>Verificaci\u00f3n de conocimiento<\/h2>\n<p>Pruebe su comprensi\u00f3n del material en esta p\u00e1gina con las preguntas a continuaci\u00f3n. Considere su respuesta a cada pregunta de opci\u00f3n m\u00faltiple, luego haga clic en &#8220;Verificar su respuesta&#8221; debajo de cada pregunta para saber si estaba en lo correcto.<\/p>\n<ol>\n<li>\u00bfCu\u00e1l de las siguientes opciones de pago exonera el cargo de servicio inicial del 4 %?\n<ul>\n<li>Pagar el total a m\u00e1s tardar en la fecha de vencimiento de pago.<\/li>\n<li>Suscribirse a un plan de pago a m\u00e1s tardar en la fecha de vencimiento de pago.\u00a0<\/li>\n<li>Hacer pagos peri\u00f3dicos (pay as you go) a lo largo del semestre.<\/li>\n<li>Las opciones A y B.<\/li>\n<\/ul>\n<\/li>\n<details class=\"wp-block-details\">\n<summary>Verificar su respuesta<\/summary>\n<p>Las opciones A y B.<\/p>\n<\/details>\n<p><\/p>\n<li>\n<p>\u00bfQu\u00e9 forma de pago en persona no acepta la Caja?  <\/p>\n<ul>\n<li>Cheque<\/li>\n<li>Orden de pago\u00a0<\/li>\n<li>Cheque de caja<\/li>\n<li>Tarjeta de cr\u00e9dito<\/li>\n<\/ul>\n<\/li>\n<details class=\"wp-block-details\">\n<summary>Verificar su respuesta<\/summary>\n<p>Tarjeta de cr\u00e9dito<\/p>\n<\/details>\n<\/li>\n<\/ol>\n<\/div><\/div>\n\n\n\n<div class=\"wp-block-buttons is-layout-flex wp-block-buttons-is-layout-flex\">\n<div class=\"wp-block-button\"><a class=\"wp-block-button__link wp-element-button\" href=\"https:\/\/sites.msudenver.edu\/familyandsupport1010\/modulo-2\/que-es-la-ayuda-financiera\/terminos-y-cronograma-de-ayuda-financiera\/matricula-y-cargos\/oficina-de-tesoreria\/conclusion-del-modulo-2\/\">Siguiente: conclusi\u00f3n del m\u00f3dulo 2<\/a><\/div>\n<\/div>\n","protected":false},"excerpt":{"rendered":"<p>La Oficina de Tesorer\u00eda determina lo que los estudiantes adeudan de matr\u00edcula, cargos y otros costos. Suministra facturas detalladas y puede explicar cargos que se desconocen, retenciones u otras inquietudes sobre montos de dinero adeudados. Cuando el estudiante recibe una factura de la universidad por matr\u00edcula, la Oficina de Tesorer\u00eda gener\u00f3 esa factura. Cuando llegue [&hellip;]<\/p>\n","protected":false},"author":905,"featured_media":0,"parent":306,"menu_order":0,"comment_status":"closed","ping_status":"closed","template":"","meta":{"_exactmetrics_skip_tracking":false,"_exactmetrics_sitenote_active":false,"_exactmetrics_sitenote_note":"","_exactmetrics_sitenote_category":0,"footnotes":""},"class_list":["post-307","page","type-page","status-publish","hentry"],"_links":{"self":[{"href":"https:\/\/sites.msudenver.edu\/familyandsupport1010\/wp-json\/wp\/v2\/pages\/307","targetHints":{"allow":["GET"]}}],"collection":[{"href":"https:\/\/sites.msudenver.edu\/familyandsupport1010\/wp-json\/wp\/v2\/pages"}],"about":[{"href":"https:\/\/sites.msudenver.edu\/familyandsupport1010\/wp-json\/wp\/v2\/types\/page"}],"author":[{"embeddable":true,"href":"https:\/\/sites.msudenver.edu\/familyandsupport1010\/wp-json\/wp\/v2\/users\/905"}],"replies":[{"embeddable":true,"href":"https:\/\/sites.msudenver.edu\/familyandsupport1010\/wp-json\/wp\/v2\/comments?post=307"}],"version-history":[{"count":0,"href":"https:\/\/sites.msudenver.edu\/familyandsupport1010\/wp-json\/wp\/v2\/pages\/307\/revisions"}],"up":[{"embeddable":true,"href":"https:\/\/sites.msudenver.edu\/familyandsupport1010\/wp-json\/wp\/v2\/pages\/306"}],"wp:attachment":[{"href":"https:\/\/sites.msudenver.edu\/familyandsupport1010\/wp-json\/wp\/v2\/media?parent=307"}],"curies":[{"name":"wp","href":"https:\/\/api.w.org\/{rel}","templated":true}]}}