{"id":309,"date":"2024-05-30T15:43:05","date_gmt":"2024-05-30T15:43:05","guid":{"rendered":"https:\/\/sites.msudenver.edu\/familyandsupport1010\/?page_id=309"},"modified":"2024-06-05T20:10:59","modified_gmt":"2024-06-05T20:10:59","slug":"modulo-3","status":"publish","type":"page","link":"https:\/\/sites.msudenver.edu\/familyandsupport1010\/modulo-3\/","title":{"rendered":"M\u00f3dulo 3"},"content":{"rendered":"\n<figure class=\"wp-block-image size-large\"><img loading=\"lazy\" decoding=\"async\" width=\"1024\" height=\"346\" src=\"http:\/\/sites.msudenver.edu\/familyandsupport1010\/wp-content\/uploads\/sites\/491\/2024\/05\/Aviation-and-Aerospace_TuskegeeAirmen_200307_SH5430-1024x346.jpg\" alt=\"\" class=\"wp-image-200\" srcset=\"https:\/\/sites.msudenver.edu\/familyandsupport1010\/wp-content\/uploads\/sites\/491\/2024\/05\/Aviation-and-Aerospace_TuskegeeAirmen_200307_SH5430-1024x346.jpg 1024w, https:\/\/sites.msudenver.edu\/familyandsupport1010\/wp-content\/uploads\/sites\/491\/2024\/05\/Aviation-and-Aerospace_TuskegeeAirmen_200307_SH5430-300x102.jpg 300w, https:\/\/sites.msudenver.edu\/familyandsupport1010\/wp-content\/uploads\/sites\/491\/2024\/05\/Aviation-and-Aerospace_TuskegeeAirmen_200307_SH5430-768x260.jpg 768w, https:\/\/sites.msudenver.edu\/familyandsupport1010\/wp-content\/uploads\/sites\/491\/2024\/05\/Aviation-and-Aerospace_TuskegeeAirmen_200307_SH5430-1536x520.jpg 1536w, https:\/\/sites.msudenver.edu\/familyandsupport1010\/wp-content\/uploads\/sites\/491\/2024\/05\/Aviation-and-Aerospace_TuskegeeAirmen_200307_SH5430-2048x693.jpg 2048w, https:\/\/sites.msudenver.edu\/familyandsupport1010\/wp-content\/uploads\/sites\/491\/2024\/05\/Aviation-and-Aerospace_TuskegeeAirmen_200307_SH5430-1200x406.jpg 1200w, https:\/\/sites.msudenver.edu\/familyandsupport1010\/wp-content\/uploads\/sites\/491\/2024\/05\/Aviation-and-Aerospace_TuskegeeAirmen_200307_SH5430-1980x670.jpg 1980w\" sizes=\"auto, (max-width: 1024px) 100vw, 1024px\" \/><\/figure>\n\n\n\n<p>A fin de garantizar que sus estudiantes tengan una experiencia buena y enriquecedora, es fundamental comprender aspectos clave del entorno acad\u00e9mico. El m\u00f3dulo 3 ofrece informaci\u00f3n sobre el recorrido educativo de un estudiante universitario, y se centra en las complejidades de planificar una carrera y considerar las especializaciones.&nbsp;&nbsp;<\/p>\n\n\n\n<h2 class=\"wp-block-heading\"><strong>Objetivos de aprendizaje&nbsp;<\/strong><\/h2>\n\n\n\n<ul class=\"wp-block-list\">\n<li>Describir lo que es una especializaci\u00f3n y c\u00f3mo se relaciona con una carrera profesional.&nbsp;<\/li>\n\n\n\n<li>Reconocer las partes de un t\u00edtulo, en particular la cantidad de cr\u00e9ditos, la especializaci\u00f3n, los estudios generales, las subespecializaciones, las \u00e1reas de concentraci\u00f3n y las optativas.&nbsp;<\/li>\n\n\n\n<li>Comprender la importancia de explorar las especializaciones y los recursos disponibles para apoyar a los estudiantes (grupos de especializaciones, orientaci\u00f3n vocacional).&nbsp;&nbsp;<\/li>\n\n\n\n<li>Evaluar distintas v\u00edas para graduarse por acumulaci\u00f3n de horas cr\u00e9dito.<\/li>\n<\/ul>\n\n\n\n<p>\u00a1Comencemos!<\/p>\n\n\n\n<div class=\"wp-block-buttons is-layout-flex wp-block-buttons-is-layout-flex\">\n<div class=\"wp-block-button\"><a class=\"wp-block-button__link wp-element-button\" href=\"https:\/\/sites.msudenver.edu\/familyandsupport1010\/modulo-3\/partes-que-conforman-un-titulo\/\">Siguiente: Partes que conforman un t\u00edtulo&nbsp;<\/a><\/div>\n<\/div>\n","protected":false},"excerpt":{"rendered":"<p>A fin de garantizar que sus estudiantes tengan una experiencia buena y enriquecedora, es fundamental comprender aspectos clave del entorno acad\u00e9mico. El m\u00f3dulo 3 ofrece informaci\u00f3n sobre el recorrido educativo de un estudiante universitario, y se centra en las complejidades de planificar una carrera y considerar las especializaciones.&nbsp;&nbsp; Objetivos de aprendizaje&nbsp; \u00a1Comencemos!<\/p>\n","protected":false},"author":905,"featured_media":0,"parent":0,"menu_order":0,"comment_status":"closed","ping_status":"closed","template":"","meta":{"_exactmetrics_skip_tracking":false,"_exactmetrics_sitenote_active":false,"_exactmetrics_sitenote_note":"","_exactmetrics_sitenote_category":0,"footnotes":""},"class_list":["post-309","page","type-page","status-publish","hentry"],"_links":{"self":[{"href":"https:\/\/sites.msudenver.edu\/familyandsupport1010\/wp-json\/wp\/v2\/pages\/309","targetHints":{"allow":["GET"]}}],"collection":[{"href":"https:\/\/sites.msudenver.edu\/familyandsupport1010\/wp-json\/wp\/v2\/pages"}],"about":[{"href":"https:\/\/sites.msudenver.edu\/familyandsupport1010\/wp-json\/wp\/v2\/types\/page"}],"author":[{"embeddable":true,"href":"https:\/\/sites.msudenver.edu\/familyandsupport1010\/wp-json\/wp\/v2\/users\/905"}],"replies":[{"embeddable":true,"href":"https:\/\/sites.msudenver.edu\/familyandsupport1010\/wp-json\/wp\/v2\/comments?post=309"}],"version-history":[{"count":0,"href":"https:\/\/sites.msudenver.edu\/familyandsupport1010\/wp-json\/wp\/v2\/pages\/309\/revisions"}],"wp:attachment":[{"href":"https:\/\/sites.msudenver.edu\/familyandsupport1010\/wp-json\/wp\/v2\/media?parent=309"}],"curies":[{"name":"wp","href":"https:\/\/api.w.org\/{rel}","templated":true}]}}