{"id":311,"date":"2024-05-30T15:46:42","date_gmt":"2024-05-30T15:46:42","guid":{"rendered":"https:\/\/sites.msudenver.edu\/familyandsupport1010\/?page_id=311"},"modified":"2024-06-12T20:30:46","modified_gmt":"2024-06-12T20:30:46","slug":"partes-que-conforman-un-titulo","status":"publish","type":"page","link":"https:\/\/sites.msudenver.edu\/familyandsupport1010\/modulo-3\/partes-que-conforman-un-titulo\/","title":{"rendered":"Partes que conforman un t\u00edtulo\u00a0"},"content":{"rendered":"\n<figure class=\"wp-block-image size-large\"><img loading=\"lazy\" decoding=\"async\" width=\"1024\" height=\"315\" src=\"http:\/\/sites.msudenver.edu\/familyandsupport1010\/wp-content\/uploads\/sites\/491\/2024\/05\/MHA_Ad_Campaign_210804_AM-208-1024x315.jpg\" alt=\"\" class=\"wp-image-202\" srcset=\"https:\/\/sites.msudenver.edu\/familyandsupport1010\/wp-content\/uploads\/sites\/491\/2024\/05\/MHA_Ad_Campaign_210804_AM-208-1024x315.jpg 1024w, https:\/\/sites.msudenver.edu\/familyandsupport1010\/wp-content\/uploads\/sites\/491\/2024\/05\/MHA_Ad_Campaign_210804_AM-208-300x92.jpg 300w, https:\/\/sites.msudenver.edu\/familyandsupport1010\/wp-content\/uploads\/sites\/491\/2024\/05\/MHA_Ad_Campaign_210804_AM-208-768x236.jpg 768w, https:\/\/sites.msudenver.edu\/familyandsupport1010\/wp-content\/uploads\/sites\/491\/2024\/05\/MHA_Ad_Campaign_210804_AM-208-1536x472.jpg 1536w, https:\/\/sites.msudenver.edu\/familyandsupport1010\/wp-content\/uploads\/sites\/491\/2024\/05\/MHA_Ad_Campaign_210804_AM-208-2048x630.jpg 2048w, https:\/\/sites.msudenver.edu\/familyandsupport1010\/wp-content\/uploads\/sites\/491\/2024\/05\/MHA_Ad_Campaign_210804_AM-208-1200x369.jpg 1200w, https:\/\/sites.msudenver.edu\/familyandsupport1010\/wp-content\/uploads\/sites\/491\/2024\/05\/MHA_Ad_Campaign_210804_AM-208-1980x609.jpg 1980w\" sizes=\"auto, (max-width: 1024px) 100vw, 1024px\" \/><\/figure>\n\n\n\n<p>Hay varias partes o decisiones que influyen en el t\u00edtulo que un estudiante recibe. Todos los estudiantes completan una serie cursos comunes conocida como cursos b\u00e1sicos; hay una variedad de opciones en cuanto a qu\u00e9 cursos cumplen los requisitos de los cursos b\u00e1sicos del plan de estudios. Adem\u00e1s de estos cursos, el estudiante deber\u00e1 elegir una v\u00eda de especializaci\u00f3n y una de subespecializaci\u00f3n en su campo de estudio. Estas v\u00edas dictan un grupo dirigido de cursos que dotar\u00e1n a los estudiantes de informaci\u00f3n especializada \u00fatil para futuras carreras en esa \u00e1rea. Dentro de esas v\u00edas y los cursos b\u00e1sicos, los estudiantes pueden personalizar su aprendizaje mediante la selecci\u00f3n de cursos de su inter\u00e9s; estos se conocen como asignaturas optativas.<\/p>\n\n\n\n<h2 class=\"wp-block-heading\"><strong>Estudios generales<\/strong><\/h2>\n\n\n\n<p>Estos cursos tambi\u00e9n se conocen como educaci\u00f3n general o cursos b\u00e1sicos. En MSU Denver, estos constituyen un grupo de cursos de base que cubren una amplia variedad de temas como comunicaci\u00f3n escrita, comunicaci\u00f3n oral, conocimientos cuantitativos, artes y humanidades, historia, ciencias naturales y f\u00edsicas, ciencias sociales y del comportamiento y cursos de diversidad global. Los cursos de estudios generales sientan las bases para el t\u00edtulo de licenciatura. Los estudiantes desarrollan habilidades de pensamiento, razonamiento y comunicaci\u00f3n mientras descubren ideas nuevas y ampl\u00edan sus perspectivas.&nbsp; El curso est\u00e1 dise\u00f1ado para crear oportunidades de aprendizaje en diferentes disciplinas y desarrollar experiencias para los estudiantes a medida que se convierten en personas que aprenden para toda la vida.&nbsp;<\/p>\n\n\n\n<h2 class=\"wp-block-heading\"><strong>Elegir una especializaci\u00f3n<\/strong><\/h2>\n\n\n\n<p>Uno de los pasos m\u00e1s importantes en la trayectoria acad\u00e9mica de un estudiante es elegir una especializaci\u00f3n. Una especializaci\u00f3n es un campo espec\u00edfico de estudio acad\u00e9mico en el que los estudiantes eligen especializarse durante sus estudios de grado. Se compone de estudios generales, asignaturas optativas y cursos espec\u00edficos de especializaci\u00f3n. Los estudiantes tambi\u00e9n eligen una subespecializaci\u00f3n, un \u00e1rea de estudio secundaria que complementa su especializaci\u00f3n, pero es menos extensa en cuanto a las asignaturas obligatorias.&nbsp; Permite que los estudiantes exploren un inter\u00e9s acad\u00e9mico adicional sin continuar una especializaci\u00f3n completa en ese campo. Seg\u00fan la especializaci\u00f3n que elija el estudiante, es posible que deba declarar una subespecializaci\u00f3n.&nbsp;&nbsp;<\/p>\n\n\n\n<p>Una vez que los estudiantes elijan una especializaci\u00f3n en MSU Denver, tendr\u00e1n acceso al informe de progreso acad\u00e9mico. Este informe es una herramienta de asesoramiento que el estudiante debe usar junto con su asesor durante su trayectoria acad\u00e9mica en MSU Denver. Este les mostrar\u00e1 los cursos obligatorios que deben completar para su especializaci\u00f3n o subespecializaci\u00f3n espec\u00edficas.&nbsp;&nbsp;<\/p>\n\n\n\n<h2 class=\"wp-block-heading\"><strong>Asesoramiento<\/strong><\/h2>\n\n\n\n<p>Elegir una especializaci\u00f3n representa un hito en la trayectoria acad\u00e9mica de un estudiante. Comprender los componentes de su especializaci\u00f3n es fundamental para recorrer los a\u00f1os de formaci\u00f3n en MSU Denver. Cada especializaci\u00f3n en MSU Denver tiene distintos requisitos. Si los estudiantes necesitan ayuda, les recomendamos recurrir a su asesor acad\u00e9mico. Pueden enviar un correo electr\u00f3nico al asesor o programar una consulta en la herramienta Navigate. Si el estudiante no sabe qui\u00e9n es su asesor acad\u00e9mico, debe consultar su informe de progreso acad\u00e9mico.&nbsp;&nbsp;<\/p>\n\n\n\n<h2 class=\"wp-block-heading\"><strong>Asignaturas optativas<\/strong><\/h2>\n\n\n\n<p>Son cursos que los estudiantes pueden elegir seg\u00fan sus intereses personales o para cumplir requisitos de cr\u00e9dito. Ofrecen flexibilidad y permiten que los estudiantes exploren temas ajenos a su especializaci\u00f3n o subespecializaci\u00f3n, lo cual contribuye a una experiencia educativa completa. Por ejemplo, si un estudiante hace una especializaci\u00f3n en Producci\u00f3n de Video, puede tomar asignaturas optativas fuera de su especializaci\u00f3n, como cursos de actuaci\u00f3n o de hoteler\u00eda.&nbsp;&nbsp;<\/p>\n\n\n\n<h2 class=\"wp-block-heading\"><strong>Cursos espec\u00edficos de especializaci\u00f3n<\/strong><\/h2>\n\n\n\n<p>Son clases que se centran espec\u00edficamente en la especializaci\u00f3n que elija el estudiante. Estos cursos est\u00e1n dise\u00f1ados para dotar a los estudiantes de habilidades y conocimientos profundos vinculados a ese campo. Por ejemplo, si un estudiante se especializa en contabilidad, sus cursos espec\u00edficos de especializaci\u00f3n podr\u00edan incluir clases como Contabilidad, Marketing y Econom\u00eda. Si el estudiante se especializa en Aviaci\u00f3n, su curso espec\u00edfico de especializaci\u00f3n puede incluir Planificaci\u00f3n Aeroportuaria u Operaciones de Vuelos Espaciales.&nbsp;&nbsp;<\/p>\n\n\n\n<p>Ahora que nos sentimos un poco m\u00e1s c\u00f3modos con las partes que conforman un t\u00edtulo, veamos de qu\u00e9 forma un estudiante puede tener \u00e9xito incluso sin saber su especializaci\u00f3n de inmediato.<\/p>\n\n\n<div>\n\t<div class=\"su-note\"  style=\"border-color:#dadadd;border-radius:3px;-moz-border-radius:3px;-webkit-border-radius:3px;\"><div class=\"su-note-inner su-u-clearfix su-u-trim\" style=\"background-color:#f4f4f7;border-color:#ffffff;color:#333333;border-radius:3px;-moz-border-radius:3px;-webkit-border-radius:3px;\">\n<h2>Verificaci\u00f3n de conocimiento<\/h2>\n<p>Pruebe su comprensi\u00f3n del material en esta p\u00e1gina con las preguntas a continuaci\u00f3n. Considere su respuesta a cada pregunta de opci\u00f3n m\u00faltiple, luego haga clic en &#8220;Verificar su respuesta&#8221; debajo de cada pregunta para saber si estaba en lo correcto.<\/p>\n<ol>\n<li>\u00bfCu\u00e1l es el objetivo de los cursos de estudios generales en MSU Denver?\n<ul>\n<li>Brindar un grupo de cursos b\u00e1sicos que cubren una amplia variedad de temas. <\/li>\n<li>Dejar que los estudiantes exploren un inter\u00e9s acad\u00e9mico adicional.  <\/li>\n<li>Centrarse espec\u00edficamente en la especializaci\u00f3n que elija el estudiante.  <\/li>\n<li> Cumplir los requisitos de cr\u00e9dito espec\u00edficos.<\/li>\n<\/ul>\n<\/li>\n<details class=\"wp-block-details\">\n<summary>Verificar su respuesta<\/summary>\n<p>Brindar un grupo de cursos b\u00e1sicos que cubren una amplia variedad de temas. <\/p>\n<\/details>\n<p><\/p>\n<li>\u00bfQu\u00e9 funci\u00f3n cumple una subespecializaci\u00f3n en la trayectoria acad\u00e9mica de un estudiante en MSU Denver?\n<ul>\n<li>Es un \u00e1rea de estudio secundaria que complementa la especializaci\u00f3n del estudiante.\u00a0<\/li>\n<li>Es lo mismo que la especializaci\u00f3n del estudiante.<\/li>\n<li>Elimina la necesidad de asignaturas optativas.  <\/li>\n<li>Es un grupo de cursos b\u00e1sicos que cubren una amplia variedad de temas.  <\/li>\n<\/ul>\n<\/li>\n<details class=\"wp-block-details\">\n<summary>Verificar su respuesta<\/summary>\n<p>Es un \u00e1rea de estudio secundaria que complementa la especializaci\u00f3n del estudiante.\u00a0<\/p>\n<\/details>\n<\/li>\n<p><\/p>\n<li>\u00bfCu\u00e1l es el objetivo del Informe de progreso acad\u00e9mico en MSU Denver?\n<ul>\n<li> Se usa para solicitar la graduaci\u00f3n.\u00a0<\/li>\n<li>Es una herramienta de asesoramiento que emplean los estudiantes y sus asesores.\u00a0<\/li>\n<li>Se usa para elegir una especializaci\u00f3n.\u00a0<\/li>\n<li>Se usa para inscribirse en cursos.<\/li>\n<\/ul>\n<\/li>\n<details class=\"wp-block-details\">\n<summary>Verificar su respuesta<\/summary>\n<p>Es una herramienta de asesoramiento que emplean los estudiantes y sus asesores.\u00a0<\/p>\n<\/details>\n<\/li>\n<\/ol>\n<\/div><\/div>\n\n\n\n<div class=\"wp-block-buttons is-layout-flex wp-block-buttons-is-layout-flex\">\n<div class=\"wp-block-button\"><a class=\"wp-block-button__link wp-element-button\" href=\"https:\/\/sites.msudenver.edu\/familyandsupport1010\/modulo-3\/partes-que-conforman-un-titulo\/explorar-especializaciones\/\">Siguiente: Explorar especializaciones&nbsp;<\/a><\/div>\n<\/div>\n","protected":false},"excerpt":{"rendered":"<p>Hay varias partes o decisiones que influyen en el t\u00edtulo que un estudiante recibe. Todos los estudiantes completan una serie cursos comunes conocida como cursos b\u00e1sicos; hay una variedad de opciones en cuanto a qu\u00e9 cursos cumplen los requisitos de los cursos b\u00e1sicos del plan de estudios. Adem\u00e1s de estos cursos, el estudiante deber\u00e1 elegir [&hellip;]<\/p>\n","protected":false},"author":905,"featured_media":0,"parent":309,"menu_order":0,"comment_status":"closed","ping_status":"closed","template":"","meta":{"_exactmetrics_skip_tracking":false,"_exactmetrics_sitenote_active":false,"_exactmetrics_sitenote_note":"","_exactmetrics_sitenote_category":0,"footnotes":""},"class_list":["post-311","page","type-page","status-publish","hentry"],"_links":{"self":[{"href":"https:\/\/sites.msudenver.edu\/familyandsupport1010\/wp-json\/wp\/v2\/pages\/311","targetHints":{"allow":["GET"]}}],"collection":[{"href":"https:\/\/sites.msudenver.edu\/familyandsupport1010\/wp-json\/wp\/v2\/pages"}],"about":[{"href":"https:\/\/sites.msudenver.edu\/familyandsupport1010\/wp-json\/wp\/v2\/types\/page"}],"author":[{"embeddable":true,"href":"https:\/\/sites.msudenver.edu\/familyandsupport1010\/wp-json\/wp\/v2\/users\/905"}],"replies":[{"embeddable":true,"href":"https:\/\/sites.msudenver.edu\/familyandsupport1010\/wp-json\/wp\/v2\/comments?post=311"}],"version-history":[{"count":0,"href":"https:\/\/sites.msudenver.edu\/familyandsupport1010\/wp-json\/wp\/v2\/pages\/311\/revisions"}],"up":[{"embeddable":true,"href":"https:\/\/sites.msudenver.edu\/familyandsupport1010\/wp-json\/wp\/v2\/pages\/309"}],"wp:attachment":[{"href":"https:\/\/sites.msudenver.edu\/familyandsupport1010\/wp-json\/wp\/v2\/media?parent=311"}],"curies":[{"name":"wp","href":"https:\/\/api.w.org\/{rel}","templated":true}]}}