{"id":312,"date":"2024-05-30T15:49:06","date_gmt":"2024-05-30T15:49:06","guid":{"rendered":"https:\/\/sites.msudenver.edu\/familyandsupport1010\/?page_id=312"},"modified":"2024-06-12T20:31:12","modified_gmt":"2024-06-12T20:31:12","slug":"explorar-especializaciones","status":"publish","type":"page","link":"https:\/\/sites.msudenver.edu\/familyandsupport1010\/modulo-3\/partes-que-conforman-un-titulo\/explorar-especializaciones\/","title":{"rendered":"Explorar especializaciones\u00a0"},"content":{"rendered":"\n<p>Existe una idea equivocada de que los estudiantes que ingresan a la universidad ya saben la especializaci\u00f3n que van a seguir y que culminar\u00e1n la carrera en cuatro a\u00f1os. Sabemos que este no es el camino que todos siguen. Los estudiantes llegan a la universidad inseguros respecto a lo que quieren estudiar, deciden cambiar de especializaci\u00f3n una vez que han adquirido algo de experiencia en cursos o despu\u00e9s de interrumpir los estudios universitarios y de necesitar ayuda para retomarlos. En MSU Denver, la Oficina de Orientaci\u00f3n Vocacional ayuda a estos estudiantes mediante una variedad de recursos y apoyo.<\/p>\n\n\n\n<figure style=\"float:center\">\n\n<!-- iframe plugin v.6.0 wordpress.org\/plugins\/iframe\/ -->\n<iframe title=\"Embedded Media titled: FERPA\" width=\"560\" height=\"315\" src=\"https:\/\/msudenver.yuja.com\/V\/Video?v=10147079&#038;node=44127191&#038;a=190399216\" frameborder=\"0\" 0=\"webkitallowfullscreen\" 1=\"mozallowfullscreen\" 2=\"allowfullscreen\" loading=\"lazy\" scrolling=\"yes\" class=\"iframe-class\"><\/iframe>\n\n<figcaption>\n\t\t<small><a target=\"_blank\" rel=\"noopener noreferrer\" href=\"https:\/\/msudenver.yuja.com\/V\/Video?v=10147079&amp;node=44127191&amp;a=190399216\">Fullscreen Video<\/small><\/a>\n\t<\/figcaption>\n<\/figure>\n\n\n\n<h2 class=\"wp-block-heading\"><strong>Encontrar la especializaci\u00f3n<\/strong><\/h2>\n\n\n\n<p>Los estudiantes sin especializaci\u00f3n exploran distintos campos de estudio antes de declarar oficialmente una especializaci\u00f3n. Estos han obtenido menos de 45 horas cr\u00e9dito y han asistido a la instituci\u00f3n de ense\u00f1anza superior de 1 a 3 semestres. Tambi\u00e9n pueden ser estudiantes que han declarado una especializaci\u00f3n y est\u00e1n pensando en cambiar a otra distinta, o bien aquellos que se han tomado un tiempo libre y ahora est\u00e1n buscando la v\u00eda m\u00e1s r\u00e1pida para graduarse.\u202f\u202f&nbsp;<\/p>\n\n\n\n<p>Cuando los estudiantes sin especializaci\u00f3n no est\u00e1n seguros de qu\u00e9 especializaci\u00f3n elegir, hay varios factores que deben considerar para reducir las especializaciones que les interesan. Entre otros, valores personales, metas profesionales, preferencias o aversiones, y otros. Asimismo, deben recordar mantenerse abiertos a distintos caminos; a lo largo de su formaci\u00f3n educativa desarrollar\u00e1n habilidades que pueden usarse en muchos campos. Adem\u00e1s, los integrantes de la familia pueden ser un sistema de apoyo fundamental para ellos al comprender que, pese a que los estudiantes no han declarado una especializaci\u00f3n, de todos modos est\u00e1n trabajando hacia su t\u00edtulo. Las familias pueden ayudar al escuchar a los estudiantes y sus inquietudes. Los estudiantes deben recordar que aprender de los docentes y exalumnos puede ayudarlos a explorar y aprender sobre salidas profesionales en distintos campos. Por \u00faltimo, la Oficina de Orientaci\u00f3n Vocacional usa gu\u00edas de orientaci\u00f3n para ayudar a los estudiantes a explorar sus opciones.&nbsp; Para saber sobre las distintas especializaciones, los estudiantes pueden usar los estudios generales y los cursos exploratorios para \u201cprobar\u201d o hacerse una idea de lo que tratan las distintas especializaciones. Dado que una licenciatura se compone de al menos 120 horas cr\u00e9dito, de las cuales por lo menos 33 son los cursos obligatorios de estudios generales, esta es la mejor opci\u00f3n para explorar y simult\u00e1neamente cumplir los requisitos necesarios para una licenciatura. Los cursos exploratorios tambi\u00e9n pueden servir de introducci\u00f3n a distintas especializaciones.\u202f\u202f<\/p>\n\n\n\n<h2 class=\"wp-block-heading\"><strong>Orientaci\u00f3n vocacional<\/strong><\/h2>\n\n\n\n<p>La Oficina de Orientaci\u00f3n Vocacional ayuda a los estudiantes sin especializaci\u00f3n a recorrer este proceso mediante una variedad de servicios, como apoyo acad\u00e9mico y del plan de estudios provisto por orientadores vocacionales, as\u00ed como informaci\u00f3n sobre recursos y eventos que tienen lugar en el campus. Adem\u00e1s de las v\u00edas de exploraci\u00f3n, tambi\u00e9n hay una Feria de D\u00edas de Exploraci\u00f3n, que re\u00fane a todos los departamentos de MSU Denver en un lugar para que hablen con los estudiantes sobre sus programas. El proceso de ser un estudiante sin especializaci\u00f3n puede resultar estresante y preocupante, pero la Oficina de Orientaci\u00f3n Vocacional y los asesores est\u00e1n aqu\u00ed para prestar apoyo y mantener motivados a los estudiantes mientras exploran.\u202f\u202f&nbsp;<\/p>\n\n\n\n<h2 class=\"wp-block-heading\"><strong>Oficina de Compromiso con la Carrera<\/strong><\/h2>\n\n\n\n<p>La Oficina de Compromiso con la Carrera brinda apoyo adicional continuo a los estudiantes mientras exploran carreras y especializaciones relacionadas. Ofrece recursos y servicios como la base de datos de carreras por especializaci\u00f3n, una gu\u00eda de exploraci\u00f3n de carreras especializaciones, evaluaciones de personalidad y habilidades, talleres de redacci\u00f3n del curr\u00edculo y la carta de presentaci\u00f3n, y m\u00e1s. Recomendamos que los estudiantes hagan uso de estos servicios para que puedan pensar de qu\u00e9 forma su especializaci\u00f3n se alinear\u00e1 con su carrera una vez que se grad\u00faen.\u202f&nbsp;<\/p>\n\n\n\n<p>Cuando la Oficina de Compromiso con la Carrera se re\u00fane con los estudiantes, se enfatiza que, pese a que los estudiantes est\u00e1n en fase de exploraci\u00f3n, de todos modos est\u00e1n trabajando hacia la obtenci\u00f3n de su t\u00edtulo. Al elegir una especializaci\u00f3n, es importante que los estudiantes recuerden que no hay un \u00fanico t\u00edtulo que sea \u201cmejor\u201d, sino que deber\u00edan optar por una especializaci\u00f3n que se corresponda con sus aspiraciones profesionales y planes posteriores a la obtenci\u00f3n del t\u00edtulo de licenciatura. Mientras que las especializaciones allanan el camino para ciertas oportunidades laborales, cada campo de estudio tiene la misma importancia en la ampliaci\u00f3n de conocimientos individuales. Adem\u00e1s, hay exalumnos de MSU Denver de todas las especializaciones que tienen carreras exitosas y fueron aceptados en programas de posgrado incre\u00edbles, independientemente de su orientaci\u00f3n.&nbsp;<\/p>\n\n\n\n<p>Si sus estudiantes quieren reunirse con un orientador vocacional o saber m\u00e1s sobre cualquiera de los recursos, visiten su sitio web. &nbsp;<\/p>\n\n\n\n<p>Continuemos nuestro recorrido informativo con la forma en que se obtienen los t\u00edtulos y el tiempo que lleva.<\/p>\n\n\n<div>\n\t<div class=\"su-note\"  style=\"border-color:#dadadd;border-radius:3px;-moz-border-radius:3px;-webkit-border-radius:3px;\"><div class=\"su-note-inner su-u-clearfix su-u-trim\" style=\"background-color:#f4f4f7;border-color:#ffffff;color:#333333;border-radius:3px;-moz-border-radius:3px;-webkit-border-radius:3px;\">\n<h2>Verificaci\u00f3n de conocimiento<\/h2>\n<p>Pruebe su comprensi\u00f3n del material en esta p\u00e1gina con las preguntas a continuaci\u00f3n. Considere su respuesta a cada pregunta de opci\u00f3n m\u00faltiple, luego haga clic en &#8220;Verificar su respuesta&#8221; debajo de cada pregunta para saber si estaba en lo correcto.<\/p>\n<ol>\n<li>\u00bfQu\u00e9 funci\u00f3n cumple la Oficina de Orientaci\u00f3n Vocacional en MSU Denver?\n<ul>\n<li>Brindar apoyo acad\u00e9mico y para el plan de estudios a los estudiantes sin especializaci\u00f3n.<\/li>\n<li>Declarar una especializaci\u00f3n para los estudiantes.\u00a0<\/li>\n<li>Ofrecer cursos de estudios generales.\u00a0<\/li>\n<li>Ofrecer cursos espec\u00edficos de especializaci\u00f3n. <\/li>\n<\/ul>\n<\/li>\n<details class=\"wp-block-details\">\n<summary>Verificar su respuesta<\/summary>\n<p>Brindar apoyo acad\u00e9mico y para el plan de estudios a los estudiantes sin especializaci\u00f3n.<\/p>\n<\/details>\n<p><\/p>\n<li>\u00bfQui\u00e9nes se consideran estudiantes sin especializaci\u00f3n en MSU Denver?\n<ul>\n<li>Los estudiantes que han obtenido menos de 45 horas cr\u00e9dito y han asistido a la instituci\u00f3n de ense\u00f1anza superior de 1 a 3 semestres.\u00a0<\/li>\n<li> Los estudiantes que han declarado una especializaci\u00f3n.<\/li>\n<li>Los estudiantes que han completado su t\u00edtulo.\u00a0<\/li>\n<li>Los estudiantes que han obtenido m\u00e1s de 120 horas cr\u00e9dito.<\/li>\n<\/ul>\n<\/li>\n<details class=\"wp-block-details\">\n<summary>Verificar su respuesta<\/summary>\n<p>Los estudiantes que han obtenido menos de 45 horas cr\u00e9dito y han asistido a la instituci\u00f3n de ense\u00f1anza superior de 1 a 3 semestres.\u00a0<\/p>\n<\/details>\n<\/li>\n<p><\/p>\n<li>\u00bfQu\u00e9 factores deben tener en cuenta los estudiantes sin especializaci\u00f3n al elegir una especializaci\u00f3n?\n<ul>\n<li>Valores personales, metas profesionales, preferencias o aversiones.\u00a0<\/li>\n<li> La cantidad de horas cr\u00e9dito obtenidas.\u00a0<\/li>\n<li>La especializaci\u00f3n de sus amigos y familiares.\u00a0<\/li>\n<li>La oferta de cursos de especializaci\u00f3n espec\u00edficos. <\/li>\n<\/ul>\n<\/li>\n<details class=\"wp-block-details\">\n<summary>Verificar su respuesta<\/summary>\n<p>Valores personales, metas profesionales, preferencias o aversiones.\u00a0<\/p>\n<\/details>\n<\/li>\n<\/ol>\n<\/div><\/div>\n\n\n\n<div class=\"wp-block-buttons is-layout-flex wp-block-buttons-is-layout-flex\">\n<div class=\"wp-block-button\"><a class=\"wp-block-button__link wp-element-button\" href=\"https:\/\/sites.msudenver.edu\/familyandsupport1010\/modulo-3\/partes-que-conforman-un-titulo\/explorar-especializaciones\/titulos-y-semestres-de-msu-denver\/\">Siguiente: T\u00edtulos y semestres de MSU Denver&nbsp;<\/a><\/div>\n<\/div>\n","protected":false},"excerpt":{"rendered":"<p>Existe una idea equivocada de que los estudiantes que ingresan a la universidad ya saben la especializaci\u00f3n que van a seguir y que culminar\u00e1n la carrera en cuatro a\u00f1os. Sabemos que este no es el camino que todos siguen. Los estudiantes llegan a la universidad inseguros respecto a lo que quieren estudiar, deciden cambiar de [&hellip;]<\/p>\n","protected":false},"author":905,"featured_media":0,"parent":311,"menu_order":0,"comment_status":"closed","ping_status":"closed","template":"","meta":{"_exactmetrics_skip_tracking":false,"_exactmetrics_sitenote_active":false,"_exactmetrics_sitenote_note":"","_exactmetrics_sitenote_category":0,"footnotes":""},"class_list":["post-312","page","type-page","status-publish","hentry"],"_links":{"self":[{"href":"https:\/\/sites.msudenver.edu\/familyandsupport1010\/wp-json\/wp\/v2\/pages\/312","targetHints":{"allow":["GET"]}}],"collection":[{"href":"https:\/\/sites.msudenver.edu\/familyandsupport1010\/wp-json\/wp\/v2\/pages"}],"about":[{"href":"https:\/\/sites.msudenver.edu\/familyandsupport1010\/wp-json\/wp\/v2\/types\/page"}],"author":[{"embeddable":true,"href":"https:\/\/sites.msudenver.edu\/familyandsupport1010\/wp-json\/wp\/v2\/users\/905"}],"replies":[{"embeddable":true,"href":"https:\/\/sites.msudenver.edu\/familyandsupport1010\/wp-json\/wp\/v2\/comments?post=312"}],"version-history":[{"count":0,"href":"https:\/\/sites.msudenver.edu\/familyandsupport1010\/wp-json\/wp\/v2\/pages\/312\/revisions"}],"up":[{"embeddable":true,"href":"https:\/\/sites.msudenver.edu\/familyandsupport1010\/wp-json\/wp\/v2\/pages\/311"}],"wp:attachment":[{"href":"https:\/\/sites.msudenver.edu\/familyandsupport1010\/wp-json\/wp\/v2\/media?parent=312"}],"curies":[{"name":"wp","href":"https:\/\/api.w.org\/{rel}","templated":true}]}}