{"id":313,"date":"2024-05-30T15:54:08","date_gmt":"2024-05-30T15:54:08","guid":{"rendered":"https:\/\/sites.msudenver.edu\/familyandsupport1010\/?page_id=313"},"modified":"2024-06-12T20:31:39","modified_gmt":"2024-06-12T20:31:39","slug":"titulos-y-semestres-de-msu-denver","status":"publish","type":"page","link":"https:\/\/sites.msudenver.edu\/familyandsupport1010\/modulo-3\/partes-que-conforman-un-titulo\/explorar-especializaciones\/titulos-y-semestres-de-msu-denver\/","title":{"rendered":"T\u00edtulos y semestres de MSU Denver\u00a0"},"content":{"rendered":"\n<figure class=\"wp-block-image size-large\"><img loading=\"lazy\" decoding=\"async\" width=\"1024\" height=\"283\" src=\"http:\/\/sites.msudenver.edu\/familyandsupport1010\/wp-content\/uploads\/sites\/491\/2024\/05\/FirstWeekofFallSemester_210825_AM-42-1024x283.jpg\" alt=\"\" class=\"wp-image-204\" srcset=\"https:\/\/sites.msudenver.edu\/familyandsupport1010\/wp-content\/uploads\/sites\/491\/2024\/05\/FirstWeekofFallSemester_210825_AM-42-1024x283.jpg 1024w, https:\/\/sites.msudenver.edu\/familyandsupport1010\/wp-content\/uploads\/sites\/491\/2024\/05\/FirstWeekofFallSemester_210825_AM-42-300x83.jpg 300w, https:\/\/sites.msudenver.edu\/familyandsupport1010\/wp-content\/uploads\/sites\/491\/2024\/05\/FirstWeekofFallSemester_210825_AM-42-768x212.jpg 768w, https:\/\/sites.msudenver.edu\/familyandsupport1010\/wp-content\/uploads\/sites\/491\/2024\/05\/FirstWeekofFallSemester_210825_AM-42-1536x424.jpg 1536w, https:\/\/sites.msudenver.edu\/familyandsupport1010\/wp-content\/uploads\/sites\/491\/2024\/05\/FirstWeekofFallSemester_210825_AM-42-2048x566.jpg 2048w, https:\/\/sites.msudenver.edu\/familyandsupport1010\/wp-content\/uploads\/sites\/491\/2024\/05\/FirstWeekofFallSemester_210825_AM-42-1200x332.jpg 1200w, https:\/\/sites.msudenver.edu\/familyandsupport1010\/wp-content\/uploads\/sites\/491\/2024\/05\/FirstWeekofFallSemester_210825_AM-42-1980x547.jpg 1980w\" sizes=\"auto, (max-width: 1024px) 100vw, 1024px\" \/><\/figure>\n\n\n\n<p>Ahora que sabemos qu\u00e9 son los t\u00edtulos y sus beneficios, ampliaremos ese conocimiento respecto a c\u00f3mo se obtienen. &nbsp;Esto abarca comprender c\u00f3mo funciona el sistema de semestres en MSU Denver, los distintos m\u00e9todos de dictado de cursos, el concepto de horas cr\u00e9dito y las expectativas para los estudiantes a tiempo completo. Pese a que la meta de un t\u00edtulo de licenciatura en cuatro a\u00f1os es habitual, no siempre es realista o adecuada. Veremos gu\u00edas sobre c\u00f3mo equilibrar los compromisos acad\u00e9micos con las responsabilidades personales y las estrategias para graduarse dentro del plazo deseado. El objetivo es facultar al estudiante con los conocimientos que necesita para transitar la experiencia universitaria con \u00e9xito.&nbsp;<\/p>\n\n\n\n<h2 class=\"wp-block-heading\"><strong>Semestres<\/strong><\/h2>\n\n\n\n<p>El a\u00f1o acad\u00e9mico tradicional es de agosto a mayo. A menudo, ver\u00e1n los calendarios acad\u00e9micos escritos de esta forma. Durante el a\u00f1o acad\u00e9mico, tenemos tres semestres.&nbsp;Un semestre es una medida de tiempo.&nbsp;<\/p>\n\n\n\n<ol class=\"wp-block-list\">\n<li>Oto\u00f1o (agosto a diciembre)<\/li>\n\n\n\n<li>Primavera (enero a mayo)&nbsp;<\/li>\n\n\n\n<li>Verano (junio a agosto)&nbsp;<\/li>\n<\/ol>\n\n\n\n<p>Los semestres de oto\u00f1o y primavera duran 16 semanas y tienen 1 semana de descanso que se conoce como las vacaciones de oto\u00f1o y primavera respectivamente. El semestre de verano consta de solo 10 semanas, por lo que los cursos se dictan a un ritmo m\u00e1s acelerado. Seg\u00fan la situaci\u00f3n particular de cada estudiante, el orientador vocacional puede recomendarle a cu\u00e1ntos cr\u00e9ditos inscribirse cada semestre.&nbsp;&nbsp;<\/p>\n\n\n\n<h2 class=\"wp-block-heading\"><strong>M\u00e9todos de dictado de cursos en MSU Denver&nbsp;<\/strong><\/h2>\n\n\n\n<p>En MSU Denver, ofrecemos una variedad de m\u00e9todos de dictado de cursos. Algunos pueden ser presenciales, y otros pueden ser clases asincr\u00f3nicas, lo que significa que son clases en l\u00ednea que no tienen un horario programado para reunirse. Las clases sincr\u00f3nicas son clases virtuales que tienen horarios de reuni\u00f3n concretos y, por lo general, se dictan por Zoom o Microsoft Teams.&nbsp;Para obtener una descripci\u00f3n completa de todos los tipos de cursos de MSU Denver, visiten la <a href=\"https:\/\/www.msudenver.edu\/registrar\/registration-guide\/%20:~:text=The%20course%20delivery%20methods%20that,Experience%2C%20Practicum%2C%20and%20Internships\" target=\"_blank\" rel=\"noreferrer noopener\">p\u00e1gina de informaci\u00f3n de inscripci\u00f3n<\/a>.&nbsp;<\/p>\n\n\n\n<h2 class=\"wp-block-heading\"><strong>\u00bfQu\u00e9 son las horas cr\u00e9dito?&nbsp;<\/strong><\/h2>\n\n\n\n<p>El progreso hacia la obtenci\u00f3n de un t\u00edtulo se mide en horas cr\u00e9dito. El Informe de progreso acad\u00e9mico mostrar\u00e1 la cantidad de cr\u00e9ditos completados en los semestres anteriores, los cr\u00e9ditos necesarios y los cr\u00e9ditos que est\u00e1n en curso en el semestre actual.&nbsp;<\/p>\n\n\n\n<p>Las horas cr\u00e9dito tambi\u00e9n estiman la cantidad de tiempo que un estudiante pasar\u00e1 en clase o en un curso asignado por semana.&nbsp; Por ejemplo, si un estudiante tiene clases de lunes a mi\u00e9rcoles de 11&nbsp;a.&nbsp;m. a 12:15&nbsp;p.&nbsp;m., est\u00e1 pasando alrededor de 3 horas por semana en esta clase que equivale a 3 cr\u00e9ditos. Para las clases en l\u00ednea, estas pueden ser debates, videos de car\u00e1cter obligatorio, una tarea que deben completar cada semana.&nbsp;&nbsp;<\/p>\n\n\n\n<p>&nbsp;Es posible que se pregunten cu\u00e1nto tiempo debe reservar un estudiante para estudiar.&nbsp;&nbsp;<\/p>\n\n\n\n<p>Por lo general, se toma la cantidad de horas cr\u00e9dito que el estudiante est\u00e1 cursando este semestre y se duplica para calcular el tiempo de estudio fuer de clase. Por ejemplo, si un estudiante est\u00e1 cursando 12 horas cr\u00e9dito, eso significa que necesitar\u00e1 apartar alrededor de 24 horas m\u00e1s por semana para estudiar. En total, esto ser\u00eda aproximadamente 30 horas por semana de tiempo de clase y de estudio fuera del sal\u00f3n de clases.&nbsp;&nbsp;<\/p>\n\n\n\n<p>Si los estudiantes cursan 15 cr\u00e9ditos por semestre, deben calcular alrededor de 30 horas m\u00e1s por semana para estudiar. En total, esto ser\u00eda unas 45 horas por semana de tiempo de clase y de estudio fuera del sal\u00f3n de clases.&nbsp;<\/p>\n\n\n\n<p>Todo esto es para se\u00f1alar que es importante que las familias recuerden que los estudiantes pueden tener otras responsabilidades fuera del sal\u00f3n de clases. Las obligaciones fuera del sal\u00f3n de clases deben tenerse en cuenta cuando los estudiantes se inscriban a clases.&nbsp; Los estudiantes deben considerar el tiempo para sus empleos, el tiempo para socializar con amigos y familiares y el tiempo para distenderse y cuidar de s\u00ed mismos. &nbsp;<\/p>\n\n\n\n<h2 class=\"wp-block-heading\"><strong>\u00bfQu\u00e9 es tiempo completo?&nbsp;<\/strong><\/h2>\n\n\n\n<p>A efectos de la ayuda financiera, un estudiante est\u00e1 a tiempo completo cuando se inscribe en 12 horas cr\u00e9dito. En los semestres de oto\u00f1o y primavera, para recibir el paquete completo de ayuda financiera, los estudiantes deben inscribirse en al menos 12 horas cr\u00e9dito. Dado que el semestre de verano es m\u00e1s breve y tiene un ritmo m\u00e1s acelerado, el tiempo completo para ese semestre es de 6 horas cr\u00e9dito.&nbsp;<\/p>\n\n\n\n<h2 class=\"wp-block-heading\"><strong>\u00bfC\u00f3mo se grad\u00faan los estudiantes en cuatro a\u00f1os? <\/strong><\/h2>\n\n\n\n<p>Para graduarse en cuatro a\u00f1os, los estudiantes normalmente deben completar un m\u00ednimo de 30 cr\u00e9ditos por a\u00f1o. Esto puede lograrse al tomar 15 cr\u00e9ditos en los semestres de primavera y oto\u00f1o, o bien pueden tomar 12 cr\u00e9ditos en el semestre de primavera y oto\u00f1o con 6 cr\u00e9ditos adicionales durante el verano.&nbsp;<\/p>\n\n\n\n<p>Es importante tener en cuenta que la expectativa de graduarse de la universidad en cuatro a\u00f1os no es universal. Cada experiencia universitaria estudiantil es \u00fanica.&nbsp; Algunos pueden graduarse en 2 o 3 a\u00f1os debido a los cr\u00e9ditos universitarios que cursaron en la preparatoria, mientras que a otros puede llevarles de 4 a 6 a\u00f1os, seg\u00fan su carga de cr\u00e9ditos por semestre.&nbsp;&nbsp;&nbsp;&nbsp;&nbsp; &nbsp;Comprender las horas cr\u00e9dito y de qu\u00e9 forma contribuyen al progreso acad\u00e9mico es fundamental para los estudiantes que recorren su camino universitario. Independientemente de que se trate de equilibrar los compromisos laborales y universitarios, explorar los distintos intereses acad\u00e9micos o aprovechar cr\u00e9ditos obtenidos mediante cursos de preparatoria, la experiencia de cada estudiante pone de relieve la importancia de la flexibilidad, la perseverancia y la toma de decisiones informada. Mientras las familias apoyan a los estudiantes en su recorrido, es fundamental que reconozcan que el tiempo hasta la graduaci\u00f3n puede variar y necesitar ajustes seg\u00fan las circunstancias individuales. Al dotar a los estudiantes con conocimientos sobre las horas cr\u00e9dito y las expectativas acad\u00e9micas, podemos ayudarlos a transitar su experiencia universitaria con seguridad y \u00e9xito.<\/p>\n\n\n<div>\n\t<div class=\"su-note\"  style=\"border-color:#dadadd;border-radius:3px;-moz-border-radius:3px;-webkit-border-radius:3px;\"><div class=\"su-note-inner su-u-clearfix su-u-trim\" style=\"background-color:#f4f4f7;border-color:#ffffff;color:#333333;border-radius:3px;-moz-border-radius:3px;-webkit-border-radius:3px;\">\n<h2>Verificaci\u00f3n de conocimiento<\/h2>\n<p>Pruebe su comprensi\u00f3n del material en esta p\u00e1gina con las preguntas a continuaci\u00f3n. Considere su respuesta a cada pregunta de opci\u00f3n m\u00faltiple, luego haga clic en &#8220;Verificar su respuesta&#8221; debajo de cada pregunta para saber si estaba en lo correcto.<\/p>\n<ol>\n<li>\u00bfQu\u00e9 duraci\u00f3n tienen los semestres de oto\u00f1o y primavera en MSU Denver?\n<ul>\n<li>10 semanas.\u00a0<\/li>\n<li>12 semanas.\u00a0<\/li>\n<li>16 semanas.\u00a0<\/li>\n<li>20 semanas.\u00a0<\/li>\n<\/ul>\n<\/li>\n<details class=\"wp-block-details\">\n<summary>Verificar su respuesta<\/summary>\n<p>16 semanas.\u00a0<\/p>\n<\/details>\n<\/ol>\n<\/div><\/div>\n\n\n\n<div class=\"wp-block-buttons is-layout-flex wp-block-buttons-is-layout-flex\">\n<div class=\"wp-block-button\"><a class=\"wp-block-button__link wp-element-button\" href=\"https:\/\/sites.msudenver.edu\/familyandsupport1010\/modulo-3\/partes-que-conforman-un-titulo\/explorar-especializaciones\/titulos-y-semestres-de-msu-denver\/asesoramiento-academico\/\">Siguiente: Asesoramiento acad\u00e9mico&nbsp;<\/a><\/div>\n<\/div>\n","protected":false},"excerpt":{"rendered":"<p>Ahora que sabemos qu\u00e9 son los t\u00edtulos y sus beneficios, ampliaremos ese conocimiento respecto a c\u00f3mo se obtienen. &nbsp;Esto abarca comprender c\u00f3mo funciona el sistema de semestres en MSU Denver, los distintos m\u00e9todos de dictado de cursos, el concepto de horas cr\u00e9dito y las expectativas para los estudiantes a tiempo completo. Pese a que la [&hellip;]<\/p>\n","protected":false},"author":905,"featured_media":0,"parent":312,"menu_order":0,"comment_status":"closed","ping_status":"closed","template":"","meta":{"_exactmetrics_skip_tracking":false,"_exactmetrics_sitenote_active":false,"_exactmetrics_sitenote_note":"","_exactmetrics_sitenote_category":0,"footnotes":""},"class_list":["post-313","page","type-page","status-publish","hentry"],"_links":{"self":[{"href":"https:\/\/sites.msudenver.edu\/familyandsupport1010\/wp-json\/wp\/v2\/pages\/313","targetHints":{"allow":["GET"]}}],"collection":[{"href":"https:\/\/sites.msudenver.edu\/familyandsupport1010\/wp-json\/wp\/v2\/pages"}],"about":[{"href":"https:\/\/sites.msudenver.edu\/familyandsupport1010\/wp-json\/wp\/v2\/types\/page"}],"author":[{"embeddable":true,"href":"https:\/\/sites.msudenver.edu\/familyandsupport1010\/wp-json\/wp\/v2\/users\/905"}],"replies":[{"embeddable":true,"href":"https:\/\/sites.msudenver.edu\/familyandsupport1010\/wp-json\/wp\/v2\/comments?post=313"}],"version-history":[{"count":0,"href":"https:\/\/sites.msudenver.edu\/familyandsupport1010\/wp-json\/wp\/v2\/pages\/313\/revisions"}],"up":[{"embeddable":true,"href":"https:\/\/sites.msudenver.edu\/familyandsupport1010\/wp-json\/wp\/v2\/pages\/312"}],"wp:attachment":[{"href":"https:\/\/sites.msudenver.edu\/familyandsupport1010\/wp-json\/wp\/v2\/media?parent=313"}],"curies":[{"name":"wp","href":"https:\/\/api.w.org\/{rel}","templated":true}]}}