{"id":316,"date":"2024-05-30T16:11:40","date_gmt":"2024-05-30T16:11:40","guid":{"rendered":"https:\/\/sites.msudenver.edu\/familyandsupport1010\/?page_id=316"},"modified":"2024-06-05T21:35:12","modified_gmt":"2024-06-05T21:35:12","slug":"modulo-4","status":"publish","type":"page","link":"https:\/\/sites.msudenver.edu\/familyandsupport1010\/modulo-4\/","title":{"rendered":"M\u00f3dulo 4\u00a0"},"content":{"rendered":"\n<figure class=\"wp-block-image size-large\"><img loading=\"lazy\" decoding=\"async\" width=\"1024\" height=\"402\" src=\"http:\/\/sites.msudenver.edu\/familyandsupport1010\/wp-content\/uploads\/sites\/491\/2024\/05\/Beer-and-Food-Course_Beverage-Managment_DSC01547_JG_120222-1024x402.jpg\" alt=\"\" class=\"wp-image-210\" srcset=\"https:\/\/sites.msudenver.edu\/familyandsupport1010\/wp-content\/uploads\/sites\/491\/2024\/05\/Beer-and-Food-Course_Beverage-Managment_DSC01547_JG_120222-1024x402.jpg 1024w, https:\/\/sites.msudenver.edu\/familyandsupport1010\/wp-content\/uploads\/sites\/491\/2024\/05\/Beer-and-Food-Course_Beverage-Managment_DSC01547_JG_120222-300x118.jpg 300w, https:\/\/sites.msudenver.edu\/familyandsupport1010\/wp-content\/uploads\/sites\/491\/2024\/05\/Beer-and-Food-Course_Beverage-Managment_DSC01547_JG_120222-768x301.jpg 768w, https:\/\/sites.msudenver.edu\/familyandsupport1010\/wp-content\/uploads\/sites\/491\/2024\/05\/Beer-and-Food-Course_Beverage-Managment_DSC01547_JG_120222-1536x603.jpg 1536w, https:\/\/sites.msudenver.edu\/familyandsupport1010\/wp-content\/uploads\/sites\/491\/2024\/05\/Beer-and-Food-Course_Beverage-Managment_DSC01547_JG_120222-2048x804.jpg 2048w, https:\/\/sites.msudenver.edu\/familyandsupport1010\/wp-content\/uploads\/sites\/491\/2024\/05\/Beer-and-Food-Course_Beverage-Managment_DSC01547_JG_120222-1200x471.jpg 1200w, https:\/\/sites.msudenver.edu\/familyandsupport1010\/wp-content\/uploads\/sites\/491\/2024\/05\/Beer-and-Food-Course_Beverage-Managment_DSC01547_JG_120222-1980x777.jpg 1980w\" sizes=\"auto, (max-width: 1024px) 100vw, 1024px\" \/><\/figure>\n\n\n\n<h2 class=\"wp-block-heading\">Expectativas Acad\u00e9micas y Recursos<\/h2>\n\n\n\n<p>Una raz\u00f3n com\u00fan por la que los estudiantes comienzan la universidad es para obtener una carrera profesional de calidad con su t\u00edtulo. Esta es una meta que MSU Denver tambi\u00e9n espera de sus estudiantes.\u00a0 Es importante participar en oportunidades de desarrollo profesional mientras se est\u00e9 inscrito en una instituci\u00f3n de ense\u00f1anza superior. Idealmente, eso facilita la transici\u00f3n despu\u00e9s de la graduaci\u00f3n y hacia la carrera profesional. En este m\u00f3dulo, brindaremos informaci\u00f3n relacionada con el empleo estudiantil, las oportunidades de desarrollo profesional y el Centro de Transici\u00f3n de la Educaci\u00f3n al Mundo Laboral.<\/p>\n\n\n\n<h2 class=\"wp-block-heading\"><strong>Objetivos de aprendizaje&nbsp;<\/strong><\/h2>\n\n\n\n<ul class=\"wp-block-list\">\n<li>Reconocer de qu\u00e9 forma los docentes transmiten las expectativas acad\u00e9micas y ofrecen herramientas, entre otras, planes de estudio, estructuras de calificaci\u00f3n, lecturas y tareas.&nbsp;<\/li>\n\n\n\n<li>Reconocer los distintos recursos acad\u00e9micos y conjuntos de habilidades, entre otros, el Centro de Redacci\u00f3n, las tutor\u00edas, la instrucci\u00f3n complementaria y las estrategias de lectura y toma de notas.&nbsp;<\/li>\n\n\n\n<li>Reconocer estrategias de gesti\u00f3n del tiempo para ayudar a los estudiantes a equilibrar responsabilidades acad\u00e9micas y personales.&nbsp;<\/li>\n\n\n\n<li>Comparar y contrastar las expectativas acad\u00e9micas en la preparatoria y la universidad.<\/li>\n<\/ul>\n\n\n\n<div class=\"wp-block-buttons is-layout-flex wp-block-buttons-is-layout-flex\">\n<div class=\"wp-block-button\"><a class=\"wp-block-button__link wp-element-button\" href=\"https:\/\/sites.msudenver.edu\/familyandsupport1010\/modulo-4\/el-curriculo-oculto\/\">Siguiente: El curr\u00edculo oculto&nbsp;&nbsp;&nbsp;<\/a><\/div>\n<\/div>\n","protected":false},"excerpt":{"rendered":"<p>Expectativas Acad\u00e9micas y Recursos Una raz\u00f3n com\u00fan por la que los estudiantes comienzan la universidad es para obtener una carrera profesional de calidad con su t\u00edtulo. Esta es una meta que MSU Denver tambi\u00e9n espera de sus estudiantes.\u00a0 Es importante participar en oportunidades de desarrollo profesional mientras se est\u00e9 inscrito en una instituci\u00f3n de ense\u00f1anza [&hellip;]<\/p>\n","protected":false},"author":905,"featured_media":0,"parent":0,"menu_order":0,"comment_status":"closed","ping_status":"closed","template":"","meta":{"_exactmetrics_skip_tracking":false,"_exactmetrics_sitenote_active":false,"_exactmetrics_sitenote_note":"","_exactmetrics_sitenote_category":0,"footnotes":""},"class_list":["post-316","page","type-page","status-publish","hentry"],"_links":{"self":[{"href":"https:\/\/sites.msudenver.edu\/familyandsupport1010\/wp-json\/wp\/v2\/pages\/316","targetHints":{"allow":["GET"]}}],"collection":[{"href":"https:\/\/sites.msudenver.edu\/familyandsupport1010\/wp-json\/wp\/v2\/pages"}],"about":[{"href":"https:\/\/sites.msudenver.edu\/familyandsupport1010\/wp-json\/wp\/v2\/types\/page"}],"author":[{"embeddable":true,"href":"https:\/\/sites.msudenver.edu\/familyandsupport1010\/wp-json\/wp\/v2\/users\/905"}],"replies":[{"embeddable":true,"href":"https:\/\/sites.msudenver.edu\/familyandsupport1010\/wp-json\/wp\/v2\/comments?post=316"}],"version-history":[{"count":0,"href":"https:\/\/sites.msudenver.edu\/familyandsupport1010\/wp-json\/wp\/v2\/pages\/316\/revisions"}],"wp:attachment":[{"href":"https:\/\/sites.msudenver.edu\/familyandsupport1010\/wp-json\/wp\/v2\/media?parent=316"}],"curies":[{"name":"wp","href":"https:\/\/api.w.org\/{rel}","templated":true}]}}