{"id":319,"date":"2024-05-30T16:26:20","date_gmt":"2024-05-30T16:26:20","guid":{"rendered":"https:\/\/sites.msudenver.edu\/familyandsupport1010\/?page_id=319"},"modified":"2024-06-12T20:46:20","modified_gmt":"2024-06-12T20:46:20","slug":"recursos-academicos","status":"publish","type":"page","link":"https:\/\/sites.msudenver.edu\/familyandsupport1010\/modulo-4\/el-curriculo-oculto\/recursos-academicos\/","title":{"rendered":"Recursos acad\u00e9micos"},"content":{"rendered":"\n<figure class=\"wp-block-image size-large is-resized\"><img loading=\"lazy\" decoding=\"async\" width=\"1024\" height=\"312\" src=\"http:\/\/sites.msudenver.edu\/familyandsupport1010\/wp-content\/uploads\/sites\/491\/2024\/05\/LibraryBooks_0001AM_171114_cc-1024x312.jpg\" alt=\"\" class=\"wp-image-245\" style=\"width:613px;height:auto\" srcset=\"https:\/\/sites.msudenver.edu\/familyandsupport1010\/wp-content\/uploads\/sites\/491\/2024\/05\/LibraryBooks_0001AM_171114_cc-1024x312.jpg 1024w, https:\/\/sites.msudenver.edu\/familyandsupport1010\/wp-content\/uploads\/sites\/491\/2024\/05\/LibraryBooks_0001AM_171114_cc-300x91.jpg 300w, https:\/\/sites.msudenver.edu\/familyandsupport1010\/wp-content\/uploads\/sites\/491\/2024\/05\/LibraryBooks_0001AM_171114_cc-768x234.jpg 768w, https:\/\/sites.msudenver.edu\/familyandsupport1010\/wp-content\/uploads\/sites\/491\/2024\/05\/LibraryBooks_0001AM_171114_cc-1536x467.jpg 1536w, https:\/\/sites.msudenver.edu\/familyandsupport1010\/wp-content\/uploads\/sites\/491\/2024\/05\/LibraryBooks_0001AM_171114_cc-2048x623.jpg 2048w, https:\/\/sites.msudenver.edu\/familyandsupport1010\/wp-content\/uploads\/sites\/491\/2024\/05\/LibraryBooks_0001AM_171114_cc-1200x365.jpg 1200w, https:\/\/sites.msudenver.edu\/familyandsupport1010\/wp-content\/uploads\/sites\/491\/2024\/05\/LibraryBooks_0001AM_171114_cc-1980x602.jpg 1980w\" sizes=\"auto, (max-width: 1024px) 100vw, 1024px\" \/><\/figure>\n\n\n\n<p>Existen numerosos recursos gratuitos disponibles para apoyar a los estudiantes en su trayectoria acad\u00e9mica. Recomendamos que incentiven al estudiante para que usen estos recursos, sobre todo si encuentran dificultades o desean apoyo adicional en sus clases. La universidad dispone de oficinas y servicios especializados que pueden contribuir considerablemente a su \u00e9xito.&nbsp;<\/p>\n\n\n\n<h2 class=\"wp-block-heading\"><strong>El Centro de Acceso<\/strong><\/h2>\n\n\n\n<p>El Centro de Acceso colabora con estudiantes que experimentan cualquier tipo de discapacidad (salud mental, afecci\u00f3n cr\u00f3nica, f\u00edsica, sensorial y neurol\u00f3gica) o impedimento temporal (contusi\u00f3n, mu\u00f1eca quebrada, embarazo, etc.) para brindarles las adaptaciones y el apoyo necesarios a fin de garantizar la igualdad de oportunidades para demostrar sus habilidades acad\u00e9micas y recibir el mismo acceso e inclusi\u00f3n equitativos a todos los programas, actividades y servicios de la Universidad.&nbsp;<\/p>\n\n\n\n<ul class=\"wp-block-list\">\n<li>Sitio web: <a href=\"https:\/\/www.msudenver.edu\/access\/\" target=\"_blank\" rel=\"noreferrer noopener\">El Centro de Acceso (<em>The Access Center<\/em>)<\/a>&nbsp;<\/li>\n\n\n\n<li>Correo electr\u00f3nico: <a href=\"mailto:accesscenter@msudenver.edu\" target=\"_blank\" rel=\"noreferrer noopener\">accesscenter@msudenver.edu<\/a>&nbsp;<\/li>\n\n\n\n<li>Ubicaci\u00f3n: Plaza Building, Suite 122&nbsp;&nbsp;<\/li>\n\n\n\n<li>Tel\u00e9fono: 303-615-0200&nbsp;<\/li>\n<\/ul>\n\n\n\n<h2 class=\"wp-block-heading\"><strong>Oficina de Servicios de Pruebas<\/strong><strong><\/strong><\/h2>\n\n\n\n<p>Ofrece una variedad de servicios de evaluaci\u00f3n adem\u00e1s de las pruebas de colocaci\u00f3n. Nuestros servicios de ex\u00e1menes incluyen:&nbsp;<\/p>\n\n\n\n<ul class=\"wp-block-list\">\n<li>Servicio de supervisi\u00f3n de pruebas para cursos \u201cprincipalmente en l\u00ednea\u201d (hacer clic aqu\u00ed para programar una cita de examen de clase en l\u00ednea).&nbsp;<\/li>\n\n\n\n<li>Pruebas de departamento (CPCE, ISA, ex\u00e1menes de egreso para estudiantes del \u00faltimo a\u00f1o, etc.)&nbsp;<\/li>\n\n\n\n<li>Ex\u00e1menes de admisi\u00f3n de enfermer\u00eda HESI\u00ae&nbsp;<\/li>\n\n\n\n<li>Pruebas CLEP&nbsp;<\/li>\n<\/ul>\n\n\n\n<ul class=\"wp-block-list\">\n<li>Sitio web: <a href=\"https:\/\/www.msudenver.edu\/testing\/\" target=\"_blank\" rel=\"noreferrer noopener\">Oficina de Servicios de Pruebas (<em>Office of Testing Services<\/em>)<\/a>&nbsp; <\/li>\n\n\n\n<li>Tel\u00e9fono: 303-615-1700<\/li>\n<\/ul>\n\n\n\n<h2 class=\"wp-block-heading\"><strong>Centro de Redacci\u00f3n<\/strong><\/h2>\n\n\n\n<p>El Centro de Redacci\u00f3n de MSU Denver puede ayudar a los estudiantes con cualquier tarea de escritura, en cualquier etapa del proceso de redacci\u00f3n. Tambi\u00e9n apoya a los escritores o redactores en todos los niveles de redacci\u00f3n y en cualquier disciplina. Pueden ayudar con trabajos de res\u00famenes y respuestas, diarios\/registros, estudios de casos, proyectos de investigaci\u00f3n, colaborativos y digitales, curr\u00edculos, solicitudes, presentaciones \u00a1y m\u00e1s!&nbsp;<\/p>\n\n\n\n<ul class=\"wp-block-list\">\n<li>Sitio web: <a href=\"https:\/\/www.msudenver.edu\/writing-center\/\" target=\"_blank\" rel=\"noreferrer noopener\">El Centro de Redacci\u00f3n (<em>The Writing Center<\/em>)<\/a>&nbsp;<\/li>\n\n\n\n<li>Los estudiantes pueden <a href=\"https:\/\/msudenver.mywconline.com\/\" target=\"_blank\" rel=\"noreferrer noopener\">programar una cita<\/a> en l\u00ednea.<\/li>\n<\/ul>\n\n\n\n<h2 class=\"wp-block-heading\"><strong>Instrucci\u00f3n complementaria<\/strong><\/h2>\n\n\n\n<p>El Programa de Instrucci\u00f3n Complementaria (SI) de MSU Denver brinda apoyo a los estudiantes inscritos en cursos que, tradicionalmente, son dif\u00edciles mediante sesiones de estudio grupales peri\u00f3dicas gratuitas a cargo de l\u00edderes del programa SI (estudiantes que ya han aprobado previamente el curso). Tengan en cuenta que no todos los cursos tienen un instructor complementario.&nbsp;&nbsp;&nbsp;<\/p>\n\n\n\n<ul class=\"wp-block-list\">\n<li>Sitio web: <a href=\"https:\/\/www.msudenver.edu\/student-academic-services\/supplemental-instruction\/\" target=\"_blank\" rel=\"noreferrer noopener\">Instrucci\u00f3n complementaria (<em>Supplemental Instruction<\/em>)<\/a>&nbsp;&nbsp;<\/li>\n<\/ul>\n\n\n\n<h2 class=\"wp-block-heading\"><strong>Servicio de orientaci\u00f3n para el \u00e9xito estudiantil&nbsp;<\/strong><\/h2>\n\n\n\n<p>El servicio de orientaci\u00f3n para el \u00e9xito estudiantil en MSU Denver ofrece un enfoque integral y personalizado para apoyar el bienestar social, emocional y mental del estudiante durante su experiencia universitaria. Los orientadores brindan apoyo a los estudiantes al ayudarlos a desarrollar habilidades que usar\u00e1n para moverse a trav\u00e9s de los sistemas universitarios, pol\u00edticas y procedimientos. Los orientadores facultan a los estudiantes para que puedan definir, dise\u00f1ar y orientar sus experiencias y vidas universitarias a fin de alcanzar sus metas acad\u00e9micas, profesionales y las que se propongan para la vida.&nbsp; <\/p>\n\n\n\n<ul class=\"wp-block-list\">\n<li>Sitio web: <a href=\"https:\/\/www.msudenver.edu\/student-success-coaching\/\" target=\"_blank\" rel=\"noreferrer noopener\">Servicio de orientaci\u00f3n para el \u00e9xito estudiantil (<em>Student Success Coaching<\/em>)<\/a><\/li>\n<\/ul>\n\n\n<div>\n\t<div class=\"su-note\"  style=\"border-color:#dadadd;border-radius:3px;-moz-border-radius:3px;-webkit-border-radius:3px;\"><div class=\"su-note-inner su-u-clearfix su-u-trim\" style=\"background-color:#f4f4f7;border-color:#ffffff;color:#333333;border-radius:3px;-moz-border-radius:3px;-webkit-border-radius:3px;\">\n<h2>Verificaci\u00f3n de conocimiento<\/h2>\n<p>Pruebe su comprensi\u00f3n del material en esta p\u00e1gina con las preguntas a continuaci\u00f3n. Considere su respuesta a cada pregunta de opci\u00f3n m\u00faltiple, luego haga clic en &#8220;Verificar su respuesta&#8221; debajo de cada pregunta para saber si estaba en lo correcto.<\/p>\n<ol>\n<li>\u00bfQu\u00e9 servicios ofrece la Oficina de Servicios de Ex\u00e1menes?\n<ul>\n<li>Ofrece servicios de asesoramiento a los estudiantes<\/li>\n<li>Ofrece una variedad de servicios de ex\u00e1menes, incluidos ex\u00e1menes de colocaci\u00f3n y supervisi\u00f3n de pruebas<\/li>\n<li>Ayuda a los estudiantes con las tareas de escritura<\/li>\n<li>Organiza sesiones de estudio en grupo para cursos dif\u00edciles<\/li>\n<\/ul>\n<\/li>\n<details class=\"wp-block-details\">\n<summary>Verificar su respuesta<\/summary>\n<p>Ofrece una variedad de servicios de ex\u00e1menes, incluidos ex\u00e1menes de colocaci\u00f3n y supervisi\u00f3n de pruebas<\/p>\n<\/details>\n<p><\/p>\n<li>\u00bfCu\u00e1l es el prop\u00f3sito del Programa de Tutor\u00eda en la universidad?\n<ul>\n<li>Proporciona ayuda financiera a los estudiantes<\/li>\n<li>Ofrece una variedad de servicios gratuitos para apoyar a los estudiantes en sus actividades acad\u00e9micas<\/li>\n<li>Ayuda a los estudiantes con las tareas de escritura<\/li>\n<li>Organiza eventos deportivos para los estudiantes<\/li>\n<\/ul>\n<\/li>\n<details class=\"wp-block-details\">\n<summary>Verificar su respuesta<\/summary>\n<p>Ofrece una variedad de servicios gratuitos para apoyar a los estudiantes en sus actividades acad\u00e9micas<\/p>\n<\/details>\n<\/li>\n<\/ol>\n<\/div><\/div>\n\n\n\n<div class=\"wp-block-buttons is-layout-flex wp-block-buttons-is-layout-flex\">\n<div class=\"wp-block-button\"><a class=\"wp-block-button__link wp-element-button\" href=\"https:\/\/sites.msudenver.edu\/familyandsupport1010\/modulo-4\/el-curriculo-oculto\/recursos-academicos\/comparacion-entre-la-preparatoria-y-la-ensenanza-superior\/\">Siguiente: Comparaci\u00f3n entre la preparatoria y la ense\u00f1anza superior&nbsp;<\/a><\/div>\n<\/div>\n","protected":false},"excerpt":{"rendered":"<p>Existen numerosos recursos gratuitos disponibles para apoyar a los estudiantes en su trayectoria acad\u00e9mica. Recomendamos que incentiven al estudiante para que usen estos recursos, sobre todo si encuentran dificultades o desean apoyo adicional en sus clases. La universidad dispone de oficinas y servicios especializados que pueden contribuir considerablemente a su \u00e9xito.&nbsp; El Centro de Acceso [&hellip;]<\/p>\n","protected":false},"author":905,"featured_media":0,"parent":318,"menu_order":0,"comment_status":"closed","ping_status":"closed","template":"","meta":{"_exactmetrics_skip_tracking":false,"_exactmetrics_sitenote_active":false,"_exactmetrics_sitenote_note":"","_exactmetrics_sitenote_category":0,"footnotes":""},"class_list":["post-319","page","type-page","status-publish","hentry"],"_links":{"self":[{"href":"https:\/\/sites.msudenver.edu\/familyandsupport1010\/wp-json\/wp\/v2\/pages\/319","targetHints":{"allow":["GET"]}}],"collection":[{"href":"https:\/\/sites.msudenver.edu\/familyandsupport1010\/wp-json\/wp\/v2\/pages"}],"about":[{"href":"https:\/\/sites.msudenver.edu\/familyandsupport1010\/wp-json\/wp\/v2\/types\/page"}],"author":[{"embeddable":true,"href":"https:\/\/sites.msudenver.edu\/familyandsupport1010\/wp-json\/wp\/v2\/users\/905"}],"replies":[{"embeddable":true,"href":"https:\/\/sites.msudenver.edu\/familyandsupport1010\/wp-json\/wp\/v2\/comments?post=319"}],"version-history":[{"count":0,"href":"https:\/\/sites.msudenver.edu\/familyandsupport1010\/wp-json\/wp\/v2\/pages\/319\/revisions"}],"up":[{"embeddable":true,"href":"https:\/\/sites.msudenver.edu\/familyandsupport1010\/wp-json\/wp\/v2\/pages\/318"}],"wp:attachment":[{"href":"https:\/\/sites.msudenver.edu\/familyandsupport1010\/wp-json\/wp\/v2\/media?parent=319"}],"curies":[{"name":"wp","href":"https:\/\/api.w.org\/{rel}","templated":true}]}}