{"id":325,"date":"2024-05-30T16:59:27","date_gmt":"2024-05-30T16:59:27","guid":{"rendered":"https:\/\/sites.msudenver.edu\/familyandsupport1010\/?page_id=325"},"modified":"2024-06-12T21:00:18","modified_gmt":"2024-06-12T21:00:18","slug":"modulo-5","status":"publish","type":"page","link":"https:\/\/sites.msudenver.edu\/familyandsupport1010\/modulo-5\/","title":{"rendered":"M\u00f3dulo 5"},"content":{"rendered":"\n<figure class=\"wp-block-image size-large\"><img loading=\"lazy\" decoding=\"async\" width=\"1024\" height=\"256\" src=\"http:\/\/sites.msudenver.edu\/familyandsupport1010\/wp-content\/uploads\/sites\/491\/2024\/05\/FirstWeekofFallSemester_Aug2022_AM-37-1024x256.jpg\" alt=\"\" class=\"wp-image-242\" srcset=\"https:\/\/sites.msudenver.edu\/familyandsupport1010\/wp-content\/uploads\/sites\/491\/2024\/05\/FirstWeekofFallSemester_Aug2022_AM-37-1024x256.jpg 1024w, https:\/\/sites.msudenver.edu\/familyandsupport1010\/wp-content\/uploads\/sites\/491\/2024\/05\/FirstWeekofFallSemester_Aug2022_AM-37-300x75.jpg 300w, https:\/\/sites.msudenver.edu\/familyandsupport1010\/wp-content\/uploads\/sites\/491\/2024\/05\/FirstWeekofFallSemester_Aug2022_AM-37-768x192.jpg 768w, https:\/\/sites.msudenver.edu\/familyandsupport1010\/wp-content\/uploads\/sites\/491\/2024\/05\/FirstWeekofFallSemester_Aug2022_AM-37-1536x383.jpg 1536w, https:\/\/sites.msudenver.edu\/familyandsupport1010\/wp-content\/uploads\/sites\/491\/2024\/05\/FirstWeekofFallSemester_Aug2022_AM-37-2048x511.jpg 2048w, https:\/\/sites.msudenver.edu\/familyandsupport1010\/wp-content\/uploads\/sites\/491\/2024\/05\/FirstWeekofFallSemester_Aug2022_AM-37-1200x300.jpg 1200w, https:\/\/sites.msudenver.edu\/familyandsupport1010\/wp-content\/uploads\/sites\/491\/2024\/05\/FirstWeekofFallSemester_Aug2022_AM-37-1980x494.jpg 1980w\" sizes=\"auto, (max-width: 1024px) 100vw, 1024px\" \/><\/figure>\n\n\n\n<h2 class=\"wp-block-heading\">Carreras y oportunidades&nbsp;<\/h2>\n\n\n\n<p>Una raz\u00f3n com\u00fan por la que los estudiantes comienzan la universidad es para obtener una carrera profesional de calidad con su t\u00edtulo. Esta es una meta que MSU Denver tambi\u00e9n espera de sus estudiantes. Es importante participar en oportunidades de desarrollo profesional mientras se est\u00e9 inscrito en una instituci\u00f3n de ense\u00f1anza superior. Idealmente, eso facilita la transici\u00f3n despu\u00e9s de la graduaci\u00f3n y hacia la carrera profesional. En este m\u00f3dulo, brindaremos informaci\u00f3n relacionada con el empleo estudiantil, las oportunidades de desarrollo profesional y el Centro de Transici\u00f3n de la Educaci\u00f3n al Mundo Laboral.<\/p>\n\n\n\n<h2 class=\"wp-block-heading\"><strong>Objetivos de aprendizaje&nbsp;<\/strong><\/h2>\n\n\n\n<ul class=\"wp-block-list\">\n<li>Reconocer oportunidades y beneficios de empleo estudiantil.&nbsp;<\/li>\n\n\n\n<li>Identificar recursos que apoyen a los estudiantes en oportunidades de desarrollo profesional.&nbsp;&nbsp;<\/li>\n\n\n\n<li>Reconocer los recursos que tiene para ofrecer el Centro de Transici\u00f3n de la Educaci\u00f3n al Mundo Laboral.&nbsp;<\/li>\n<\/ul>\n\n\n\n<div class=\"wp-block-buttons is-layout-flex wp-block-buttons-is-layout-flex\">\n<div class=\"wp-block-button\"><a class=\"wp-block-button__link wp-element-button\" href=\"https:\/\/sites.msudenver.edu\/familyandsupport1010\/modulo-5\/desarrollo-profesional-2\/\">Siguiente: Desarrollo profesional<\/a><\/div>\n<\/div>\n","protected":false},"excerpt":{"rendered":"<p>Carreras y oportunidades&nbsp; Una raz\u00f3n com\u00fan por la que los estudiantes comienzan la universidad es para obtener una carrera profesional de calidad con su t\u00edtulo. Esta es una meta que MSU Denver tambi\u00e9n espera de sus estudiantes. Es importante participar en oportunidades de desarrollo profesional mientras se est\u00e9 inscrito en una instituci\u00f3n de ense\u00f1anza superior. [&hellip;]<\/p>\n","protected":false},"author":905,"featured_media":0,"parent":0,"menu_order":0,"comment_status":"closed","ping_status":"closed","template":"","meta":{"_exactmetrics_skip_tracking":false,"_exactmetrics_sitenote_active":false,"_exactmetrics_sitenote_note":"","_exactmetrics_sitenote_category":0,"footnotes":""},"class_list":["post-325","page","type-page","status-publish","hentry"],"_links":{"self":[{"href":"https:\/\/sites.msudenver.edu\/familyandsupport1010\/wp-json\/wp\/v2\/pages\/325","targetHints":{"allow":["GET"]}}],"collection":[{"href":"https:\/\/sites.msudenver.edu\/familyandsupport1010\/wp-json\/wp\/v2\/pages"}],"about":[{"href":"https:\/\/sites.msudenver.edu\/familyandsupport1010\/wp-json\/wp\/v2\/types\/page"}],"author":[{"embeddable":true,"href":"https:\/\/sites.msudenver.edu\/familyandsupport1010\/wp-json\/wp\/v2\/users\/905"}],"replies":[{"embeddable":true,"href":"https:\/\/sites.msudenver.edu\/familyandsupport1010\/wp-json\/wp\/v2\/comments?post=325"}],"version-history":[{"count":0,"href":"https:\/\/sites.msudenver.edu\/familyandsupport1010\/wp-json\/wp\/v2\/pages\/325\/revisions"}],"wp:attachment":[{"href":"https:\/\/sites.msudenver.edu\/familyandsupport1010\/wp-json\/wp\/v2\/media?parent=325"}],"curies":[{"name":"wp","href":"https:\/\/api.w.org\/{rel}","templated":true}]}}