{"id":327,"date":"2024-05-30T17:01:59","date_gmt":"2024-05-30T17:01:59","guid":{"rendered":"https:\/\/sites.msudenver.edu\/familyandsupport1010\/?page_id=327"},"modified":"2024-06-12T20:48:33","modified_gmt":"2024-06-12T20:48:33","slug":"desarrollo-profesional","status":"publish","type":"page","link":"https:\/\/sites.msudenver.edu\/familyandsupport1010\/modulo-5\/desarrollo-profesional-2\/desarrollo-profesional\/","title":{"rendered":"Empleo Estudiantil en el Campus"},"content":{"rendered":"\n<figure class=\"wp-block-image size-large\"><img loading=\"lazy\" decoding=\"async\" width=\"1024\" height=\"410\" src=\"http:\/\/sites.msudenver.edu\/familyandsupport1010\/wp-content\/uploads\/sites\/491\/2024\/05\/Campus-Life_Homecoming045_AS092822-1024x410.jpg\" alt=\"\" class=\"wp-image-218\" srcset=\"https:\/\/sites.msudenver.edu\/familyandsupport1010\/wp-content\/uploads\/sites\/491\/2024\/05\/Campus-Life_Homecoming045_AS092822-1024x410.jpg 1024w, https:\/\/sites.msudenver.edu\/familyandsupport1010\/wp-content\/uploads\/sites\/491\/2024\/05\/Campus-Life_Homecoming045_AS092822-300x120.jpg 300w, https:\/\/sites.msudenver.edu\/familyandsupport1010\/wp-content\/uploads\/sites\/491\/2024\/05\/Campus-Life_Homecoming045_AS092822-768x308.jpg 768w, https:\/\/sites.msudenver.edu\/familyandsupport1010\/wp-content\/uploads\/sites\/491\/2024\/05\/Campus-Life_Homecoming045_AS092822-1536x615.jpg 1536w, https:\/\/sites.msudenver.edu\/familyandsupport1010\/wp-content\/uploads\/sites\/491\/2024\/05\/Campus-Life_Homecoming045_AS092822-2048x820.jpg 2048w, https:\/\/sites.msudenver.edu\/familyandsupport1010\/wp-content\/uploads\/sites\/491\/2024\/05\/Campus-Life_Homecoming045_AS092822-1200x481.jpg 1200w, https:\/\/sites.msudenver.edu\/familyandsupport1010\/wp-content\/uploads\/sites\/491\/2024\/05\/Campus-Life_Homecoming045_AS092822-1980x793.jpg 1980w\" sizes=\"auto, (max-width: 1024px) 100vw, 1024px\" \/><\/figure>\n\n\n\n<p>Al planificar para una futura carrera, las experiencias en el campus de Auraria pueden ser beneficiosas para los estudiantes de MSU Denver. El empleo en el campus da la oportunidad a los estudiantes de ganar dinero, expandir sus v\u00ednculos en el campus y sacar provecho de valiosas experiencias laborales que pueden poner en pr\u00e1ctica en todos sus roles fuera de la universidad.<\/p>\n\n\n\n<h2 class=\"wp-block-heading\"><strong>Responsabilidad<\/strong><\/h2>\n\n\n\n<p>El empleo estudiantil fomenta un sentido de responsabilidad ya que el estudiante debe organizar sus compromisos acad\u00e9micos y las responsabilidades laborales. Las familias y los colaboradores de apoyo pueden fomentar este crecimiento al enfatizar la importancia de la puntualidad, la responsabilidad y el manejo del tiempo. Esto permite que los estudiantes asuman responsabilidad por su trabajo, la universidad y los compromisos personales. Las familias pueden ayudarlos a desarrollar estas importantes habilidades para la vida que les servir\u00e1n m\u00e1s all\u00e1 de sus a\u00f1os universitarios.&nbsp;<\/p>\n\n\n\n<h2 class=\"wp-block-heading\"><strong>Oportunidades para desarrollar redes de contactos<\/strong><\/h2>\n\n\n\n<p>Tener un empleo en el campus ofrece oportunidades de para desarrollar redes de contactos que pueden incidir considerablemente en las perspectivas profesionales futuras del estudiante. Las familias y los colaboradores pueden alentar a los estudiantes a que se vinculen activamente con colegas, supervisores y mentores en su espacio de trabajo. Tambi\u00e9n pueden animarlos a que asistan a eventos, ferias de empleo y talleres relacionados con industrias en el campus para que los estudiantes puedan ampliar su red profesional y adquirir conocimientos sobre sus posibles carreras profesionales.&nbsp;&nbsp;<\/p>\n\n\n\n<h2 class=\"wp-block-heading\"><strong>Explorar \u00e1reas que les apasionen <\/strong><\/h2>\n\n\n\n<p>En MSU Denver, existen muchas oportunidades de empleo estudiantil, ya sea en los departamentos de Atletismo, Recursos Humanos, acad\u00e9micos o en la Oficina de Orientaci\u00f3n. Las familias y los colaboradores pueden alentar a los estudiantes para que busquen oportunidades de empleo que sean compatibles con sus objetivos acad\u00e9micos o intereses personales. Al trabajar en puestos que los hace sentirse identificados con sus pasiones, los estudiantes adquieren perspectivas valiosas acerca de sus posibles carreras profesionales y desarrollan una comprensi\u00f3n m\u00e1s profunda de sus fortalezas y preferencias.&nbsp;<\/p>\n\n\n\n<h2 class=\"wp-block-heading\"><strong>Equilibrio entre la vida laboral y la vida personal<\/strong><\/h2>\n\n\n\n<p>Equilibrar los compromisos acad\u00e9micos, personales y laborales puede ser dif\u00edcil. En un puesto de empleo estudiantil, los supervisores gu\u00edan a los estudiantes para que equilibren sus prioridades, como las clases y las expectativas laborales, con sus responsabilidades fuera del campus.&nbsp;<\/p>\n\n\n\n<p>El empleo estudiantil ofrece numerosos beneficios personales y profesionales al estudiante mientras se encuentre en el campus. El pr\u00f3ximo recurso, C2 Hub, puede ofrecer m\u00e1s ayuda para que los graduados tengan un lanzamiento profesional exitoso.<\/p>\n\n\n<div>\n\t<div class=\"su-note\"  style=\"border-color:#dadadd;border-radius:3px;-moz-border-radius:3px;-webkit-border-radius:3px;\"><div class=\"su-note-inner su-u-clearfix su-u-trim\" style=\"background-color:#f4f4f7;border-color:#ffffff;color:#333333;border-radius:3px;-moz-border-radius:3px;-webkit-border-radius:3px;\">\n<h2>Verificaci\u00f3n de conocimiento<\/h2>\n<p>Pruebe su comprensi\u00f3n del material en esta p\u00e1gina con las preguntas a continuaci\u00f3n. Considere su respuesta a cada pregunta de opci\u00f3n m\u00faltiple, luego haga clic en &#8220;Verificar su respuesta&#8221; debajo de cada pregunta para saber si estaba en lo correcto.<\/p>\n<ol>\n<li>\u00bfQu\u00e9 funci\u00f3n desempe\u00f1an los supervisores en un puesto de empleo estudiantil?\n<ul>\n<li>Guiar a los estudiantes para que equilibren sus prioridades.\u00a0<\/li>\n<li>Animar a los estudiantes a asistir a eventos, ferias de empleo y talleres relacionados con la industria en el campus.<\/li>\n<li>Resaltar la importancia de la puntualidad, la responsabilidad y el manejo del tiempo.<\/li>\n<li>Todas las anteriores<\/li>\n<\/ul>\n<\/li>\n<details class=\"wp-block-details\">\n<summary>Verificar su respuesta<\/summary>\n<p>Todas las anteriores<\/p>\n<\/details>\n<\/ol>\n<\/div><\/div>\n\n\n\n<div class=\"wp-block-buttons is-layout-flex wp-block-buttons-is-layout-flex\">\n<div class=\"wp-block-button\"><a class=\"wp-block-button__link wp-element-button\" href=\"https:\/\/sites.msudenver.edu\/familyandsupport1010\/modulo-5\/desarrollo-profesional-2\/desarrollo-profesional\/centro-de-transicion-de-la-educacion-al-mundo-laboral\/\">Siguiente: Centro de Transici\u00f3n de la Educaci\u00f3n al Mundo Laboral&nbsp;<\/a><\/div>\n<\/div>\n","protected":false},"excerpt":{"rendered":"<p>Al planificar para una futura carrera, las experiencias en el campus de Auraria pueden ser beneficiosas para los estudiantes de MSU Denver. El empleo en el campus da la oportunidad a los estudiantes de ganar dinero, expandir sus v\u00ednculos en el campus y sacar provecho de valiosas experiencias laborales que pueden poner en pr\u00e1ctica en [&hellip;]<\/p>\n","protected":false},"author":905,"featured_media":0,"parent":392,"menu_order":0,"comment_status":"closed","ping_status":"closed","template":"","meta":{"_exactmetrics_skip_tracking":false,"_exactmetrics_sitenote_active":false,"_exactmetrics_sitenote_note":"","_exactmetrics_sitenote_category":0,"footnotes":""},"class_list":["post-327","page","type-page","status-publish","hentry"],"_links":{"self":[{"href":"https:\/\/sites.msudenver.edu\/familyandsupport1010\/wp-json\/wp\/v2\/pages\/327","targetHints":{"allow":["GET"]}}],"collection":[{"href":"https:\/\/sites.msudenver.edu\/familyandsupport1010\/wp-json\/wp\/v2\/pages"}],"about":[{"href":"https:\/\/sites.msudenver.edu\/familyandsupport1010\/wp-json\/wp\/v2\/types\/page"}],"author":[{"embeddable":true,"href":"https:\/\/sites.msudenver.edu\/familyandsupport1010\/wp-json\/wp\/v2\/users\/905"}],"replies":[{"embeddable":true,"href":"https:\/\/sites.msudenver.edu\/familyandsupport1010\/wp-json\/wp\/v2\/comments?post=327"}],"version-history":[{"count":0,"href":"https:\/\/sites.msudenver.edu\/familyandsupport1010\/wp-json\/wp\/v2\/pages\/327\/revisions"}],"up":[{"embeddable":true,"href":"https:\/\/sites.msudenver.edu\/familyandsupport1010\/wp-json\/wp\/v2\/pages\/392"}],"wp:attachment":[{"href":"https:\/\/sites.msudenver.edu\/familyandsupport1010\/wp-json\/wp\/v2\/media?parent=327"}],"curies":[{"name":"wp","href":"https:\/\/api.w.org\/{rel}","templated":true}]}}