{"id":331,"date":"2024-05-30T17:13:11","date_gmt":"2024-05-30T17:13:11","guid":{"rendered":"https:\/\/sites.msudenver.edu\/familyandsupport1010\/?page_id=331"},"modified":"2024-06-06T18:33:41","modified_gmt":"2024-06-06T18:33:41","slug":"conclusion-del-modulo-5","status":"publish","type":"page","link":"https:\/\/sites.msudenver.edu\/familyandsupport1010\/modulo-5\/desarrollo-profesional-2\/desarrollo-profesional\/centro-de-transicion-de-la-educacion-al-mundo-laboral\/conclusion-del-modulo-5\/","title":{"rendered":"Conclusi\u00f3n del m\u00f3dulo 5"},"content":{"rendered":"\n<figure class=\"wp-block-image size-large\"><img loading=\"lazy\" decoding=\"async\" width=\"1024\" height=\"351\" src=\"http:\/\/sites.msudenver.edu\/familyandsupport1010\/wp-content\/uploads\/sites\/491\/2024\/05\/Aviation-and-Aerospace_Simulator_8001-1024x351.jpg\" alt=\"\" class=\"wp-image-224\" srcset=\"https:\/\/sites.msudenver.edu\/familyandsupport1010\/wp-content\/uploads\/sites\/491\/2024\/05\/Aviation-and-Aerospace_Simulator_8001-1024x351.jpg 1024w, https:\/\/sites.msudenver.edu\/familyandsupport1010\/wp-content\/uploads\/sites\/491\/2024\/05\/Aviation-and-Aerospace_Simulator_8001-300x103.jpg 300w, https:\/\/sites.msudenver.edu\/familyandsupport1010\/wp-content\/uploads\/sites\/491\/2024\/05\/Aviation-and-Aerospace_Simulator_8001-768x263.jpg 768w, https:\/\/sites.msudenver.edu\/familyandsupport1010\/wp-content\/uploads\/sites\/491\/2024\/05\/Aviation-and-Aerospace_Simulator_8001-1536x526.jpg 1536w, https:\/\/sites.msudenver.edu\/familyandsupport1010\/wp-content\/uploads\/sites\/491\/2024\/05\/Aviation-and-Aerospace_Simulator_8001-2048x701.jpg 2048w, https:\/\/sites.msudenver.edu\/familyandsupport1010\/wp-content\/uploads\/sites\/491\/2024\/05\/Aviation-and-Aerospace_Simulator_8001-1200x411.jpg 1200w, https:\/\/sites.msudenver.edu\/familyandsupport1010\/wp-content\/uploads\/sites\/491\/2024\/05\/Aviation-and-Aerospace_Simulator_8001-1980x678.jpg 1980w\" sizes=\"auto, (max-width: 1024px) 100vw, 1024px\" \/><\/figure>\n\n\n\n<p>En este m\u00f3dulo, analizamos las oportunidades y beneficios del empleo estudiantil y las formas de alentar a su aprendiz a explorar su carrera temprano. El desarrollo profesional es un componente crucial de la educaci\u00f3n universitaria que facilita la transici\u00f3n de un t\u00edtulo a un futuro prometedor. Alentar a su aprendiz a buscar los numerosos recursos relacionados con la carrera en MSU Denver es un excelente paso para asegurar el \u00e9xito despu\u00e9s de la graduaci\u00f3n.<\/p>\n\n\n\n<figure style=\"float:center\">\n\n<!-- iframe plugin v.6.0 wordpress.org\/plugins\/iframe\/ -->\n<iframe loading=\"lazy\" title=\"Module 1\" src=\"https:\/\/msudenver.qualtrics.com\/jfe\/form\/SV_71Ad1wVWVKQ5eDA\" width=\"100%\" height=\"500\" scrolling=\"yes\" class=\"iframe-class\" frameborder=\"0\"><\/iframe>\n\n\n\n\n\n<div class=\"wp-block-buttons is-layout-flex wp-block-buttons-is-layout-flex\">\n<div class=\"wp-block-button\"><a class=\"wp-block-button__link wp-element-button\" href=\"https:\/\/sites.msudenver.edu\/familyandsupport1010\/modulo-6\/\">Siguiente: M\u00f3dulo 6<\/a><\/div>\n<\/div>\n","protected":false},"excerpt":{"rendered":"<p>En este m\u00f3dulo, analizamos las oportunidades y beneficios del empleo estudiantil y las formas de alentar a su aprendiz a explorar su carrera temprano. El desarrollo profesional es un componente crucial de la educaci\u00f3n universitaria que facilita la transici\u00f3n de un t\u00edtulo a un futuro prometedor. Alentar a su aprendiz a buscar los numerosos recursos [&hellip;]<\/p>\n","protected":false},"author":905,"featured_media":0,"parent":328,"menu_order":0,"comment_status":"closed","ping_status":"closed","template":"","meta":{"_exactmetrics_skip_tracking":false,"_exactmetrics_sitenote_active":false,"_exactmetrics_sitenote_note":"","_exactmetrics_sitenote_category":0,"footnotes":""},"class_list":["post-331","page","type-page","status-publish","hentry"],"_links":{"self":[{"href":"https:\/\/sites.msudenver.edu\/familyandsupport1010\/wp-json\/wp\/v2\/pages\/331","targetHints":{"allow":["GET"]}}],"collection":[{"href":"https:\/\/sites.msudenver.edu\/familyandsupport1010\/wp-json\/wp\/v2\/pages"}],"about":[{"href":"https:\/\/sites.msudenver.edu\/familyandsupport1010\/wp-json\/wp\/v2\/types\/page"}],"author":[{"embeddable":true,"href":"https:\/\/sites.msudenver.edu\/familyandsupport1010\/wp-json\/wp\/v2\/users\/905"}],"replies":[{"embeddable":true,"href":"https:\/\/sites.msudenver.edu\/familyandsupport1010\/wp-json\/wp\/v2\/comments?post=331"}],"version-history":[{"count":0,"href":"https:\/\/sites.msudenver.edu\/familyandsupport1010\/wp-json\/wp\/v2\/pages\/331\/revisions"}],"up":[{"embeddable":true,"href":"https:\/\/sites.msudenver.edu\/familyandsupport1010\/wp-json\/wp\/v2\/pages\/328"}],"wp:attachment":[{"href":"https:\/\/sites.msudenver.edu\/familyandsupport1010\/wp-json\/wp\/v2\/media?parent=331"}],"curies":[{"name":"wp","href":"https:\/\/api.w.org\/{rel}","templated":true}]}}