{"id":335,"date":"2024-05-30T18:48:53","date_gmt":"2024-05-30T18:48:53","guid":{"rendered":"https:\/\/sites.msudenver.edu\/familyandsupport1010\/?page_id=335"},"modified":"2024-06-12T20:50:06","modified_gmt":"2024-06-12T20:50:06","slug":"participacion-en-el-campus","status":"publish","type":"page","link":"https:\/\/sites.msudenver.edu\/familyandsupport1010\/modulo-6\/participacion\/participacion-en-el-campus\/","title":{"rendered":"Participaci\u00f3n en el campus"},"content":{"rendered":"\n<p>Cuando los estudiantes de MSU Denver comienzan su vida universitaria, existen numerosas oportunidades esper\u00e1ndolos m\u00e1s all\u00e1 del sal\u00f3n de clases. Los estudiantes que se identifican con el campus y participan activamente en sus actividades pueden enriquecer considerablemente su experiencia universitaria.&nbsp;&nbsp;<\/p>\n\n\n\n<figure style=\"float:center\">\n\t\n<!-- iframe plugin v.6.0 wordpress.org\/plugins\/iframe\/ -->\n<iframe title=\"Embedded Media titled: title\" 0=\"width=&quot;560&quot;;\" height=\"315\" src=\"https:\/\/msudenver.yuja.com\/V\/Video?v=10483524&#038;node=45883359&#038;a=33461838\" frameborder=\"0\" 1=\"webkitallowfullscreen\" 2=\"mozallowfullscreen\" 3=\"allowfullscreen\" loading=\"lazy\" width=\"100%\" scrolling=\"yes\" class=\"iframe-class\"><\/iframe>\n\n\t<figcaption>\n\t\t<small><a target=\"_blank\" rel=\"noopener noreferrer\" href=\"https:\/\/msudenver.yuja.com\/V\/Video?v=10483524&amp;node=45883359&amp;a=33461838\">Fullscreen Video<\/small><\/a>\n\t<\/figcaption>\n<\/figure>\n\n\n\n<p>Estas son algunas formas clave de apoyar y alentar al estudiante para que participe:&nbsp;<\/p>\n\n\n\n<ul class=\"wp-block-list\">\n<li><strong>Explorar clubes y organizaciones estudiantiles:<\/strong> en MSU Denver tenemos una variedad de clubes y organizaciones que cubren diferentes intereses. Animen a los estudiantes a que exploren estas opciones, asistan a ferias de clubes y se unan a grupos que compartan sus pasiones.&nbsp;Para encontrar una organizaci\u00f3n estudiantil, visiten el sitio web de organizaciones estudiantiles.&nbsp;&nbsp;<\/li>\n\n\n\n<li><strong>Asistir a eventos y actividades del campus:<\/strong> est\u00e9n atentos a eventos y actividades del campus. Pueden ser series de conferencias, eventos culturales o deportivos. Asistir a estas actividades o eventos ofrece oportunidades valiosas para vincularse con oportunidades en el campus y la posibilidad de socializar y desarrollar redes de contactos.&nbsp;Los estudiantes pueden acceder a los eventos deportivos de manera gratuita.&nbsp;Todos los eventos y actividades en el campus se publican en la p\u00e1gina del calendario de eventos de MSU Denver.&nbsp;&nbsp;<\/li>\n\n\n\n<li><strong>Explorar pasant\u00edas y desarrollo profesional:<\/strong> gu\u00eden al estudiante para que explore pasant\u00edas y programas de desarrollo profesional a trav\u00e9s del Centro de Transici\u00f3n de la Educaci\u00f3n al Mundo Laboral. Estas vivencias brindan experiencia pr\u00e1ctica en su campo de estudio y mejoran sus posibilidades de contrataci\u00f3n luego de graduarse.<\/li>\n<\/ul>\n\n\n\n<p>Mientras exploramos el campus, centr\u00e9monos primero en la ubicaci\u00f3n f\u00edsica y la seguridad.<\/p>\n\n\n<div>\n\t<div class=\"su-note\"  style=\"border-color:#dadadd;border-radius:3px;-moz-border-radius:3px;-webkit-border-radius:3px;\"><div class=\"su-note-inner su-u-clearfix su-u-trim\" style=\"background-color:#f4f4f7;border-color:#ffffff;color:#333333;border-radius:3px;-moz-border-radius:3px;-webkit-border-radius:3px;\">\n<h2>Verificaci\u00f3n de conocimiento<\/h2>\n<p>Pruebe su comprensi\u00f3n del material en esta p\u00e1gina con las preguntas a continuaci\u00f3n. Considere su respuesta a cada pregunta de opci\u00f3n m\u00faltiple, luego haga clic en &#8220;Verificar su respuesta&#8221; debajo de cada pregunta para saber si estaba en lo correcto.<\/p>\n<ol>\n<li>\u00bfCu\u00e1l es el prop\u00f3sito de explorar pasant\u00edas y programas de desarrollo profesional a trav\u00e9s del Centro de Transici\u00f3n de la Educaci\u00f3n al Mundo Laboral?\n<ul>\n<li>Para evitar asistir a clases.<\/li>\n<p>&lt;liPara desconectarse de las oportunidades del campus.<\/li>\n<li>Para adquirir experiencia pr\u00e1ctica en su campo de estudio y mejorar sus posibilidades de contrataci\u00f3n luego de graduarse.<\/li>\n<li>Para limitar sus interacciones con miembros del cuerpo docente.<\/li>\n<\/ul>\n<\/li>\n<details class=\"wp-block-details\">\n<summary>Verificar su respuesta<\/summary>\n<p>Para adquirir experiencia pr\u00e1ctica en su campo de estudio y mejorar sus posibilidades de contrataci\u00f3n luego de graduarse.\u00a0<\/p>\n<\/details>\n<p><\/p>\n<li>\u00bfCu\u00e1l es una de las formas de apoyar e incentivar a los estudiantes a que se involucren con MSU Denver?\n<ul>\n<li>Al oponerse a que los estudiantes asistan a ferias de clubes.<\/li>\n<li>Al incentivar a los estudiantes a que exploren clubes y organizaciones.<\/li>\n<li>Al evitar que los estudiantes asistan a eventos y actividades del campus.<\/li>\n<li>Ambas opciones 2 y 3<\/li>\n<\/ul>\n<\/li>\n<details class=\"wp-block-details\">\n<summary>Verificar su respuesta<\/summary>\n<p>Ambas opciones 2 y 3<\/p>\n<\/details>\n<\/li>\n<\/ol>\n<\/div><\/div>\n\n\n\n<div class=\"wp-block-buttons is-layout-flex wp-block-buttons-is-layout-flex\">\n<div class=\"wp-block-button\"><a class=\"wp-block-button__link wp-element-button\" href=\"https:\/\/sites.msudenver.edu\/familyandsupport1010\/modulo-6\/participacion\/participacion-en-el-campus\/seguridad-en-el-campus\/\">Siguiente: Seguridad en el campus&nbsp;<\/a><\/div>\n<\/div>\n","protected":false},"excerpt":{"rendered":"<p>Cuando los estudiantes de MSU Denver comienzan su vida universitaria, existen numerosas oportunidades esper\u00e1ndolos m\u00e1s all\u00e1 del sal\u00f3n de clases. Los estudiantes que se identifican con el campus y participan activamente en sus actividades pueden enriquecer considerablemente su experiencia universitaria.&nbsp;&nbsp; Fullscreen Video Estas son algunas formas clave de apoyar y alentar al estudiante para que [&hellip;]<\/p>\n","protected":false},"author":905,"featured_media":0,"parent":334,"menu_order":0,"comment_status":"closed","ping_status":"closed","template":"","meta":{"_exactmetrics_skip_tracking":false,"_exactmetrics_sitenote_active":false,"_exactmetrics_sitenote_note":"","_exactmetrics_sitenote_category":0,"footnotes":""},"class_list":["post-335","page","type-page","status-publish","hentry"],"_links":{"self":[{"href":"https:\/\/sites.msudenver.edu\/familyandsupport1010\/wp-json\/wp\/v2\/pages\/335","targetHints":{"allow":["GET"]}}],"collection":[{"href":"https:\/\/sites.msudenver.edu\/familyandsupport1010\/wp-json\/wp\/v2\/pages"}],"about":[{"href":"https:\/\/sites.msudenver.edu\/familyandsupport1010\/wp-json\/wp\/v2\/types\/page"}],"author":[{"embeddable":true,"href":"https:\/\/sites.msudenver.edu\/familyandsupport1010\/wp-json\/wp\/v2\/users\/905"}],"replies":[{"embeddable":true,"href":"https:\/\/sites.msudenver.edu\/familyandsupport1010\/wp-json\/wp\/v2\/comments?post=335"}],"version-history":[{"count":0,"href":"https:\/\/sites.msudenver.edu\/familyandsupport1010\/wp-json\/wp\/v2\/pages\/335\/revisions"}],"up":[{"embeddable":true,"href":"https:\/\/sites.msudenver.edu\/familyandsupport1010\/wp-json\/wp\/v2\/pages\/334"}],"wp:attachment":[{"href":"https:\/\/sites.msudenver.edu\/familyandsupport1010\/wp-json\/wp\/v2\/media?parent=335"}],"curies":[{"name":"wp","href":"https:\/\/api.w.org\/{rel}","templated":true}]}}