{"id":337,"date":"2024-05-30T18:54:35","date_gmt":"2024-05-30T18:54:35","guid":{"rendered":"https:\/\/sites.msudenver.edu\/familyandsupport1010\/?page_id=337"},"modified":"2024-06-12T20:50:59","modified_gmt":"2024-06-12T20:50:59","slug":"oportunidades-de-alojamiento-de-msu-denver","status":"publish","type":"page","link":"https:\/\/sites.msudenver.edu\/familyandsupport1010\/modulo-6\/participacion\/participacion-en-el-campus\/seguridad-en-el-campus\/oportunidades-de-alojamiento-de-msu-denver\/","title":{"rendered":"Oportunidades de alojamiento de MSU Denver\u00a0"},"content":{"rendered":"\n<figure class=\"wp-block-image size-large\"><img loading=\"lazy\" decoding=\"async\" width=\"1024\" height=\"368\" src=\"http:\/\/sites.msudenver.edu\/familyandsupport1010\/wp-content\/uploads\/sites\/491\/2024\/05\/Lynx-Crossing-1024x368.jpg\" alt=\"\" class=\"wp-image-230\" srcset=\"https:\/\/sites.msudenver.edu\/familyandsupport1010\/wp-content\/uploads\/sites\/491\/2024\/05\/Lynx-Crossing-1024x368.jpg 1024w, https:\/\/sites.msudenver.edu\/familyandsupport1010\/wp-content\/uploads\/sites\/491\/2024\/05\/Lynx-Crossing-300x108.jpg 300w, https:\/\/sites.msudenver.edu\/familyandsupport1010\/wp-content\/uploads\/sites\/491\/2024\/05\/Lynx-Crossing-768x276.jpg 768w, https:\/\/sites.msudenver.edu\/familyandsupport1010\/wp-content\/uploads\/sites\/491\/2024\/05\/Lynx-Crossing-1536x552.jpg 1536w, https:\/\/sites.msudenver.edu\/familyandsupport1010\/wp-content\/uploads\/sites\/491\/2024\/05\/Lynx-Crossing-2048x736.jpg 2048w, https:\/\/sites.msudenver.edu\/familyandsupport1010\/wp-content\/uploads\/sites\/491\/2024\/05\/Lynx-Crossing-1200x431.jpg 1200w, https:\/\/sites.msudenver.edu\/familyandsupport1010\/wp-content\/uploads\/sites\/491\/2024\/05\/Lynx-Crossing-1980x712.jpg 1980w\" sizes=\"auto, (max-width: 1024px) 100vw, 1024px\" \/><\/figure>\n\n\n\n<p>Nuestra ubicaci\u00f3n urbana, que funciona como un campus para estudiantes que viajan diariamente, ofrece numerosas opciones de alojamiento para estudiantes. Decidir el tipo de alojamiento adecuado es fundamental, en especial para aquellos que consideran obtener ayuda financiera. Para ayudar en este proceso de toma de decisi\u00f3n, es importante planificar para asegurar la vivienda e incluir el alquiler mensual como parte del costo total de vida.&nbsp;<\/p>\n\n\n\n<p>Se recomienda a los estudiantes que piensen con detenimiento qu\u00e9 condiciones de alojamiento contribuir\u00e1n mejor a su \u00e9xito en MSU Denver. Para aquellos que consideran quedarse en su casa como una opci\u00f3n viable, esta es ciertamente bienvenida.&nbsp;Para los que est\u00e1n interesados en mudarse, pero no est\u00e1n seguros de d\u00f3nde deben empezar la b\u00fasqueda, les recomendamos explorar las siguientes opciones:&nbsp;<\/p>\n\n\n\n<ul class=\"wp-block-list\">\n<li>Lynx Crossing: es la \u00fanica opci\u00f3n de alojamiento estudiantil tradicional afiliada en el campus. Nuestra vecina Universidad de Colorado en Denver es la propietaria y la que se encarga de su funcionamiento. Los cupos son limitados y se agotan r\u00e1pidamente. El acceso a la solicitud y los planos de planta est\u00e1n en el sitio web.\u202fLos estudiantes deben estar inscritos en cursos para permanecer en Lynx Crossing.&nbsp;<\/li>\n\n\n\n<li>Apartamentos pensados para estudiantes: se ofrecen apartamentos privados a los estudiantes de MSU Denver con contratos de arrendamiento de un a\u00f1o. Las ubicaciones son pr\u00f3ximas a MSU Denver y servicios de transporte. Consulten sobre su disponibilidad con las propiedades.\u202f&nbsp;<\/li>\n\n\n\n<li>Villas-Denver.&nbsp;<\/li>\n\n\n\n<li>Assembly Student Living.&nbsp;<\/li>\n\n\n\n<li>CoLab.&nbsp;<\/li>\n\n\n\n<li>Auraria Student Lofts.&nbsp;<\/li>\n\n\n\n<li>Alojamiento fuera del campus: nuestro alojamiento fuera del campus permite que los estudiantes busquen posibles compa\u00f1eros para compartir la vivienda en el \u00e1rea metropolitana de Denver. Para inscribirse, los estudiantes deben usar su correo electr\u00f3nico de MSU Denver.\u202f&nbsp;<\/li>\n\n\n\n<li>Casas compartidas: como opci\u00f3n m\u00e1s econ\u00f3mica, la organizaci\u00f3n\u202fSunshine Home Share\u202fayuda a personas mayores de 55 a\u00f1os a permanecer en sus casas al encontrar a alguien que busque alojamiento por una tarifa reducida y, de este modo, beneficiarse de forma rec\u00edproca.<\/li>\n<\/ul>\n\n\n\n<h2 class=\"wp-block-heading\"><strong>Pagar por alojamiento&nbsp;<\/strong><\/h2>\n\n\n\n<p>Independientemente de que los estudiantes est\u00e9n pensando en alquilar un apartamento o vivir en Lynx Crossing, deber\u00e1n saber de qu\u00e9 forma tienen pensado pagar su alojamiento y cumplir con los pagos durante el semestre. Si viven en Lynx Crossing, se les facturar\u00e1 de forma semestral mediante su cuenta de estudiante.\u202f&nbsp;<\/p>\n\n\n\n<p>El alquiler de uno de los apartamentos pensados para estudiantes se cobrar\u00e1 de forma mensual mediante el m\u00e9todo de alquiler de preferencia. Los estudiantes pueden usar ayuda financiera y becas para pagar el alquiler. Recibir\u00e1n un reembolso cuando se desembolse la ayuda financiera al principio del semestre. En el costo de vida, deber\u00e1n incluir el costo total del alquiler por el semestre. Los estudiantes necesitar\u00e1n planificar un presupuesto mensual para los pagos. Estas son algunas opciones para planificar sus gastos de alojamiento:\u202f&nbsp;<\/p>\n\n\n\n<ul class=\"wp-block-list\">\n<li>FASFA\/CASFA&nbsp;<\/li>\n\n\n\n<li>Becas&nbsp;<\/li>\n\n\n\n<li>Estudio y trabajo\u202f&nbsp;<\/li>\n\n\n\n<li>Trabajo a tiempo parcial o a tiempo completo&nbsp;<\/li>\n\n\n\n<li>Pr\u00e9stamos estudiantiles&nbsp;<\/li>\n<\/ul>\n\n\n\n<p>Comprendemos que elegir el alojamiento adecuado es una decisi\u00f3n fundamental.&nbsp; A medida que el estudiante emprende la vida universitaria, recuerden planificar con detenimiento, teniendo en cuenta factores como asegurar el alojamiento e incluir el alquiler mensual en el total de su costo de vida.&nbsp;<\/p>\n\n\n<div>\n\t<div class=\"su-note\"  style=\"border-color:#dadadd;border-radius:3px;-moz-border-radius:3px;-webkit-border-radius:3px;\"><div class=\"su-note-inner su-u-clearfix su-u-trim\" style=\"background-color:#f4f4f7;border-color:#ffffff;color:#333333;border-radius:3px;-moz-border-radius:3px;-webkit-border-radius:3px;\">\n<h2>Verificaci\u00f3n de conocimiento<\/h2>\n<p>Pruebe su comprensi\u00f3n del material en esta p\u00e1gina con las preguntas a continuaci\u00f3n. Considere su respuesta a cada pregunta de opci\u00f3n m\u00faltiple, luego haga clic en &#8220;Verificar su respuesta&#8221; debajo de cada pregunta para saber si estaba en lo correcto.<\/p>\n<ol>\n<li>\u00bfCu\u00e1l es la \u00fanica opci\u00f3n de alojamiento estudiantil tradicional afiliada en el campus de MSU Denver?\n<ul>\n<li>Villas-Denver.\u00a0<\/li>\n<li>Assembly Student Living. <\/li>\n<li>Lynx Crossing.<\/li>\n<li>Auraria Student Lofts.<\/li>\n<\/ul>\n<\/li>\n<details class=\"wp-block-details\">\n<summary>Verificar su respuesta<\/summary>\n<p>Feedback on Answer 1<\/p>\n<\/details>\n<\/ol>\n<\/div><\/div>\n\n\n\n<div class=\"wp-block-buttons is-layout-flex wp-block-buttons-is-layout-flex\">\n<div class=\"wp-block-button\"><a class=\"wp-block-button__link wp-element-button\" href=\"https:\/\/sites.msudenver.edu\/familyandsupport1010\/modulo-6\/participacion\/participacion-en-el-campus\/seguridad-en-el-campus\/oportunidades-de-alojamiento-de-msu-denver\/conclusion-del-modulo-6\/\">Siguiente: conclusi\u00f3n del m\u00f3dulo 6<\/a><\/div>\n<\/div>\n","protected":false},"excerpt":{"rendered":"<p>Nuestra ubicaci\u00f3n urbana, que funciona como un campus para estudiantes que viajan diariamente, ofrece numerosas opciones de alojamiento para estudiantes. Decidir el tipo de alojamiento adecuado es fundamental, en especial para aquellos que consideran obtener ayuda financiera. Para ayudar en este proceso de toma de decisi\u00f3n, es importante planificar para asegurar la vivienda e incluir [&hellip;]<\/p>\n","protected":false},"author":905,"featured_media":0,"parent":336,"menu_order":0,"comment_status":"closed","ping_status":"closed","template":"","meta":{"_exactmetrics_skip_tracking":false,"_exactmetrics_sitenote_active":false,"_exactmetrics_sitenote_note":"","_exactmetrics_sitenote_category":0,"footnotes":""},"class_list":["post-337","page","type-page","status-publish","hentry"],"_links":{"self":[{"href":"https:\/\/sites.msudenver.edu\/familyandsupport1010\/wp-json\/wp\/v2\/pages\/337","targetHints":{"allow":["GET"]}}],"collection":[{"href":"https:\/\/sites.msudenver.edu\/familyandsupport1010\/wp-json\/wp\/v2\/pages"}],"about":[{"href":"https:\/\/sites.msudenver.edu\/familyandsupport1010\/wp-json\/wp\/v2\/types\/page"}],"author":[{"embeddable":true,"href":"https:\/\/sites.msudenver.edu\/familyandsupport1010\/wp-json\/wp\/v2\/users\/905"}],"replies":[{"embeddable":true,"href":"https:\/\/sites.msudenver.edu\/familyandsupport1010\/wp-json\/wp\/v2\/comments?post=337"}],"version-history":[{"count":0,"href":"https:\/\/sites.msudenver.edu\/familyandsupport1010\/wp-json\/wp\/v2\/pages\/337\/revisions"}],"up":[{"embeddable":true,"href":"https:\/\/sites.msudenver.edu\/familyandsupport1010\/wp-json\/wp\/v2\/pages\/336"}],"wp:attachment":[{"href":"https:\/\/sites.msudenver.edu\/familyandsupport1010\/wp-json\/wp\/v2\/media?parent=337"}],"curies":[{"name":"wp","href":"https:\/\/api.w.org\/{rel}","templated":true}]}}