{"id":338,"date":"2024-05-30T18:57:25","date_gmt":"2024-05-30T18:57:25","guid":{"rendered":"https:\/\/sites.msudenver.edu\/familyandsupport1010\/?page_id=338"},"modified":"2024-06-06T18:00:39","modified_gmt":"2024-06-06T18:00:39","slug":"conclusion-del-modulo-6","status":"publish","type":"page","link":"https:\/\/sites.msudenver.edu\/familyandsupport1010\/modulo-6\/participacion\/participacion-en-el-campus\/seguridad-en-el-campus\/oportunidades-de-alojamiento-de-msu-denver\/conclusion-del-modulo-6\/","title":{"rendered":"Conclusi\u00f3n del m\u00f3dulo 6"},"content":{"rendered":"\n<figure class=\"wp-block-image size-large\"><img loading=\"lazy\" decoding=\"async\" width=\"1024\" height=\"290\" src=\"http:\/\/sites.msudenver.edu\/familyandsupport1010\/wp-content\/uploads\/sites\/491\/2024\/05\/Open-House_20240224_PS_1600-1024x290.jpg\" alt=\"\" class=\"wp-image-232\" srcset=\"https:\/\/sites.msudenver.edu\/familyandsupport1010\/wp-content\/uploads\/sites\/491\/2024\/05\/Open-House_20240224_PS_1600-1024x290.jpg 1024w, https:\/\/sites.msudenver.edu\/familyandsupport1010\/wp-content\/uploads\/sites\/491\/2024\/05\/Open-House_20240224_PS_1600-300x85.jpg 300w, https:\/\/sites.msudenver.edu\/familyandsupport1010\/wp-content\/uploads\/sites\/491\/2024\/05\/Open-House_20240224_PS_1600-768x218.jpg 768w, https:\/\/sites.msudenver.edu\/familyandsupport1010\/wp-content\/uploads\/sites\/491\/2024\/05\/Open-House_20240224_PS_1600-1536x436.jpg 1536w, https:\/\/sites.msudenver.edu\/familyandsupport1010\/wp-content\/uploads\/sites\/491\/2024\/05\/Open-House_20240224_PS_1600-2048x581.jpg 2048w, https:\/\/sites.msudenver.edu\/familyandsupport1010\/wp-content\/uploads\/sites\/491\/2024\/05\/Open-House_20240224_PS_1600-1200x340.jpg 1200w, https:\/\/sites.msudenver.edu\/familyandsupport1010\/wp-content\/uploads\/sites\/491\/2024\/05\/Open-House_20240224_PS_1600-1980x561.jpg 1980w\" sizes=\"auto, (max-width: 1024px) 100vw, 1024px\" \/><\/figure>\n\n\n\n<p>En este m\u00f3dulo exploramos varios aspectos del compromiso de los estudiantes. Pertenecer al campus implica algo m\u00e1s que asistir a clase y este m\u00f3dulo proporciona recursos e ideas para animar a los estudiantes a encontrar su lugar y sus grupos en el campus. Adem\u00e1s, examinamos algunos de los aspectos f\u00edsicos del campus que hay que tener en cuenta, como el alojamiento y la seguridad del campus.<\/p>\n\n\n\n<figure style=\"float:center\">\n\n<!-- iframe plugin v.6.0 wordpress.org\/plugins\/iframe\/ -->\n<iframe loading=\"lazy\" title=\"Module 1\" src=\"https:\/\/msudenver.qualtrics.com\/jfe\/form\/SV_9t0K9mN68czTL2S\" width=\"100%\" height=\"500\" scrolling=\"yes\" class=\"iframe-class\" frameborder=\"0\"><\/iframe>\n\n\n\n\n<div class=\"wp-block-buttons is-layout-flex wp-block-buttons-is-layout-flex\">\n<div class=\"wp-block-button\"><a class=\"wp-block-button__link wp-element-button\" href=\"https:\/\/sites.msudenver.edu\/familyandsupport1010\/modulo-7\/\">Siguiente: M\u00f3dulo 7<\/a><\/div>\n<\/div>\n","protected":false},"excerpt":{"rendered":"<p>En este m\u00f3dulo exploramos varios aspectos del compromiso de los estudiantes. Pertenecer al campus implica algo m\u00e1s que asistir a clase y este m\u00f3dulo proporciona recursos e ideas para animar a los estudiantes a encontrar su lugar y sus grupos en el campus. Adem\u00e1s, examinamos algunos de los aspectos f\u00edsicos del campus que hay que [&hellip;]<\/p>\n","protected":false},"author":905,"featured_media":0,"parent":337,"menu_order":0,"comment_status":"closed","ping_status":"closed","template":"","meta":{"_exactmetrics_skip_tracking":false,"_exactmetrics_sitenote_active":false,"_exactmetrics_sitenote_note":"","_exactmetrics_sitenote_category":0,"footnotes":""},"class_list":["post-338","page","type-page","status-publish","hentry"],"_links":{"self":[{"href":"https:\/\/sites.msudenver.edu\/familyandsupport1010\/wp-json\/wp\/v2\/pages\/338","targetHints":{"allow":["GET"]}}],"collection":[{"href":"https:\/\/sites.msudenver.edu\/familyandsupport1010\/wp-json\/wp\/v2\/pages"}],"about":[{"href":"https:\/\/sites.msudenver.edu\/familyandsupport1010\/wp-json\/wp\/v2\/types\/page"}],"author":[{"embeddable":true,"href":"https:\/\/sites.msudenver.edu\/familyandsupport1010\/wp-json\/wp\/v2\/users\/905"}],"replies":[{"embeddable":true,"href":"https:\/\/sites.msudenver.edu\/familyandsupport1010\/wp-json\/wp\/v2\/comments?post=338"}],"version-history":[{"count":0,"href":"https:\/\/sites.msudenver.edu\/familyandsupport1010\/wp-json\/wp\/v2\/pages\/338\/revisions"}],"up":[{"embeddable":true,"href":"https:\/\/sites.msudenver.edu\/familyandsupport1010\/wp-json\/wp\/v2\/pages\/337"}],"wp:attachment":[{"href":"https:\/\/sites.msudenver.edu\/familyandsupport1010\/wp-json\/wp\/v2\/media?parent=338"}],"curies":[{"name":"wp","href":"https:\/\/api.w.org\/{rel}","templated":true}]}}