{"id":339,"date":"2024-05-30T19:00:07","date_gmt":"2024-05-30T19:00:07","guid":{"rendered":"https:\/\/sites.msudenver.edu\/familyandsupport1010\/?page_id=339"},"modified":"2024-06-06T17:06:24","modified_gmt":"2024-06-06T17:06:24","slug":"modulo-7","status":"publish","type":"page","link":"https:\/\/sites.msudenver.edu\/familyandsupport1010\/modulo-7\/","title":{"rendered":"M\u00f3dulo 7"},"content":{"rendered":"\n<figure class=\"wp-block-image size-large\"><img loading=\"lazy\" decoding=\"async\" width=\"1024\" height=\"335\" src=\"http:\/\/sites.msudenver.edu\/familyandsupport1010\/wp-content\/uploads\/sites\/491\/2024\/05\/Spring-Update_-0294Alyson-McClaran_01012024-1024x335.jpg\" alt=\"\" class=\"wp-image-234\" srcset=\"https:\/\/sites.msudenver.edu\/familyandsupport1010\/wp-content\/uploads\/sites\/491\/2024\/05\/Spring-Update_-0294Alyson-McClaran_01012024-1024x335.jpg 1024w, https:\/\/sites.msudenver.edu\/familyandsupport1010\/wp-content\/uploads\/sites\/491\/2024\/05\/Spring-Update_-0294Alyson-McClaran_01012024-300x98.jpg 300w, https:\/\/sites.msudenver.edu\/familyandsupport1010\/wp-content\/uploads\/sites\/491\/2024\/05\/Spring-Update_-0294Alyson-McClaran_01012024-768x252.jpg 768w, https:\/\/sites.msudenver.edu\/familyandsupport1010\/wp-content\/uploads\/sites\/491\/2024\/05\/Spring-Update_-0294Alyson-McClaran_01012024-1536x503.jpg 1536w, https:\/\/sites.msudenver.edu\/familyandsupport1010\/wp-content\/uploads\/sites\/491\/2024\/05\/Spring-Update_-0294Alyson-McClaran_01012024-2048x671.jpg 2048w, https:\/\/sites.msudenver.edu\/familyandsupport1010\/wp-content\/uploads\/sites\/491\/2024\/05\/Spring-Update_-0294Alyson-McClaran_01012024-1200x393.jpg 1200w, https:\/\/sites.msudenver.edu\/familyandsupport1010\/wp-content\/uploads\/sites\/491\/2024\/05\/Spring-Update_-0294Alyson-McClaran_01012024-1980x648.jpg 1980w\" sizes=\"auto, (max-width: 1024px) 100vw, 1024px\" \/><\/figure>\n\n\n\n<p>A medida que concluimos el Curso de Familia y Colaboradores de Apoyo 1010, queremos expresarles nuestro m\u00e1s profundo agradecimiento por ser miembros valiosos de la comunidad de MSU Denver. Su apoyo es esencial para el \u00e9xito de nuestros estudiantes, y creemos que su participaci\u00f3n continua enriquecer\u00e1 su trayectoria acad\u00e9mica.&nbsp;<\/p>\n\n\n\n<h2 class=\"wp-block-heading\"><strong>Objetivos de aprendizaje&nbsp;<\/strong><\/h2>\n\n\n\n<ul class=\"wp-block-list\">\n<li>Identificar \u00e1reas de participaci\u00f3n en la Programaci\u00f3n de Familias y Colaboradores de Apoyo (boletines, Facebook, fines de semana en familia).&nbsp;<\/li>\n\n\n\n<li>Analizar oportunidades para participar activamente mediante Relaciones con Exalumnos luego de la graduaci\u00f3n.&nbsp;<\/li>\n<\/ul>\n\n\n\n<div class=\"wp-block-buttons is-layout-flex wp-block-buttons-is-layout-flex\">\n<div class=\"wp-block-button\"><a class=\"wp-block-button__link wp-element-button\" href=\"https:\/\/sites.msudenver.edu\/familyandsupport1010\/modulo-7\/dra-davidson\/\">Siguiente: Dra. Davidson&nbsp;<\/a><\/div>\n<\/div>\n","protected":false},"excerpt":{"rendered":"<p>A medida que concluimos el Curso de Familia y Colaboradores de Apoyo 1010, queremos expresarles nuestro m\u00e1s profundo agradecimiento por ser miembros valiosos de la comunidad de MSU Denver. Su apoyo es esencial para el \u00e9xito de nuestros estudiantes, y creemos que su participaci\u00f3n continua enriquecer\u00e1 su trayectoria acad\u00e9mica.&nbsp; Objetivos de aprendizaje&nbsp;<\/p>\n","protected":false},"author":905,"featured_media":0,"parent":0,"menu_order":0,"comment_status":"closed","ping_status":"closed","template":"","meta":{"_exactmetrics_skip_tracking":false,"_exactmetrics_sitenote_active":false,"_exactmetrics_sitenote_note":"","_exactmetrics_sitenote_category":0,"footnotes":""},"class_list":["post-339","page","type-page","status-publish","hentry"],"_links":{"self":[{"href":"https:\/\/sites.msudenver.edu\/familyandsupport1010\/wp-json\/wp\/v2\/pages\/339","targetHints":{"allow":["GET"]}}],"collection":[{"href":"https:\/\/sites.msudenver.edu\/familyandsupport1010\/wp-json\/wp\/v2\/pages"}],"about":[{"href":"https:\/\/sites.msudenver.edu\/familyandsupport1010\/wp-json\/wp\/v2\/types\/page"}],"author":[{"embeddable":true,"href":"https:\/\/sites.msudenver.edu\/familyandsupport1010\/wp-json\/wp\/v2\/users\/905"}],"replies":[{"embeddable":true,"href":"https:\/\/sites.msudenver.edu\/familyandsupport1010\/wp-json\/wp\/v2\/comments?post=339"}],"version-history":[{"count":0,"href":"https:\/\/sites.msudenver.edu\/familyandsupport1010\/wp-json\/wp\/v2\/pages\/339\/revisions"}],"wp:attachment":[{"href":"https:\/\/sites.msudenver.edu\/familyandsupport1010\/wp-json\/wp\/v2\/media?parent=339"}],"curies":[{"name":"wp","href":"https:\/\/api.w.org\/{rel}","templated":true}]}}