{"id":341,"date":"2024-05-30T19:01:35","date_gmt":"2024-05-30T19:01:35","guid":{"rendered":"https:\/\/sites.msudenver.edu\/familyandsupport1010\/?page_id=341"},"modified":"2024-06-06T17:08:28","modified_gmt":"2024-06-06T17:08:28","slug":"dra-davidson","status":"publish","type":"page","link":"https:\/\/sites.msudenver.edu\/familyandsupport1010\/modulo-7\/dra-davidson\/","title":{"rendered":"Dra. Davidson\u00a0"},"content":{"rendered":"\n<p>La Dra. Janine Davidson, Ph.D., ha sido la presidenta de Metropolitan State University of Denver (MSU Denver) desde 2017. Es l\u00edder de opini\u00f3n reconocida a nivel nacional en ense\u00f1anza superior y en temas como el servicio p\u00fablico, la pol\u00edtica exterior de Estados Unidos y la seguridad nacional.<\/p>\n\n\n\n<p>Como presidenta de la tercera universidad p\u00fablica m\u00e1s grande de Colorado, la Dra. Davidson es una feroz defensora de los 17,000 estudiantes de MSU Denver. Promueve el rol de las universidades p\u00fablicas de preservar el sue\u00f1o americano y ha dado su apoyo incondicional a los beneficiarios del programa de Acci\u00f3n Diferida para los Llegados en la Infancia (DACA, en ingl\u00e9s) as\u00ed como a los estudiantes indocumentados. Adem\u00e1s, prioriza las necesidades de los estudiantes subrepresentados, veteranos militares y de la comunidad estudiantil general.<\/p>\n\n\n\n<figure class=\"wp-block-embed is-type-video is-provider-youtube wp-block-embed-youtube wp-embed-aspect-16-9 wp-has-aspect-ratio\"><div class=\"wp-block-embed__wrapper\">\n<iframe loading=\"lazy\" title=\"President Davidson welcomes MSU Denver parents and families\" width=\"580\" height=\"326\" src=\"https:\/\/www.youtube.com\/embed\/oyN9yhehrT8?feature=oembed\" frameborder=\"0\" allow=\"accelerometer; autoplay; clipboard-write; encrypted-media; gyroscope; picture-in-picture; web-share\" referrerpolicy=\"strict-origin-when-cross-origin\" allowfullscreen><\/iframe>\n<\/div><figcaption class=\"wp-element-caption\">Para los subt\u00edtulos en espa\u00f1ol, haga clic en el icono del engranaje y seleccione \u00abEspa\u00f1ol\u00bb en CC<\/figcaption><\/figure>\n\n\n\n<div class=\"wp-block-buttons is-layout-flex wp-block-buttons-is-layout-flex\">\n<div class=\"wp-block-button\"><a class=\"wp-block-button__link wp-element-button\" href=\"https:\/\/sites.msudenver.edu\/familyandsupport1010\/modulo-7\/dra-davidson\/conclusion\/\">Siguiente: Conclusi\u00f3n&nbsp;<\/a><\/div>\n<\/div>\n","protected":false},"excerpt":{"rendered":"<p>La Dra. Janine Davidson, Ph.D., ha sido la presidenta de Metropolitan State University of Denver (MSU Denver) desde 2017. Es l\u00edder de opini\u00f3n reconocida a nivel nacional en ense\u00f1anza superior y en temas como el servicio p\u00fablico, la pol\u00edtica exterior de Estados Unidos y la seguridad nacional. Como presidenta de la tercera universidad p\u00fablica m\u00e1s [&hellip;]<\/p>\n","protected":false},"author":905,"featured_media":0,"parent":339,"menu_order":0,"comment_status":"closed","ping_status":"closed","template":"","meta":{"_exactmetrics_skip_tracking":false,"_exactmetrics_sitenote_active":false,"_exactmetrics_sitenote_note":"","_exactmetrics_sitenote_category":0,"footnotes":""},"class_list":["post-341","page","type-page","status-publish","hentry"],"_links":{"self":[{"href":"https:\/\/sites.msudenver.edu\/familyandsupport1010\/wp-json\/wp\/v2\/pages\/341","targetHints":{"allow":["GET"]}}],"collection":[{"href":"https:\/\/sites.msudenver.edu\/familyandsupport1010\/wp-json\/wp\/v2\/pages"}],"about":[{"href":"https:\/\/sites.msudenver.edu\/familyandsupport1010\/wp-json\/wp\/v2\/types\/page"}],"author":[{"embeddable":true,"href":"https:\/\/sites.msudenver.edu\/familyandsupport1010\/wp-json\/wp\/v2\/users\/905"}],"replies":[{"embeddable":true,"href":"https:\/\/sites.msudenver.edu\/familyandsupport1010\/wp-json\/wp\/v2\/comments?post=341"}],"version-history":[{"count":0,"href":"https:\/\/sites.msudenver.edu\/familyandsupport1010\/wp-json\/wp\/v2\/pages\/341\/revisions"}],"up":[{"embeddable":true,"href":"https:\/\/sites.msudenver.edu\/familyandsupport1010\/wp-json\/wp\/v2\/pages\/339"}],"wp:attachment":[{"href":"https:\/\/sites.msudenver.edu\/familyandsupport1010\/wp-json\/wp\/v2\/media?parent=341"}],"curies":[{"name":"wp","href":"https:\/\/api.w.org\/{rel}","templated":true}]}}