{"id":342,"date":"2024-05-30T19:07:08","date_gmt":"2024-05-30T19:07:08","guid":{"rendered":"https:\/\/sites.msudenver.edu\/familyandsupport1010\/?page_id=342"},"modified":"2024-06-06T20:24:03","modified_gmt":"2024-06-06T20:24:03","slug":"conclusion","status":"publish","type":"page","link":"https:\/\/sites.msudenver.edu\/familyandsupport1010\/modulo-7\/dra-davidson\/conclusion\/","title":{"rendered":"Conclusi\u00f3n\u00a0"},"content":{"rendered":"\n<figure class=\"wp-block-image size-large\"><img loading=\"lazy\" decoding=\"async\" width=\"1024\" height=\"394\" src=\"http:\/\/sites.msudenver.edu\/familyandsupport1010\/wp-content\/uploads\/sites\/491\/2024\/05\/LatinX_-8714_AM05012024-1024x394.jpg\" alt=\"\" class=\"wp-image-236\" srcset=\"https:\/\/sites.msudenver.edu\/familyandsupport1010\/wp-content\/uploads\/sites\/491\/2024\/05\/LatinX_-8714_AM05012024-1024x394.jpg 1024w, https:\/\/sites.msudenver.edu\/familyandsupport1010\/wp-content\/uploads\/sites\/491\/2024\/05\/LatinX_-8714_AM05012024-300x115.jpg 300w, https:\/\/sites.msudenver.edu\/familyandsupport1010\/wp-content\/uploads\/sites\/491\/2024\/05\/LatinX_-8714_AM05012024-768x295.jpg 768w, https:\/\/sites.msudenver.edu\/familyandsupport1010\/wp-content\/uploads\/sites\/491\/2024\/05\/LatinX_-8714_AM05012024-1536x590.jpg 1536w, https:\/\/sites.msudenver.edu\/familyandsupport1010\/wp-content\/uploads\/sites\/491\/2024\/05\/LatinX_-8714_AM05012024-2048x787.jpg 2048w, https:\/\/sites.msudenver.edu\/familyandsupport1010\/wp-content\/uploads\/sites\/491\/2024\/05\/LatinX_-8714_AM05012024-1200x461.jpg 1200w, https:\/\/sites.msudenver.edu\/familyandsupport1010\/wp-content\/uploads\/sites\/491\/2024\/05\/LatinX_-8714_AM05012024-1980x761.jpg 1980w\" sizes=\"auto, (max-width: 1024px) 100vw, 1024px\" \/><\/figure>\n\n\n\n<h2 class=\"wp-block-heading\"><strong>Seguir participando<\/strong><\/h2>\n\n\n\n<p>Estas son algunas formas en que pueden seguir participando:<\/p>\n\n\n\n<h3 class=\"wp-block-heading\"><strong>Unirse al bolet\u00edn para familiares y colaboradores&nbsp;<\/strong><\/h3>\n\n\n\n<p>Mant\u00e9nganse conectados e informados al suscribirse a nuestro bolet\u00edn mensual. Nuestros boletines fueron creados para mantenerlos informados sobre las noticias del campus, fechas importantes y destacar distintos recursos de MSU Denver. Ya sea eventos del campus, novedades importantes o consejos para apoyar el \u00e9xito del estudiante, nuestro bolet\u00edn es un recurso valioso. Siga este enlace para <a href=\"https:\/\/msudenver.qualtrics.com\/jfe\/form\/SV_6h7B4xuVKPbQ7Xw\" target=\"_blank\" rel=\"noreferrer noopener\">suscribirse al bolet\u00edn <em>Family and Supporters Newsletter<\/em><\/a>.&nbsp;<\/p>\n\n\n\n<h3 class=\"wp-block-heading\"><strong>Seguirnos en Facebook&nbsp;&nbsp;<\/strong><\/h3>\n\n\n\n<p>Sigan nuestra <a href=\"https:\/\/www.facebook.com\/msudenverfamily\/\" target=\"_blank\" rel=\"noreferrer noopener\">p\u00e1gina de Facebook <em>MSU Denver Family and Support<\/em><\/a> para conectarse con otras familias y mantenerse informados sobre novedades universitarias. Esta plataforma interactiva es una excelente forma de participar en la comunidad de MSU Denver, hacer preguntas y recibir informaci\u00f3n oportuna.&nbsp;&nbsp;<\/p>\n\n\n\n<h3 class=\"wp-block-heading\"><strong>Hacer preguntas&nbsp;<\/strong><\/h3>\n\n\n\n<p>Si tienen preguntas o inquietudes, no duden en comunicarse con nuestros dedicados equipos de apoyo. Ya sea que necesiten informaci\u00f3n sobre formaci\u00f3n acad\u00e9mica, la vida en el campus o cualquier otro aspecto de la experiencia del estudiante, estamos aqu\u00ed para ayudarlos. Pueden comunicarse por correo electr\u00f3nico: <a href=\"mailto:familyandsupport@msudenver.edu\" target=\"_blank\" rel=\"noreferrer noopener\">familyandsupport@msudenver<strong>.<\/strong>edu<\/a>.&nbsp;<\/p>\n\n\n\n<h3 class=\"wp-block-heading\"><strong>Asistir al evento de bienvenida en el semestre de oto\u00f1o&nbsp;<\/strong><\/h3>\n\n\n\n<p>El evento de bienvenida marca el comienzo del recorrido de un Roadrunner. Este evento de lanzamiento es el punto inicial del recorrido acad\u00e9mico de cada estudiante, que comienza con la ceremonia de apertura (<a href=\"http:\/\/www.msudenver.edu\/convocation\" target=\"_blank\" rel=\"noreferrer noopener\">Convocation:<\/a> <a href=\"http:\/\/www.msudenver.edu\/convocation\" target=\"_blank\" rel=\"noreferrer noopener\">Roadrunner Rally<\/a>) y finaliza con la ceremonia de graduaci\u00f3n como meta final. En la ceremonia, la presidenta de MSU Denver, Dra. Janine Davidson, y un orador destacado dirigir\u00e1n un mensaje de bienvenida.&nbsp;<\/p>\n\n\n\n<h3 class=\"wp-block-heading\"><strong>Asistir a la Semana de bienvenida&nbsp;<\/strong><\/h3>\n\n\n\n<p><a href=\"http:\/\/www.msudenver.edu\/homecoming\" target=\"_blank\" rel=\"noreferrer noopener\">Homecoming<\/a> es una tradici\u00f3n festiva donde los exalumnos, estudiantes y docentes se re\u00fanen para celebrar a su instituci\u00f3n. Habitualmente, incluye eventos como partidos de f\u00fatbol americano, desfiles, bailes y reuniones que fomentan un sentido de comunidad y nostalgia.<\/p>\n\n\n\n<h3 class=\"wp-block-heading\"><strong>D\u00eda de familia<\/strong><\/h3>\n\n\n\n<p>Este d\u00eda es una oportunidad para que las familias Roadrunners y los colaboradores de apoyo vengan y participen en el campus de MSU Denver. Este d\u00eda estar\u00e1 lleno de eventos y talleres interesantes. Para obtener m\u00e1s informaci\u00f3n, \u00a1mant\u00e9ngase atentos a nuestro bolet\u00edn y la p\u00e1gina de Facebook!&nbsp;<\/p>\n\n\n\n<h3 class=\"wp-block-heading\"><strong>Participar en las Relaciones con Exalumnos de MSU Denver&nbsp;<\/strong><\/h3>\n\n\n\n<p>\u00bfSon exalumnos de MSU Denver? La Oficina de <a href=\"https:\/\/www.msudenver.edu\/alumni\/\" target=\"_blank\" rel=\"noreferrer noopener\">Relaciones con Exalumnos<\/a> (<em>Alumni Relations<\/em>) conecta a m\u00e1s de 105,000 exalumnos entre s\u00ed, con la Universidad y con toda la comunidad de MSU Denver. Al proporcionar beneficios, servicios y oportunidades incre\u00edbles para todos los miembros de nuestra familia de Roadrunners, nos aseguramos de que la experiencia en MSU Denver se extienda mucho m\u00e1s all\u00e1 de la graduaci\u00f3n.&nbsp;<\/p>\n\n\n\n<p>Recuerden, su participaci\u00f3n no solo beneficia al estudiante, sino que enriquece toda la experiencia de MSU Denver. Juntos, podemos crear un entorno de apoyo y enriquecimiento que prepare a los estudiantes para prosperar en el \u00e1mbito acad\u00e9mico y personal.&nbsp;<\/p>\n\n\n\n<p>Les agradecemos por confiarnos la educaci\u00f3n y el bienestar de sus seres queridos. Esperamos con ansias formar una alianza s\u00f3lida con ustedes a medida que trabajemos juntos para moldear un futuro pr\u00f3spero para nuestros estudiantes.&nbsp;<\/p>\n\n\n\n<p>Por favor, rellene esta encuesta final:<\/p>\n\n\n\n<figure style=\"float:center\">\n\n<!-- iframe plugin v.6.0 wordpress.org\/plugins\/iframe\/ -->\n<iframe loading=\"lazy\" title=\"Module 1\" src=\"https:\/\/msudenver.qualtrics.com\/jfe\/form\/SV_dma6f6ijXDMByzI\" width=\"100%\" height=\"500\" scrolling=\"yes\" class=\"iframe-class\" frameborder=\"0\"><\/iframe>\n\n","protected":false},"excerpt":{"rendered":"<p>Seguir participando Estas son algunas formas en que pueden seguir participando: Unirse al bolet\u00edn para familiares y colaboradores&nbsp; Mant\u00e9nganse conectados e informados al suscribirse a nuestro bolet\u00edn mensual. Nuestros boletines fueron creados para mantenerlos informados sobre las noticias del campus, fechas importantes y destacar distintos recursos de MSU Denver. Ya sea eventos del campus, novedades [&hellip;]<\/p>\n","protected":false},"author":905,"featured_media":0,"parent":341,"menu_order":0,"comment_status":"closed","ping_status":"closed","template":"","meta":{"_exactmetrics_skip_tracking":false,"_exactmetrics_sitenote_active":false,"_exactmetrics_sitenote_note":"","_exactmetrics_sitenote_category":0,"footnotes":""},"class_list":["post-342","page","type-page","status-publish","hentry"],"_links":{"self":[{"href":"https:\/\/sites.msudenver.edu\/familyandsupport1010\/wp-json\/wp\/v2\/pages\/342","targetHints":{"allow":["GET"]}}],"collection":[{"href":"https:\/\/sites.msudenver.edu\/familyandsupport1010\/wp-json\/wp\/v2\/pages"}],"about":[{"href":"https:\/\/sites.msudenver.edu\/familyandsupport1010\/wp-json\/wp\/v2\/types\/page"}],"author":[{"embeddable":true,"href":"https:\/\/sites.msudenver.edu\/familyandsupport1010\/wp-json\/wp\/v2\/users\/905"}],"replies":[{"embeddable":true,"href":"https:\/\/sites.msudenver.edu\/familyandsupport1010\/wp-json\/wp\/v2\/comments?post=342"}],"version-history":[{"count":0,"href":"https:\/\/sites.msudenver.edu\/familyandsupport1010\/wp-json\/wp\/v2\/pages\/342\/revisions"}],"up":[{"embeddable":true,"href":"https:\/\/sites.msudenver.edu\/familyandsupport1010\/wp-json\/wp\/v2\/pages\/341"}],"wp:attachment":[{"href":"https:\/\/sites.msudenver.edu\/familyandsupport1010\/wp-json\/wp\/v2\/media?parent=342"}],"curies":[{"name":"wp","href":"https:\/\/api.w.org\/{rel}","templated":true}]}}