{"id":87,"date":"2022-09-19T22:14:15","date_gmt":"2022-09-19T22:14:15","guid":{"rendered":"https:\/\/sites.msudenver.edu\/languageandculture\/?page_id=87"},"modified":"2022-09-19T22:14:29","modified_gmt":"2022-09-19T22:14:29","slug":"un-accueil-un-peu-ambigu","status":"publish","type":"page","link":"https:\/\/sites.msudenver.edu\/languageandculture\/journal-de-rencontres\/un-accueil-un-peu-ambigu\/","title":{"rendered":"Un accueil un peu &#8230; ambigu"},"content":{"rendered":"<p>Dans le livre <em>Exploring Everyday Life<\/em>, le chapitre 6 propose des strat\u00e9gies pour \u00e9crire une ethnographie de l&#8217;atmosph\u00e8re d&#8217;un lieu &#8211; l&#8217;intangible dans une exp\u00e9rience.\u00a0 Si j&#8217;avais lu &#8220;Catching a mood&#8221; avant cette rencontre, j&#8217;aurais peut-\u00eatre \u00e9t\u00e9 plus consciente de ce qui se passait autout de moi.\u00a0 Visiblement je n&#8217;avais pas compris la nature exacte de cette visite.<\/p>\n<p>Au d\u00e9part, ce fut la visite normale d&#8217;un beau mus\u00e9e priv\u00e9.\u00a0 Notre h\u00f4te m\u2019a demand\u00e9 de lui servir d&#8217;interpr\u00e8te, ce que j\u2019ai fait volontiers.\u00a0 Je voulais lui rendre service pour le <a href=\"http:\/\/sites.msudenver.edu\/languageandculture\/wp-content\/uploads\/sites\/485\/2022\/09\/053115Rabat-14.jpg\"><img loading=\"lazy\" decoding=\"async\" class=\"wp-image-652 alignright\" src=\"http:\/\/sites.msudenver.edu\/languageandculture\/wp-content\/uploads\/sites\/485\/2022\/09\/053115Rabat-14.jpg\" alt=\"053115Rabat - 14\" width=\"181\" height=\"253\" \/><\/a>remercier d\u2019avoir ouvert si gentiment ce lieu pour nous.<\/p>\n<p>Nous avons visit\u00e9 les collections, magnifiques, et notre h\u00f4te nous a expliqu\u00e9 l&#8217;origine de maints objets de grande valeur et aussi l&#8217;importance ce certaines maquettes en bois qu&#8217;il avait faites pour de grands travaux architecturaux partout dans le monde.<\/p>\n<p><a href=\"http:\/\/sites.msudenver.edu\/languageandculture\/wp-content\/uploads\/sites\/485\/2022\/09\/053115Rabat-30-scaled.jpg\"><img loading=\"lazy\" decoding=\"async\" class=\" wp-image-651\" src=\"http:\/\/sites.msudenver.edu\/languageandculture\/wp-content\/uploads\/sites\/485\/2022\/09\/053115Rabat-30-scaled.jpg\" alt=\"dans un mus\u00e9e priv\u00e9\" width=\"167\" height=\"125\" \/><\/a><\/p>\n<p>&nbsp;<\/p>\n<p>Il nous a r\u00e9gal\u00e9s avec des descriptions d\u00e9taill\u00e9es des photos de lui et de maintes personnalit\u00e9s, des dipl\u00f4mes d&#8217;augustes membres de sa famille et des objets d&#8217;une grande valeur mon\u00e9taire et historique. Vers la fin de la visite,\u00a0 notre h\u00f4te nous a discr\u00e8tement montr\u00e9 quelques bijoux que &#8220;l&#8217;on m&#8217;avait donn\u00e9s \u00e0 vendre si par hasard j&#8217;avais l&#8217;occasion, vous sav<a href=\"http:\/\/sites.msudenver.edu\/languageandculture\/wp-content\/uploads\/sites\/485\/2022\/09\/MuseCC81e-photo-heideman.jpg\"><img loading=\"lazy\" decoding=\"async\" class=\"wp-image-761 alignleft\" src=\"http:\/\/sites.msudenver.edu\/languageandculture\/wp-content\/uploads\/sites\/485\/2022\/09\/MuseCC81e-photo-heideman.jpg\" alt=\"Muse\u0301e photo heideman\" width=\"314\" height=\"177\" \/><\/a>ez, il y a de grandes familes marocaines qui ont malheureusement perdu leur fortune&#8221;\u00a0 &#8211; par exemple des\u00a0 colliers \u00e0 2 000 &#8230;dihrams?\u00a0 Euh, non, Madame, les prix sont en euros&#8230; \u00a0\u00a0 Et puis un coll\u00e8gue qui aurait voulu acheter une m\u00e9norah ou une mezouza &#8211; il y en avait dans une vitine.\u00a0 &#8220;Oui, monsieur, tout est \u00e0 vendre&#8221; &#8230; un peu trop cher, \u00e7a aussi.<\/p>\n<p>Ensuite, nous avons \u00e9t\u00e9 accueillis\u00a0 dans les appartements de notre h\u00f4te et de sa famille. Nous nous sommes d\u00e9chauss\u00e9s, comme il se doit, et nous avons appr\u00e9ci\u00e9 l&#8217;occasion de voir &#8220;un vrai int\u00e9rieur marocain&#8221;. Quelle chance, cette invitation dans un lieu priv\u00e9 o\u00f9 le th\u00e9 et des p\u00e2tisseries marocaines nous attendaient. Quel plaisir, cette hospitalit\u00e9 marocaine!\u00a0 Sa femme nous a servi du th\u00e9, son jeune fils est venu discuter avec moi. Nous avons m\u00eame \u00e9chang\u00e9 des adresses m\u00e9l au cas o\u00f9 son fil voudrait trouver un <a href=\"http:\/\/sites.msudenver.edu\/languageandculture\/wp-content\/uploads\/sites\/485\/2022\/09\/053115Rabat-38-scaled.jpg\"><img loading=\"lazy\" decoding=\"async\" class=\"wp-image-646 alignright\" src=\"http:\/\/sites.msudenver.edu\/languageandculture\/wp-content\/uploads\/sites\/485\/2022\/09\/053115Rabat-38-scaled.jpg\" alt=\"053115Rabat - 38\" width=\"371\" height=\"278\" \/><\/a>correspondant am\u00e9ricain.\u00a0 J&#8217;ai sign\u00e9 le livre d&#8217;or, &#8220;Grand merci pour ce chaleureux accueil.&#8221; Au moment de remonter dans le car, notre h\u00f4te a demand\u00e9, par l&#8217;interm\u00e9diaire de notre guide, que chacun paie l\u2019entr\u00e9e au mus\u00e9e de 100 dh. Peu de chose, 10 dollars, mais qui ont quelque peu g\u00e2ch\u00e9 mon souvenir de ce &#8220;chaleureux\u00a0 accueil&#8221;.<\/p>\n<p>&nbsp;<\/p>\n<p>&nbsp;<\/p>\n","protected":false},"excerpt":{"rendered":"<p>Dans le livre Exploring Everyday Life, le chapitre 6 propose des strat\u00e9gies pour \u00e9crire une ethnographie de l&#8217;atmosph\u00e8re d&#8217;un lieu &#8211; l&#8217;intangible dans une exp\u00e9rience.\u00a0 Si j&#8217;avais lu &#8220;Catching a mood&#8221; avant cette rencontre, j&#8217;aurais peut-\u00eatre \u00e9t\u00e9 plus consciente de ce qui se passait autout de moi.\u00a0 Visiblement je n&#8217;avais pas compris la nature exacte &hellip; <a href=\"https:\/\/sites.msudenver.edu\/languageandculture\/journal-de-rencontres\/un-accueil-un-peu-ambigu\/\" class=\"more-link\">Continue reading <span class=\"screen-reader-text\">Un accueil un peu &#8230; ambigu<\/span> <span class=\"meta-nav\">&rarr;<\/span><\/a><\/p>\n","protected":false},"author":873,"featured_media":0,"parent":49,"menu_order":5,"comment_status":"closed","ping_status":"closed","template":"","meta":{"_exactmetrics_skip_tracking":false,"_exactmetrics_sitenote_active":false,"_exactmetrics_sitenote_note":"","_exactmetrics_sitenote_category":0,"footnotes":""},"class_list":["post-87","page","type-page","status-publish","hentry"],"_links":{"self":[{"href":"https:\/\/sites.msudenver.edu\/languageandculture\/wp-json\/wp\/v2\/pages\/87","targetHints":{"allow":["GET"]}}],"collection":[{"href":"https:\/\/sites.msudenver.edu\/languageandculture\/wp-json\/wp\/v2\/pages"}],"about":[{"href":"https:\/\/sites.msudenver.edu\/languageandculture\/wp-json\/wp\/v2\/types\/page"}],"author":[{"embeddable":true,"href":"https:\/\/sites.msudenver.edu\/languageandculture\/wp-json\/wp\/v2\/users\/873"}],"replies":[{"embeddable":true,"href":"https:\/\/sites.msudenver.edu\/languageandculture\/wp-json\/wp\/v2\/comments?post=87"}],"version-history":[{"count":0,"href":"https:\/\/sites.msudenver.edu\/languageandculture\/wp-json\/wp\/v2\/pages\/87\/revisions"}],"up":[{"embeddable":true,"href":"https:\/\/sites.msudenver.edu\/languageandculture\/wp-json\/wp\/v2\/pages\/49"}],"wp:attachment":[{"href":"https:\/\/sites.msudenver.edu\/languageandculture\/wp-json\/wp\/v2\/media?parent=87"}],"curies":[{"name":"wp","href":"https:\/\/api.w.org\/{rel}","templated":true}]}}