{"id":110,"date":"2023-12-12T15:49:56","date_gmt":"2023-12-12T21:49:56","guid":{"rendered":"https:\/\/sites.msudenver.edu\/proyectochorti\/?page_id=110"},"modified":"2024-03-18T15:16:54","modified_gmt":"2024-03-18T21:16:54","slug":"grafica-fonetica","status":"publish","type":"page","link":"https:\/\/sites.msudenver.edu\/proyectochorti\/grafica-fonetica\/","title":{"rendered":"La gr\u00e1fica fon\u00e9tica de ch&#8217;orti&#8217;"},"content":{"rendered":"<div class='dropshadowboxes-container ' style='width:auto;'>\r\n                            <div class='dropshadowboxes-drop-shadow dropshadowboxes-rounded-corners dropshadowboxes-inside-and-outside-shadow dropshadowboxes-lifted-both dropshadowboxes-effect-default' style=' border: 1px solid #ff0c32; height:; background-color:#F6D8A8;    '>\r\n                            \n<h5>Las consonantes de ch&#8217;orti&#8217;<\/h5>\n<p><span style=\"font-size: 16pt\">Las consonantes en las celdas no sombreadas (las columnas a la izquierda) son consonantes pulmonares. Las consonantes en las celdas sombreadas (las columnas a la derecha) son consonantes eyectivas.<\/span><\/p>\n<table style=\"border: 2px solid black;border-collapse: collapse;width: 100%;height: 100px\">\n<tr style=\"width: 100%;height: 24px\">\n<th style=\"border-style: solid;text-align: center;height: 24px\" scope=\"col\">&nbsp;<\/th>\n<th style=\"border-style: solid;text-align: center;height: 24px\" scope=\"col\" colspan=\"2\">Bilabial<\/th>\n<th style=\"border-style: solid;text-align: center;height: 24px\" scope=\"col\" colspan=\"2\">Alveolar<\/th>\n<th style=\"border-style: solid;text-align: center;height: 24px\" scope=\"col\" colspan=\"2\">Palatal<\/th>\n<th style=\"border-style: solid;text-align: center;height: 24px\" scope=\"col\" colspan=\"2\">Velar<\/th>\n<th style=\"border-style: solid;text-align: center;height: 24px\" scope=\"col\" colspan=\"2\">Uvular<\/th>\n<th style=\"border-style: solid;text-align: center;height: 24px\" scope=\"col\" colspan=\"2\">Glotal<\/th>\n<\/tr>\n<tr>\n<th style=\"border-style: solid;text-align: center\" scope=\"row\">Oclusiva<\/th>\n<td style=\"border-style: solid;text-align: center\"><b>p<\/b><\/td>\n<td style=\"border-style: solid;text-align: center;background-color: #dbb575\"><b>b<\/b> [\u0253, p&#8217;]<\/td>\n<td style=\"border-style: solid;text-align: center\"><b>t<\/b><\/td>\n<td style=\"border-style: solid;text-align: center;background-color: #dbb575\"><b>t&#8217;<\/b><\/td>\n<td style=\"border-style: solid;text-align: center\">&nbsp;<\/td>\n<td style=\"border-style: solid;text-align: center;background-color: #dbb575\">&nbsp;<\/td>\n<td style=\"border-style: solid;text-align: center\"><b>k<\/b><\/td>\n<td style=\"border-style: solid;text-align: center;background-color: #dbb575\"><b>k&#8217;<\/b><\/td>\n<td style=\"border-style: solid;text-align: center\">&nbsp;<\/td>\n<td style=\"border-style: solid;text-align: center;background-color: #dbb575\">&nbsp;<\/td>\n<td style=\"border-style: solid;text-align: center\"><b>&#8216;<\/b> [\u0294]<\/td>\n<td style=\"border-style: solid;text-align: center;background-color: #dbb575\">&nbsp;<\/td>\n<\/tr>\n<tr>\n<th style=\"border-style: solid;text-align: center\" scope=\"row\">Africada<\/th>\n<td style=\"border-style: solid;text-align: center\">&nbsp;<\/td>\n<td style=\"border-style: solid;text-align: center;background-color: #dbb575\">&nbsp;<\/td>\n<td style=\"border-style: solid;text-align: center\"><b>tz<\/b> [ts\u02b0]<\/td>\n<td style=\"border-style: solid;text-align: center;background-color: #dbb575\"><b>tz&#8217;<\/b> [ts&#8217;]<\/td>\n<td style=\"border-style: solid;text-align: center\"><b>ch<\/b> [t\u0283\u02b0]<\/td>\n<td style=\"border-style: solid;text-align: center;background-color: #dbb575\"><b>ch&#8217;<\/b> [t\u0283&#8217;]<\/td>\n<td style=\"border-style: solid;text-align: center\">&nbsp;<\/td>\n<td style=\"border-style: solid;text-align: center;background-color: #dbb575\">&nbsp;<\/td>\n<td style=\"border-style: solid;text-align: center\">&nbsp;<\/td>\n<td style=\"border-style: solid;text-align: center;background-color: #dbb575\">&nbsp;<\/td>\n<td style=\"border-style: solid;text-align: center\">&nbsp;<\/td>\n<td style=\"border-style: solid;text-align: center;background-color: #dbb575\">&nbsp;<\/td>\n<\/tr>\n<tr>\n<th style=\"border-style: solid;text-align: center\" scope=\"row\">Fricativa<\/th>\n<td style=\"border-style: solid;text-align: center\">&nbsp;<\/td>\n<td style=\"border-style: solid;text-align: center;background-color: #dbb575\">&nbsp;<\/td>\n<td style=\"border-style: solid;text-align: center\"><b>s<\/b><\/td>\n<td style=\"border-style: solid;text-align: center;background-color: #dbb575\">&nbsp;<\/td>\n<td style=\"border-style: solid;text-align: center\"><b>x<\/b> [\u0283]<\/td>\n<td style=\"border-style: solid;text-align: center;background-color: #dbb575\">&nbsp;<\/td>\n<td style=\"border-style: solid;text-align: center\">&nbsp;<\/td>\n<td style=\"border-style: solid;text-align: center;background-color: #dbb575\">&nbsp;<\/td>\n<td style=\"border-style: solid;text-align: center\"><b>j<\/b> [\u03c7], [h]<\/td>\n<td style=\"border-style: solid;text-align: center;background-color: #dbb575\">&nbsp;<\/td>\n<td style=\"border-style: solid;text-align: center\">&nbsp;<\/td>\n<td style=\"border-style: solid;text-align: center;background-color: #dbb575\">&nbsp;<\/td>\n<\/tr>\n<tr>\n<th style=\"border-style: solid;text-align: center\" scope=\"row\">Nasal<\/th>\n<td style=\"border-style: solid;text-align: center\"><b>m<\/b><\/td>\n<td style=\"border-style: solid;text-align: center;background-color: #dbb575\">&nbsp;<\/td>\n<td style=\"border-style: solid;text-align: center\"><b>n<\/b> [n], [\u014b]<\/td>\n<td style=\"border-style: solid;text-align: center;background-color: #dbb575\">&nbsp;<\/td>\n<td style=\"border-style: solid;text-align: center\">&nbsp;<\/td>\n<td style=\"border-style: solid;text-align: center;background-color: #dbb575\">&nbsp;<\/td>\n<td style=\"border-style: solid;text-align: center\">&nbsp;<\/td>\n<td style=\"border-style: solid;text-align: center;background-color: #dbb575\">&nbsp;<\/td>\n<td style=\"border-style: solid;text-align: center\">&nbsp;<\/td>\n<td style=\"border-style: solid;text-align: center;background-color: #dbb575\">&nbsp;<\/td>\n<td style=\"border-style: solid;text-align: center\">&nbsp;<\/td>\n<td style=\"border-style: solid;text-align: center;background-color: #dbb575\">&nbsp;<\/td>\n<\/tr>\n<tr>\n<th style=\"border-style: solid;text-align: center\" scope=\"row\">L\u00edquida<\/th>\n<td style=\"border-style: solid;text-align: center\">&nbsp;<\/td>\n<td style=\"border-style: solid;text-align: center;background-color: #dbb575\">&nbsp;<\/td>\n<td style=\"border-style: solid;text-align: center\"><b>l, r<\/b><\/td>\n<td style=\"border-style: solid;text-align: center;background-color: #dbb575\">&nbsp;<\/td>\n<td style=\"border-style: solid;text-align: center\">&nbsp;<\/td>\n<td style=\"border-style: solid;text-align: center;background-color: #dbb575\">&nbsp;<\/td>\n<td style=\"border-style: solid;text-align: center\">&nbsp;<\/td>\n<td style=\"border-style: solid;text-align: center;background-color: #dbb575\">&nbsp;<\/td>\n<td style=\"border-style: solid;text-align: center\">&nbsp;<\/td>\n<td style=\"border-style: solid;text-align: center;background-color: #dbb575\">&nbsp;<\/td>\n<td style=\"border-style: solid;text-align: center\">&nbsp;<\/td>\n<td style=\"border-style: solid;text-align: center;background-color: #dbb575\">&nbsp;<\/td>\n<\/tr>\n<tr>\n<th style=\"border-style: solid;text-align: center\" scope=\"row\">Aproximante<\/th>\n<td style=\"border-style: solid;text-align: center\">&nbsp;<\/td>\n<td style=\"border-style: solid;text-align: center;background-color: #dbb575\">&nbsp;<\/td>\n<td style=\"border-style: solid;text-align: center\">&nbsp;<\/td>\n<td style=\"border-style: solid;text-align: center;background-color: #dbb575\">&nbsp;<\/td>\n<td style=\"border-style: solid;text-align: center\"><b>y<\/b> [j]<\/td>\n<td style=\"border-style: solid;text-align: center;background-color: #dbb575\">&nbsp;<\/td>\n<td style=\"border-style: solid;text-align: center\"><b>w<\/b><\/td>\n<td style=\"border-style: solid;text-align: center;background-color: #dbb575\">&nbsp;<\/td>\n<td style=\"border-style: solid;text-align: center\">&nbsp;<\/td>\n<td style=\"border-style: solid;text-align: center;background-color: #dbb575\">&nbsp;<\/td>\n<td style=\"border-style: solid;text-align: center\">&nbsp;<\/td>\n<td style=\"border-style: solid;text-align: center;background-color: #dbb575\">&nbsp;<\/td>\n<\/tr>\n<\/table>\n<p><span style=\"font-size: 12pt\">Las letras entre corchetes representan el s\u00edmbolo fon\u00e9tico (si es diferente de la ortograf\u00eda)<\/span><br \/>\n&nbsp;<\/p>\n<h5>El tri\u00e1ngulo voc\u00e1lico de ch&#8217;orti&#8217;<\/h5>\n<table style=\"border: 2px solid black;border-collapse: collapse;width: 200px;height: 96px\">\n<tbody>\n<tr style=\"width: 25%;height: 24px\">\n<th style=\"border-style: solid;text-align: center;height: 24px\">Disposici\u00f3n<\/th>\n<th style=\"border-style: solid;text-align: center;height: 24px\">Anteriores-palatales<\/th>\n<th style=\"border-style: solid;text-align: center;height: 24px\">Central-faringal<\/th>\n<th style=\"border-style: solid;text-align: center;height: 24px\">Posterioes-velares<\/th>\n<\/tr>\n<tr style=\"width: 25%;height: 24px\">\n<th style=\"border-style: solid;text-align: center;height: 24px\">Cerradas-altas<\/th>\n<td style=\"border-style: solid;text-align: center;height: 24px\"><b>i<\/b><\/td>\n<td style=\"border-style: solid;text-align: center;height: 24px\">&nbsp;<\/td>\n<td style=\"border-style: solid;text-align: center;height: 24px\"><b>u<\/b><\/td>\n<\/tr>\n<tr style=\"width: 25%;height: 24px\">\n<th style=\"border-style: solid;text-align: center;height: 24px\">Medias<\/th>\n<td style=\"border-style: solid;text-align: center;height: 24px\"><b>e<\/b> [\u03b5]<\/td>\n<td style=\"border-style: solid;text-align: center;height: 24px\">&nbsp;<\/td>\n<td style=\"border-style: solid;text-align: center;height: 24px\"><b>o<\/b><\/td>\n<\/tr>\n<tr style=\"width: 25%;height: 24px\">\n<th style=\"border-style: solid;text-align: center;height: 24px\">Abiertas-bajas<\/th>\n<td style=\"border-style: solid;text-align: center;height: 24px\">&nbsp;<\/td>\n<td style=\"border-style: solid;text-align: center;height: 24px\"><b>a<\/b><\/td>\n<td style=\"border-style: solid;text-align: center;height: 24px\">&nbsp;<\/td>\n<\/tr>\n<\/tbody>\n<\/table>\n<p><span style=\"font-size: 12pt\">Las letras entre corchetes representan el s\u00edmbolo fon\u00e9tico (si es diferente de la ortograf\u00eda)<\/span><br \/>\n\r\n                            <\/div>\r\n                        <\/div>\n","protected":false},"excerpt":{"rendered":"","protected":false},"author":889,"featured_media":0,"parent":0,"menu_order":0,"comment_status":"closed","ping_status":"closed","template":"","meta":{"_exactmetrics_skip_tracking":false,"_exactmetrics_sitenote_active":false,"_exactmetrics_sitenote_note":"","_exactmetrics_sitenote_category":0,"neve_meta_sidebar":"","neve_meta_container":"","neve_meta_enable_content_width":"off","neve_meta_content_width":100,"neve_meta_title_alignment":"","neve_meta_author_avatar":"","neve_post_elements_order":"","neve_meta_disable_header":"","neve_meta_disable_footer":"","neve_meta_disable_title":"","footnotes":""},"class_list":["post-110","page","type-page","status-publish","hentry"],"_links":{"self":[{"href":"https:\/\/sites.msudenver.edu\/proyectochorti\/wp-json\/wp\/v2\/pages\/110","targetHints":{"allow":["GET"]}}],"collection":[{"href":"https:\/\/sites.msudenver.edu\/proyectochorti\/wp-json\/wp\/v2\/pages"}],"about":[{"href":"https:\/\/sites.msudenver.edu\/proyectochorti\/wp-json\/wp\/v2\/types\/page"}],"author":[{"embeddable":true,"href":"https:\/\/sites.msudenver.edu\/proyectochorti\/wp-json\/wp\/v2\/users\/889"}],"replies":[{"embeddable":true,"href":"https:\/\/sites.msudenver.edu\/proyectochorti\/wp-json\/wp\/v2\/comments?post=110"}],"version-history":[{"count":0,"href":"https:\/\/sites.msudenver.edu\/proyectochorti\/wp-json\/wp\/v2\/pages\/110\/revisions"}],"wp:attachment":[{"href":"https:\/\/sites.msudenver.edu\/proyectochorti\/wp-json\/wp\/v2\/media?parent=110"}],"curies":[{"name":"wp","href":"https:\/\/api.w.org\/{rel}","templated":true}]}}